{"id":1842,"date":"2026-01-14T16:40:24","date_gmt":"2026-01-14T16:40:24","guid":{"rendered":"https:\/\/fidovet-na.com\/?page_id=1842"},"modified":"2026-01-29T15:16:18","modified_gmt":"2026-01-29T15:16:18","slug":"international-presence","status":"publish","type":"page","link":"https:\/\/fidovetnorthamerica.com\/fr\/international-presence\/","title":{"rendered":"Pr\u00e9sence internationale"},"content":{"rendered":"<div class=\"wpb-content-wrapper\"><p>[vc_row][vc_column][vc_column_text css=\u00a0\u00bb\u00a0\u00bb]<\/p>\r\n<p>La dimension internationale de Fidovet va bien au-del\u00e0 de la distribution mondiale de ses produits. L\u2019entreprise se distingue comme un projet v\u00e9ritablement unique sur la sc\u00e8ne internationale, en associant harmonieusement l\u2019excellence du Made in Italy, l\u2019innovation continue et une vision globale sans \u00e9quivalent dans l\u2019industrie du pet food.<\/p>\r\n\r\n<p>L\u2019un des principaux \u00e9l\u00e9ments distinctifs de Fidovet r\u00e9side dans sa structure actionnariale internationale : un groupe soigneusement s\u00e9lectionn\u00e9 de professionnels disposant d\u2019une expertise approfondie dans les secteurs du Pet Food et du Pet Care, unis par des valeurs fortes et un esprit entrepreneurial affirm\u00e9. Cette diversit\u00e9 de parcours et d\u2019exp\u00e9riences constitue un atout strat\u00e9gique non seulement pour l\u2019entreprise, mais aussi pour l\u2019ensemble de l\u2019\u00e9cosyst\u00e8me Fidovet. Les actionnaires contribuent activement \u00e0 la croissance du projet en apportant des orientations strat\u00e9giques et des analyses issues de perspectives d\u00e9velopp\u00e9es sur diff\u00e9rents march\u00e9s internationaux.<\/p>\r\n\r\n<p>L\u2019unicit\u00e9 de Fidovet est \u00e9galement renforc\u00e9e par son portefeuille de produits et ses formules brevet\u00e9es, parmi lesquelles se distingue la glace embl\u00e9matique pour animaux. Ce produit, ancr\u00e9 dans le savoir-faire italien et fond\u00e9 sur une recette exclusive brevet\u00e9e, est devenu un v\u00e9ritable ambassadeur de la marque \u00e0 l\u2019\u00e9chelle mondiale. Son succ\u00e8s international se refl\u00e8te dans l\u2019enthousiasme qu\u2019il suscite aupr\u00e8s des distributeurs, des professionnels du secteur et \u2014 surtout \u2014 des chiens dans de nombreux pays. De l\u2019Europe au Moyen-Orient, de l\u2019Asie aux Am\u00e9riques, la glace Fidovet s\u2019est impos\u00e9e comme un ph\u00e9nom\u00e8ne mondial, largement per\u00e7ue comme une innovation irr\u00e9sistible alliant go\u00fbt, qualit\u00e9 et bien-\u00eatre animal.<\/p>\r\n\r\n<p><img loading=\"lazy\" decoding=\"async\" class=\"alignleft wp-image-2205\" src=\"https:\/\/fidovet-na.com\/wp-content\/uploads\/2026\/01\/fidovet-gelato-international.png\" alt=\"\" width=\"700\" height=\"310\" srcset=\"https:\/\/fidovetnorthamerica.com\/wp-content\/uploads\/2026\/01\/fidovet-gelato-international.png 691w, https:\/\/fidovetnorthamerica.com\/wp-content\/uploads\/2026\/01\/fidovet-gelato-international-300x133.png 300w, https:\/\/fidovetnorthamerica.com\/wp-content\/uploads\/2026\/01\/fidovet-gelato-international-600x266.png 600w\" sizes=\"auto, (max-width: 700px) 100vw, 700px\" \/><\/p>\r\n<p>Au c\u0153ur du projet se trouve une vision et une mission Made in Italy claires et authentiques. L\u2019Italie est reconnue dans le monde entier comme une r\u00e9f\u00e9rence en mati\u00e8re de qualit\u00e9, de savoir-faire artisanal et de culture alimentaire, et Fidovet incarne pleinement ces valeurs en apportant \u00e0 la nutrition animale le m\u00eame soin et la m\u00eame excellence que ceux associ\u00e9s \u00e0 la gastronomie italienne. Cette authenticit\u00e9, perceptible dans chaque produit, constitue l\u2019une des principales raisons de la forte appr\u00e9ciation de Fidovet sur les march\u00e9s internationaux, o\u00f9 le Made in Italy demeure synonyme de confiance, de style et d\u2019expertise.<\/p>\r\n\r\n<p>L\u2019ADN de l\u2019entreprise est r\u00e9solument tourn\u00e9 vers l\u2019avenir. Port\u00e9e par l\u2019engagement fort des fondateurs en faveur de l\u2019innovation, Fidovet investit continuellement dans la recherche et le d\u00e9veloppement, en cr\u00e9ant des produits originaux et des technologies de pointe capables d\u2019anticiper les tendances du march\u00e9 et de red\u00e9finir les standards du pet food premium. La combinaison d\u2019une vision globale, de la qualit\u00e9 italienne, de la recherche scientifique et de brevets exclusifs fait de Fidovet un acteur v\u00e9ritablement unique sur la sc\u00e8ne internationale, de plus en plus appr\u00e9ci\u00e9 par les consommateurs et les professionnels du monde entier.<\/p>\r\n\r\n<p><img loading=\"lazy\" decoding=\"async\" class=\"alignnone size-full wp-image-2206\" src=\"https:\/\/fidovet-na.com\/wp-content\/uploads\/2026\/01\/presenza-internazionale-1.png\" alt=\"\" width=\"1791\" height=\"877\" srcset=\"https:\/\/fidovetnorthamerica.com\/wp-content\/uploads\/2026\/01\/presenza-internazionale-1.png 1791w, https:\/\/fidovetnorthamerica.com\/wp-content\/uploads\/2026\/01\/presenza-internazionale-1-300x147.png 300w, https:\/\/fidovetnorthamerica.com\/wp-content\/uploads\/2026\/01\/presenza-internazionale-1-1024x501.png 1024w, https:\/\/fidovetnorthamerica.com\/wp-content\/uploads\/2026\/01\/presenza-internazionale-1-768x376.png 768w, https:\/\/fidovetnorthamerica.com\/wp-content\/uploads\/2026\/01\/presenza-internazionale-1-1536x752.png 1536w, https:\/\/fidovetnorthamerica.com\/wp-content\/uploads\/2026\/01\/presenza-internazionale-1-600x294.png 600w\" sizes=\"auto, (max-width: 1791px) 100vw, 1791px\" \/><\/p>\r\n<p>Aujourd\u2019hui, Fidovet est pr\u00e9sent dans de nombreux pays, refl\u00e9tant la forte vocation internationale de la marque et la reconnaissance croissante de ses produits Made in Italy. Son r\u00e9seau de distribution couvre une grande partie de l\u2019Europe, notamment la Su\u00e8de, la Finlande, le Danemark, la Pologne, la R\u00e9publique tch\u00e8que, la Slovaquie, la Hongrie, la Croatie, la Slov\u00e9nie, la Serbie, l\u2019Ukraine, la Gr\u00e8ce, l\u2019Autriche, la Belgique, l\u2019Espagne (y compris les \u00eeles Canaries), la France, l\u2019Allemagne, la Bulgarie et Malte, et s\u2019\u00e9tend \u00e0 des march\u00e9s cl\u00e9s du Moyen-Orient tels que le Qatar et le Liban.<\/p>\r\n\r\n<p>La marque est \u00e9galement solidement implant\u00e9e en Asie, avec une pr\u00e9sence significative \u00e0 Hong Kong, \u00e0 Ta\u00efwan, au Japon, aux Philippines et en Tha\u00eflande, ainsi que dans plusieurs pays africains, notamment la Tunisie, le Mozambique et la C\u00f4te d\u2019Ivoire. Sur le continent am\u00e9ricain, Fidovet poursuit son expansion gr\u00e2ce \u00e0 des partenariats actifs au Canada et en \u00c9quateur.<\/p>\r\n\r\n<p>Cette pr\u00e9sence mondiale \u00e9tendue confirme la solidit\u00e9 du projet et la capacit\u00e9 de Fidovet \u00e0 engager consommateurs et partenaires dans des contextes culturels vari\u00e9s, en apportant innovation, qualit\u00e9 et l\u2019authenticit\u00e9 d\u2019un v\u00e9ritable Made in Italy d\u00e9di\u00e9 au bien-\u00eatre animal.<\/p>\r\n\r\n<p>&nbsp;<\/p>\r\n<p>[\/vc_column_text][\/vc_column][\/vc_row]<\/p><\/div>","protected":false},"excerpt":{"rendered":"<p>[vc_row][vc_column][vc_column_text css=\u00a0\u00bb\u00a0\u00bb] La dimension internationale de Fidovet va bien au-del\u00e0 de la distribution mondiale de ses produits. L\u2019entreprise se distingue comme un projet v\u00e9ritablement unique sur la sc\u00e8ne internationale, en associant harmonieusement l\u2019excellence du Made in Italy, l\u2019innovation continue et une vision globale sans \u00e9quivalent dans l\u2019industrie du pet food. L\u2019un des principaux \u00e9l\u00e9ments distinctifs [&hellip;]<\/p>\n","protected":false},"author":1,"featured_media":0,"parent":0,"menu_order":0,"comment_status":"closed","ping_status":"closed","template":"template-fullwidth.php","meta":{"footnotes":""},"class_list":["post-1842","page","type-page","status-publish","hentry","no-thumb"],"yoast_head":"<!-- This site is optimized with the Yoast SEO plugin v27.3 - https:\/\/yoast.com\/product\/yoast-seo-wordpress\/ -->\n<title>Pr\u00e9sence internationale<\/title>\n<meta name=\"description\" content=\"Fidovet\u2019s international presence spans over 35 countries, delivering premium nutritional solutions and Italian excellence to partners worldwide.\" \/>\n<meta name=\"robots\" content=\"index, follow, max-snippet:-1, max-image-preview:large, max-video-preview:-1\" \/>\n<link rel=\"canonical\" href=\"https:\/\/fidovetnorthamerica.com\/fr\/international-presence\/\" \/>\n<meta property=\"og:locale\" content=\"fr_CA\" \/>\n<meta property=\"og:locale:alternate\" content=\"en_US\" \/>\n<meta property=\"og:type\" content=\"article\" \/>\n<meta property=\"og:title\" content=\"Pr\u00e9sence internationale\" \/>\n<meta property=\"og:description\" content=\"Fidovet\u2019s international presence spans over 35 countries, delivering premium nutritional solutions and Italian excellence to partners worldwide.\" \/>\n<meta property=\"og:url\" content=\"https:\/\/fidovetnorthamerica.com\/fr\/international-presence\/\" \/>\n<meta property=\"og:site_name\" content=\"Fidovet North America\" \/>\n<meta property=\"article:modified_time\" content=\"2026-01-29T15:16:18+00:00\" \/>\n<meta property=\"og:image\" content=\"https:\/\/fidovet-na.com\/wp-content\/uploads\/2026\/01\/fidovet-gelato-international.png\" \/>\n<meta name=\"twitter:card\" content=\"summary_large_image\" \/>\n<meta name=\"twitter:label1\" content=\"Estimation du temps de lecture\" \/>\n\t<meta name=\"twitter:data1\" content=\"3 minutes\" \/>\n<script type=\"application\/ld+json\" class=\"yoast-schema-graph\">{\"@context\":\"https:\\\/\\\/schema.org\",\"@graph\":[{\"@type\":\"WebPage\",\"@id\":\"https:\\\/\\\/fidovetnorthamerica.com\\\/international-presence\\\/\",\"url\":\"https:\\\/\\\/fidovetnorthamerica.com\\\/international-presence\\\/\",\"name\":\"Pr\u00e9sence internationale\",\"isPartOf\":{\"@id\":\"https:\\\/\\\/fidovetnorthamerica.com\\\/#website\"},\"primaryImageOfPage\":{\"@id\":\"https:\\\/\\\/fidovetnorthamerica.com\\\/international-presence\\\/#primaryimage\"},\"image\":{\"@id\":\"https:\\\/\\\/fidovetnorthamerica.com\\\/international-presence\\\/#primaryimage\"},\"thumbnailUrl\":\"https:\\\/\\\/fidovet-na.com\\\/wp-content\\\/uploads\\\/2026\\\/01\\\/fidovet-gelato-international.png\",\"datePublished\":\"2026-01-14T16:40:24+00:00\",\"dateModified\":\"2026-01-29T15:16:18+00:00\",\"description\":\"Fidovet\u2019s international presence spans over 35 countries, delivering premium nutritional solutions and Italian excellence to partners worldwide.\",\"breadcrumb\":{\"@id\":\"https:\\\/\\\/fidovetnorthamerica.com\\\/international-presence\\\/#breadcrumb\"},\"inLanguage\":\"FR\",\"potentialAction\":[{\"@type\":\"ReadAction\",\"target\":[\"https:\\\/\\\/fidovetnorthamerica.com\\\/international-presence\\\/\"]}]},{\"@type\":\"ImageObject\",\"inLanguage\":\"FR\",\"@id\":\"https:\\\/\\\/fidovetnorthamerica.com\\\/international-presence\\\/#primaryimage\",\"url\":\"https:\\\/\\\/fidovet-na.com\\\/wp-content\\\/uploads\\\/2026\\\/01\\\/fidovet-gelato-international.png\",\"contentUrl\":\"https:\\\/\\\/fidovet-na.com\\\/wp-content\\\/uploads\\\/2026\\\/01\\\/fidovet-gelato-international.png\"},{\"@type\":\"BreadcrumbList\",\"@id\":\"https:\\\/\\\/fidovetnorthamerica.com\\\/international-presence\\\/#breadcrumb\",\"itemListElement\":[{\"@type\":\"ListItem\",\"position\":1,\"name\":\"Home\",\"item\":\"https:\\\/\\\/fidovetnorthamerica.com\\\/fr\\\/\"},{\"@type\":\"ListItem\",\"position\":2,\"name\":\"International Presence\"}]},{\"@type\":\"WebSite\",\"@id\":\"https:\\\/\\\/fidovetnorthamerica.com\\\/#website\",\"url\":\"https:\\\/\\\/fidovetnorthamerica.com\\\/\",\"name\":\"Fidovet North America\",\"description\":\"\",\"potentialAction\":[{\"@type\":\"SearchAction\",\"target\":{\"@type\":\"EntryPoint\",\"urlTemplate\":\"https:\\\/\\\/fidovetnorthamerica.com\\\/?s={search_term_string}\"},\"query-input\":{\"@type\":\"PropertyValueSpecification\",\"valueRequired\":true,\"valueName\":\"search_term_string\"}}],\"inLanguage\":\"FR\"}]}<\/script>\n<!-- \/ Yoast SEO plugin. -->","yoast_head_json":{"title":"Pr\u00e9sence internationale","description":"Fidovet\u2019s international presence spans over 35 countries, delivering premium nutritional solutions and Italian excellence to partners worldwide.","robots":{"index":"index","follow":"follow","max-snippet":"max-snippet:-1","max-image-preview":"max-image-preview:large","max-video-preview":"max-video-preview:-1"},"canonical":"https:\/\/fidovetnorthamerica.com\/fr\/international-presence\/","og_locale":"fr_CA","og_type":"article","og_title":"[:en]International Presence[:fr]Pr\u00e9sence internationale[:] - Fidovet North America","og_description":"Fidovet\u2019s international presence spans over 35 countries, delivering premium nutritional solutions and Italian excellence to partners worldwide.","og_url":"https:\/\/fidovetnorthamerica.com\/fr\/international-presence\/","og_site_name":"Fidovet North America","article_modified_time":"2026-01-29T15:16:18+00:00","og_image":[{"url":"https:\/\/fidovet-na.com\/wp-content\/uploads\/2026\/01\/fidovet-gelato-international.png","type":"","width":"","height":""}],"twitter_card":"summary_large_image","twitter_misc":{"Estimation du temps de lecture":"3 minutes"},"schema":{"@context":"https:\/\/schema.org","@graph":[{"@type":"WebPage","@id":"https:\/\/fidovetnorthamerica.com\/international-presence\/","url":"https:\/\/fidovetnorthamerica.com\/international-presence\/","name":"Pr\u00e9sence internationale","isPartOf":{"@id":"https:\/\/fidovetnorthamerica.com\/#website"},"primaryImageOfPage":{"@id":"https:\/\/fidovetnorthamerica.com\/international-presence\/#primaryimage"},"image":{"@id":"https:\/\/fidovetnorthamerica.com\/international-presence\/#primaryimage"},"thumbnailUrl":"https:\/\/fidovet-na.com\/wp-content\/uploads\/2026\/01\/fidovet-gelato-international.png","datePublished":"2026-01-14T16:40:24+00:00","dateModified":"2026-01-29T15:16:18+00:00","description":"Fidovet\u2019s international presence spans over 35 countries, delivering premium nutritional solutions and Italian excellence to partners worldwide.","breadcrumb":{"@id":"https:\/\/fidovetnorthamerica.com\/international-presence\/#breadcrumb"},"inLanguage":"FR","potentialAction":[{"@type":"ReadAction","target":["https:\/\/fidovetnorthamerica.com\/international-presence\/"]}]},{"@type":"ImageObject","inLanguage":"FR","@id":"https:\/\/fidovetnorthamerica.com\/international-presence\/#primaryimage","url":"https:\/\/fidovet-na.com\/wp-content\/uploads\/2026\/01\/fidovet-gelato-international.png","contentUrl":"https:\/\/fidovet-na.com\/wp-content\/uploads\/2026\/01\/fidovet-gelato-international.png"},{"@type":"BreadcrumbList","@id":"https:\/\/fidovetnorthamerica.com\/international-presence\/#breadcrumb","itemListElement":[{"@type":"ListItem","position":1,"name":"Home","item":"https:\/\/fidovetnorthamerica.com\/fr\/"},{"@type":"ListItem","position":2,"name":"International Presence"}]},{"@type":"WebSite","@id":"https:\/\/fidovetnorthamerica.com\/#website","url":"https:\/\/fidovetnorthamerica.com\/","name":"Fidovet North America","description":"","potentialAction":[{"@type":"SearchAction","target":{"@type":"EntryPoint","urlTemplate":"https:\/\/fidovetnorthamerica.com\/?s={search_term_string}"},"query-input":{"@type":"PropertyValueSpecification","valueRequired":true,"valueName":"search_term_string"}}],"inLanguage":"FR"}]}},"_links":{"self":[{"href":"https:\/\/fidovetnorthamerica.com\/fr\/wp-json\/wp\/v2\/pages\/1842","targetHints":{"allow":["GET"]}}],"collection":[{"href":"https:\/\/fidovetnorthamerica.com\/fr\/wp-json\/wp\/v2\/pages"}],"about":[{"href":"https:\/\/fidovetnorthamerica.com\/fr\/wp-json\/wp\/v2\/types\/page"}],"author":[{"embeddable":true,"href":"https:\/\/fidovetnorthamerica.com\/fr\/wp-json\/wp\/v2\/users\/1"}],"replies":[{"embeddable":true,"href":"https:\/\/fidovetnorthamerica.com\/fr\/wp-json\/wp\/v2\/comments?post=1842"}],"version-history":[{"count":10,"href":"https:\/\/fidovetnorthamerica.com\/fr\/wp-json\/wp\/v2\/pages\/1842\/revisions"}],"predecessor-version":[{"id":2836,"href":"https:\/\/fidovetnorthamerica.com\/fr\/wp-json\/wp\/v2\/pages\/1842\/revisions\/2836"}],"wp:attachment":[{"href":"https:\/\/fidovetnorthamerica.com\/fr\/wp-json\/wp\/v2\/media?parent=1842"}],"curies":[{"name":"wp","href":"https:\/\/api.w.org\/{rel}","templated":true}]}}