{"id":1971,"date":"2026-01-19T09:28:38","date_gmt":"2026-01-19T09:28:38","guid":{"rendered":"https:\/\/fidovet-na.com\/?page_id=1971"},"modified":"2026-02-18T08:42:02","modified_gmt":"2026-02-18T08:42:02","slug":"quality-award","status":"publish","type":"page","link":"https:\/\/fidovetnorthamerica.com\/fr\/quality-award\/","title":{"rendered":"Quality Award"},"content":{"rendered":"<div class=\"wpb-content-wrapper\"><p>[vc_row full_width=\u00a0\u00bbstretch_row_content\u00a0\u00bb][vc_column css=\u00a0\u00bb.vc_custom_1770398700984{background-position: center !important;background-repeat: no-repeat !important;background-size: cover !important;}\u00a0\u00bb][vc_single_image image=\u00a0\u00bb2993&Prime; img_size=\u00a0\u00bbfull\u00a0\u00bb alignment=\u00a0\u00bbcenter\u00a0\u00bb css=\u00a0\u00bb.vc_custom_1771404083041{margin-right: -50px !important;margin-left: -50px !important;background-position: center !important;background-repeat: no-repeat !important;background-size: cover !important;}\u00a0\u00bb][\/vc_column][\/vc_row][vc_row][vc_column][vc_column_text css=\u00a0\u00bb\u00a0\u00bb]<\/p>\n<h2 data-start=\"40\" data-end=\"123\">L\u2019importance du Quality Award : une garantie d\u2019excellence pour les consommateurs<\/h2>\n<p data-start=\"125\" data-end=\"562\">Dans le march\u00e9 hautement concurrentiel d\u2019aujourd\u2019hui, la qualit\u00e9 est devenue l\u2019un des facteurs les plus d\u00e9terminants dans le choix des consommateurs. Les certifications et les r\u00e9compenses jouent un r\u00f4le essentiel en aidant les clients \u00e0 identifier des produits fiables et conformes \u00e0 des standards \u00e9lev\u00e9s. Parmi ces distinctions, le <strong data-start=\"458\" data-end=\"475\">Quality Award<\/strong> s\u2019impose comme une r\u00e9f\u00e9rence en mati\u00e8re d\u2019excellence, de transparence et de confiance.<\/p>\n<p data-start=\"564\" data-end=\"1243\">Le Quality Award repose sur un processus d\u2019\u00e9valuation rigoureux et clairement d\u00e9fini. Les produits sont analys\u00e9s selon des crit\u00e8res objectifs tels que la s\u00e9curit\u00e9, la conformit\u00e9 aux r\u00e9glementations, la qualit\u00e9 des ingr\u00e9dients, les standards de production et la constance dans le temps. En outre, les retours et la satisfaction des consommateurs occupent souvent une place centrale dans l\u2019\u00e9valuation finale, garantissant que la r\u00e9compense refl\u00e8te non seulement l\u2019excellence technique, mais aussi l\u2019exp\u00e9rience r\u00e9elle des utilisateurs. Cette combinaison d\u2019expertise professionnelle et d\u2019\u00e9valuation par les consommateurs fait du Quality Award une reconnaissance compl\u00e8te et cr\u00e9dible.<\/p>\n<p data-start=\"1245\" data-end=\"1745\">Pour les consommateurs, le Quality Award repr\u00e9sente une v\u00e9ritable garantie. Il simplifie les d\u00e9cisions d\u2019achat en identifiant clairement les produits qui r\u00e9pondent \u00e0 des standards \u00e9lev\u00e9s et qui ont \u00e9t\u00e9 v\u00e9rifi\u00e9s de mani\u00e8re ind\u00e9pendante. La pr\u00e9sence du Quality Award sur un produit rassure les clients, en leur indiquant qu\u2019ils choisissent un article fiable, s\u00fbr et soigneusement \u00e9labor\u00e9. Dans un march\u00e9 satur\u00e9 de promesses et d\u2019all\u00e9gations, cette distinction agit comme un sceau de confiance objectif.<\/p>\n<p data-start=\"1747\" data-end=\"2378\">Un exemple notable de cet engagement envers la qualit\u00e9 est Fidovet, qui a remport\u00e9 le Quality Award pendant quatre ann\u00e9es cons\u00e9cutives. Cette r\u00e9ussite met en lumi\u00e8re l\u2019engagement constant de la marque en faveur de l\u2019excellence. Fidovet a \u00e9t\u00e9 r\u00e9compens\u00e9e pour ses <strong data-start=\"2009\" data-end=\"2024\">Menus Frais<\/strong> et sa <strong data-start=\"2031\" data-end=\"2052\">Glace pour chiens<\/strong>, deux gammes de produits qui associent innovation, ingr\u00e9dients de qualit\u00e9 et processus de fabrication rigoureux, sp\u00e9cifiquement con\u00e7us pour le bien-\u00eatre canin. Remporter cette distinction sur plusieurs ann\u00e9es d\u00e9montre non seulement un haut niveau de qualit\u00e9, mais aussi une continuit\u00e9 et une fiabilit\u00e9 durables dans le temps.<\/p>\n<div class=\"flex flex-col text-sm pb-25\">\n<article class=\"text-token-text-primary w-full focus:outline-none [--shadow-height:45px] has-data-writing-block:pointer-events-none has-data-writing-block:-mt-(--shadow-height) has-data-writing-block:pt-(--shadow-height) [&#038;:has([data-writing-block])>*]:pointer-events-auto scroll-mt-[calc(var(&#8211;header-height)+min(200px,max(70px,20svh)))]\u00a0\u00bb dir=\u00a0\u00bbauto\u00a0\u00bb tabindex=\u00a0\u00bb-1&Prime; data-turn-id=\u00a0\u00bbrequest-WEB:57fb1655-de16-4d27-99a9-401fe15a2154-3&Prime; data-testid=\u00a0\u00bbconversation-turn-8&Prime; data-scroll-anchor=\u00a0\u00bbtrue\u00a0\u00bb data-turn=\u00a0\u00bbassistant\u00a0\u00bb><\/p>\n<div class=\"text-base my-auto mx-auto pb-10 [--thread-content-margin:--spacing(4)] @w-sm\/main:[--thread-content-margin:--spacing(6)] @w-lg\/main:[--thread-content-margin:--spacing(16)] px-(--thread-content-margin)\">\n<div class=\"[--thread-content-max-width:40rem] @w-lg\/main:[--thread-content-max-width:48rem] mx-auto max-w-(--thread-content-max-width) flex-1 group\/turn-messages focus-visible:outline-hidden relative flex w-full min-w-0 flex-col agent-turn\" tabindex=\"-1\">\n<div class=\"flex max-w-full flex-col grow\">\n<div class=\"min-h-8 text-message relative flex w-full flex-col items-end gap-2 text-start break-words whitespace-normal [.text-message+&#038;]:mt-1\" dir=\"auto\" data-message-author-role=\"assistant\" data-message-id=\"6a487de4-d630-4437-9d55-387c225e958a\" data-message-model-slug=\"gpt-5-2\">\n<div class=\"flex w-full flex-col gap-1 empty:hidden first:pt-[1px]\">\n<div class=\"markdown prose dark:prose-invert w-full wrap-break-word light markdown-new-styling\">\n<p data-start=\"0\" data-end=\"495\" data-is-last-node=\"\" data-is-only-node=\"\">Cette ann\u00e9e, cette r\u00e9ussite est encore plus significative puisque le prix r\u00e9compense \u00e9galement <strong>la nouvelle ligne d\u2019aliments humides pour chats CattyFeast,<\/strong> une gamme<strong> approuv\u00e9e par des v\u00e9t\u00e9rinaires<\/strong> qui refl\u00e8te l\u2019engagement constant de la marque envers la qualit\u00e9, l\u2019innovation et le bien-\u00eatre animal.<\/p>\n<\/div>\n<\/div>\n<\/div>\n<\/div>\n<\/div>\n<\/div>\n<\/article>\n<\/div>\n<p data-start=\"2380\" data-end=\"2780\" data-is-last-node=\"\" data-is-only-node=\"\">En conclusion, le Quality Award est bien plus qu\u2019une simple r\u00e9compense : c\u2019est un syst\u00e8me structur\u00e9 qui valorise l\u2019excellence et prot\u00e8ge les consommateurs. Des entreprises comme Fidovet, qui obtiennent r\u00e9guli\u00e8rement cette distinction, montrent comment qualit\u00e9, transparence et confiance des clients peuvent aller de pair, en cr\u00e9ant une valeur durable tant pour les marques que pour les consommateurs.<\/p>\n<p>[\/vc_column_text]<div class=\"supro-empty-space \" style=\"\"><div class=\"supro_empty_space_lg\"  style=\"height: 30px\"><\/div><div class=\"supro_empty_space_md\"  style=\"height: 30px\"><\/div><div class=\"supro_empty_space_xs\"  style=\"height: 30px\"><\/div><\/div>[\/vc_column][\/vc_row][vc_row][vc_column][vc_basic_grid post_type=\u00a0\u00bbpost\u00a0\u00bb max_items=\u00a0\u00bb\u00a0\u00bb show_filter=\u00a0\u00bbyes\u00a0\u00bb css=\u00a0\u00bb.vc_custom_1768843953322{margin-bottom: 50px !important;}\u00a0\u00bb grid_id=\u00a0\u00bbvc_gid:1771404050526-670cf16027d623aac8c9126b6516abfe-8&Prime; filter_source=\u00a0\u00bbcategory\u00a0\u00bb]<div class=\"supro-empty-space \" style=\"\"><div class=\"supro_empty_space_lg\"  style=\"height: 30px\"><\/div><div class=\"supro_empty_space_md\"  style=\"height: 30px\"><\/div><div class=\"supro_empty_space_xs\"  style=\"height: 30px\"><\/div><\/div>[\/vc_column][\/vc_row]<\/p>\n<\/div>","protected":false},"excerpt":{"rendered":"<p>[vc_row full_width=\u00a0\u00bbstretch_row_content\u00a0\u00bb][vc_column css=\u00a0\u00bb.vc_custom_1770398700984{background-position: center !important;background-repeat: no-repeat !important;background-size: cover !important;}\u00a0\u00bb][vc_single_image image=\u00a0\u00bb2993&Prime; img_size=\u00a0\u00bbfull\u00a0\u00bb alignment=\u00a0\u00bbcenter\u00a0\u00bb css=\u00a0\u00bb.vc_custom_1771404083041{margin-right: -50px !important;margin-left: -50px !important;background-position: center !important;background-repeat: no-repeat !important;background-size: cover !important;}\u00a0\u00bb][\/vc_column][\/vc_row][vc_row][vc_column][vc_column_text css=\u00a0\u00bb\u00a0\u00bb] L\u2019importance du Quality Award : une garantie d\u2019excellence pour les consommateurs Dans le march\u00e9 hautement concurrentiel d\u2019aujourd\u2019hui, la qualit\u00e9 est devenue l\u2019un des facteurs les plus d\u00e9terminants dans le choix des [&hellip;]<\/p>\n","protected":false},"author":1,"featured_media":0,"parent":0,"menu_order":0,"comment_status":"closed","ping_status":"closed","template":"template-fullwidth.php","meta":{"footnotes":""},"class_list":["post-1971","page","type-page","status-publish","hentry","no-thumb"],"yoast_head":"<!-- This site is optimized with the Yoast SEO plugin v27.3 - https:\/\/yoast.com\/product\/yoast-seo-wordpress\/ -->\n<title>Quality Award<\/title>\n<meta name=\"description\" content=\"The Fidovet Quality Award recognizes outstanding quality, reliability and innovation in the development of premium nutritional solutions for pets.\" \/>\n<meta name=\"robots\" content=\"index, follow, max-snippet:-1, max-image-preview:large, max-video-preview:-1\" \/>\n<link rel=\"canonical\" href=\"https:\/\/fidovetnorthamerica.com\/fr\/quality-award\/\" \/>\n<meta property=\"og:locale\" content=\"fr_CA\" \/>\n<meta property=\"og:locale:alternate\" content=\"en_US\" \/>\n<meta property=\"og:type\" content=\"article\" \/>\n<meta property=\"og:title\" content=\"Quality Award\" \/>\n<meta property=\"og:description\" content=\"The Fidovet Quality Award recognizes outstanding quality, reliability and innovation in the development of premium nutritional solutions for pets.\" \/>\n<meta property=\"og:url\" content=\"https:\/\/fidovetnorthamerica.com\/fr\/quality-award\/\" \/>\n<meta property=\"og:site_name\" content=\"Fidovet North America\" \/>\n<meta property=\"article:modified_time\" content=\"2026-02-18T08:42:02+00:00\" \/>\n<meta name=\"twitter:card\" content=\"summary_large_image\" \/>\n<meta name=\"twitter:label1\" content=\"Estimation du temps de lecture\" \/>\n\t<meta name=\"twitter:data1\" content=\"3 minutes\" \/>\n<script type=\"application\/ld+json\" class=\"yoast-schema-graph\">{\"@context\":\"https:\\\/\\\/schema.org\",\"@graph\":[{\"@type\":\"WebPage\",\"@id\":\"https:\\\/\\\/fidovetnorthamerica.com\\\/quality-award\\\/\",\"url\":\"https:\\\/\\\/fidovetnorthamerica.com\\\/quality-award\\\/\",\"name\":\"Quality Award\",\"isPartOf\":{\"@id\":\"https:\\\/\\\/fidovetnorthamerica.com\\\/#website\"},\"datePublished\":\"2026-01-19T09:28:38+00:00\",\"dateModified\":\"2026-02-18T08:42:02+00:00\",\"description\":\"The Fidovet Quality Award recognizes outstanding quality, reliability and innovation in the development of premium nutritional solutions for pets.\",\"breadcrumb\":{\"@id\":\"https:\\\/\\\/fidovetnorthamerica.com\\\/quality-award\\\/#breadcrumb\"},\"inLanguage\":\"FR\",\"potentialAction\":[{\"@type\":\"ReadAction\",\"target\":[\"https:\\\/\\\/fidovetnorthamerica.com\\\/quality-award\\\/\"]}]},{\"@type\":\"BreadcrumbList\",\"@id\":\"https:\\\/\\\/fidovetnorthamerica.com\\\/quality-award\\\/#breadcrumb\",\"itemListElement\":[{\"@type\":\"ListItem\",\"position\":1,\"name\":\"Home\",\"item\":\"https:\\\/\\\/fidovetnorthamerica.com\\\/fr\\\/\"},{\"@type\":\"ListItem\",\"position\":2,\"name\":\"Quality Award\"}]},{\"@type\":\"WebSite\",\"@id\":\"https:\\\/\\\/fidovetnorthamerica.com\\\/#website\",\"url\":\"https:\\\/\\\/fidovetnorthamerica.com\\\/\",\"name\":\"Fidovet North America\",\"description\":\"\",\"potentialAction\":[{\"@type\":\"SearchAction\",\"target\":{\"@type\":\"EntryPoint\",\"urlTemplate\":\"https:\\\/\\\/fidovetnorthamerica.com\\\/?s={search_term_string}\"},\"query-input\":{\"@type\":\"PropertyValueSpecification\",\"valueRequired\":true,\"valueName\":\"search_term_string\"}}],\"inLanguage\":\"FR\"}]}<\/script>\n<!-- \/ Yoast SEO plugin. -->","yoast_head_json":{"title":"Quality Award","description":"The Fidovet Quality Award recognizes outstanding quality, reliability and innovation in the development of premium nutritional solutions for pets.","robots":{"index":"index","follow":"follow","max-snippet":"max-snippet:-1","max-image-preview":"max-image-preview:large","max-video-preview":"max-video-preview:-1"},"canonical":"https:\/\/fidovetnorthamerica.com\/fr\/quality-award\/","og_locale":"fr_CA","og_type":"article","og_title":"[:en]Quality Award[:fr]Quality Award[:] - Fidovet North America","og_description":"The Fidovet Quality Award recognizes outstanding quality, reliability and innovation in the development of premium nutritional solutions for pets.","og_url":"https:\/\/fidovetnorthamerica.com\/fr\/quality-award\/","og_site_name":"Fidovet North America","article_modified_time":"2026-02-18T08:42:02+00:00","twitter_card":"summary_large_image","twitter_misc":{"Estimation du temps de lecture":"3 minutes"},"schema":{"@context":"https:\/\/schema.org","@graph":[{"@type":"WebPage","@id":"https:\/\/fidovetnorthamerica.com\/quality-award\/","url":"https:\/\/fidovetnorthamerica.com\/quality-award\/","name":"Quality Award","isPartOf":{"@id":"https:\/\/fidovetnorthamerica.com\/#website"},"datePublished":"2026-01-19T09:28:38+00:00","dateModified":"2026-02-18T08:42:02+00:00","description":"The Fidovet Quality Award recognizes outstanding quality, reliability and innovation in the development of premium nutritional solutions for pets.","breadcrumb":{"@id":"https:\/\/fidovetnorthamerica.com\/quality-award\/#breadcrumb"},"inLanguage":"FR","potentialAction":[{"@type":"ReadAction","target":["https:\/\/fidovetnorthamerica.com\/quality-award\/"]}]},{"@type":"BreadcrumbList","@id":"https:\/\/fidovetnorthamerica.com\/quality-award\/#breadcrumb","itemListElement":[{"@type":"ListItem","position":1,"name":"Home","item":"https:\/\/fidovetnorthamerica.com\/fr\/"},{"@type":"ListItem","position":2,"name":"Quality Award"}]},{"@type":"WebSite","@id":"https:\/\/fidovetnorthamerica.com\/#website","url":"https:\/\/fidovetnorthamerica.com\/","name":"Fidovet North America","description":"","potentialAction":[{"@type":"SearchAction","target":{"@type":"EntryPoint","urlTemplate":"https:\/\/fidovetnorthamerica.com\/?s={search_term_string}"},"query-input":{"@type":"PropertyValueSpecification","valueRequired":true,"valueName":"search_term_string"}}],"inLanguage":"FR"}]}},"_links":{"self":[{"href":"https:\/\/fidovetnorthamerica.com\/fr\/wp-json\/wp\/v2\/pages\/1971","targetHints":{"allow":["GET"]}}],"collection":[{"href":"https:\/\/fidovetnorthamerica.com\/fr\/wp-json\/wp\/v2\/pages"}],"about":[{"href":"https:\/\/fidovetnorthamerica.com\/fr\/wp-json\/wp\/v2\/types\/page"}],"author":[{"embeddable":true,"href":"https:\/\/fidovetnorthamerica.com\/fr\/wp-json\/wp\/v2\/users\/1"}],"replies":[{"embeddable":true,"href":"https:\/\/fidovetnorthamerica.com\/fr\/wp-json\/wp\/v2\/comments?post=1971"}],"version-history":[{"count":24,"href":"https:\/\/fidovetnorthamerica.com\/fr\/wp-json\/wp\/v2\/pages\/1971\/revisions"}],"predecessor-version":[{"id":3110,"href":"https:\/\/fidovetnorthamerica.com\/fr\/wp-json\/wp\/v2\/pages\/1971\/revisions\/3110"}],"wp:attachment":[{"href":"https:\/\/fidovetnorthamerica.com\/fr\/wp-json\/wp\/v2\/media?parent=1971"}],"curies":[{"name":"wp","href":"https:\/\/api.w.org\/{rel}","templated":true}]}}