{"id":1544,"date":"2026-01-29T12:18:51","date_gmt":"2026-01-29T12:18:51","guid":{"rendered":"https:\/\/fidovet-na.com\/?post_type=product&#038;p=1544"},"modified":"2026-01-30T08:50:41","modified_gmt":"2026-01-30T08:50:41","slug":"wowow-fish-with-patatoes-and-olives-adult-400-g","status":"publish","type":"product","link":"https:\/\/fidovetnorthamerica.com\/fr\/product\/wowow-fish-with-patatoes-and-olives-adult-400-g\/","title":{"rendered":"Wowow Poisson avec pommes de terre &#038; olives \u2013 Adulte \u2013 400 g"},"content":{"rendered":"<h3>Wowow au poisson avec pommes de terre et olives<\/h3>\n<p>&nbsp;<\/p>\n<p>D\u00e9couvrez notre <strong>aliment humide pour chiens fabriqu\u00e9 en Italie<\/strong>, \u00e9labor\u00e9 avec des ingr\u00e9dients naturels soigneusement s\u00e9lectionn\u00e9s et selon une approche qualit\u00e9 \u00e0 360\u00b0. Cette <strong>recette premium<\/strong> associe <strong>67 % de viande de poulet<\/strong> et <strong>30 % de saumon<\/strong>, offrant un apport prot\u00e9ique complet et hautement digestible, riche en acides amin\u00e9s essentiels et en <strong>om\u00e9ga-3<\/strong>, b\u00e9n\u00e9fiques pour la sant\u00e9 de la peau et du pelage.<\/p>\n<p>Les <strong>pommes de terre d\u00e9shydrat\u00e9es en d\u00e9s (0,6 %, \u00e9quivalant \u00e0 4 % de pommes de terre fra\u00eeches)<\/strong> constituent une source de glucides facilement digestibles, id\u00e9ale pour soutenir les besoins \u00e9nerg\u00e9tiques quotidiens du chien. Les <strong>olives d\u00e9shydrat\u00e9es (0,5 %, \u00e9quivalant \u00e0 4 % d\u2019olives fra\u00eeches)<\/strong> apportent des graisses b\u00e9n\u00e9fiques et des antioxydants naturels, contribuant au bien-\u00eatre g\u00e9n\u00e9ral.<\/p>\n<p>La recette est enrichie de la <strong>formule brevet\u00e9e CEC\u00ae (0,5 %)<\/strong>, compos\u00e9e de <strong>Chlorella vulgaris, Echinacea purpurea et Curcuma longa<\/strong>, qui soutient naturellement les <strong>d\u00e9fenses immunitaires<\/strong> et aide \u00e0 lutter contre le stress oxydatif.<\/p>\n<p>La formulation est compl\u00e9t\u00e9e par du <strong>thym (0,2 %)<\/strong>, de la <strong>menthe et de la marjolaine (0,1 % chacun)<\/strong>, des herbes aromatiques reconnues pour leurs propri\u00e9t\u00e9s digestives et rafra\u00eechissantes, ainsi que par des <strong>FOS (fructo-oligosaccharides)<\/strong> pour favoriser l\u2019\u00e9quilibre de la flore intestinale.<\/p>\n<p>Cet <strong>aliment humide complet et \u00e9quilibr\u00e9<\/strong> est id\u00e9al pour ceux qui recherchent un produit <strong>naturel, riche en prot\u00e9ines de haute qualit\u00e9 et hautement app\u00e9tent<\/strong>, con\u00e7u pour le bien-\u00eatre quotidien de leur chien.<\/p>\n","protected":false},"excerpt":{"rendered":"<p>Aliment humide <strong>complet et \u00e9quilibr\u00e9<\/strong> pour chiens de toutes tailles. Il contient du <strong>poulet et du saumon<\/strong> comme principales sources de prot\u00e9ines, avec des <strong>pommes de terre et des olives<\/strong>, et est enrichi de la <strong>formule brevet\u00e9e CEC\u00ae<\/strong> \u00e0 base d\u2019extraits naturels pour soutenir les d\u00e9fenses immunitaires et le bien-\u00eatre g\u00e9n\u00e9ral du chien.<\/p>\n","protected":false},"featured_media":1740,"comment_status":"open","ping_status":"closed","template":"","meta":[],"product_brand":[],"product_cat":[15,72,100],"product_tag":[],"class_list":{"0":"post-1544","1":"product","2":"type-product","3":"status-publish","4":"has-post-thumbnail","6":"product_cat-fidovet","7":"product_cat-wet-food","8":"product_cat-wowow","9":"","11":"first","12":"instock","13":"shipping-taxable","14":"purchasable","15":"product-type-simple"},"yoast_head":"<!-- This site is optimized with the Yoast SEO plugin v27.3 - https:\/\/yoast.com\/product\/yoast-seo-wordpress\/ -->\n<title>Wowow Poisson avec pommes de terre &amp; olives \u2013 Adulte \u2013 400 g<\/title>\n<meta name=\"description\" content=\"Complete and balanced wet dog food with chicken and salmon as main protein sources, enriched with potatoes, olives, and patented CEC\u00ae formula to support immune defenses and overall well-being for dogs of all sizes.\" \/>\n<meta name=\"robots\" content=\"index, follow, max-snippet:-1, max-image-preview:large, max-video-preview:-1\" \/>\n<link rel=\"canonical\" href=\"https:\/\/fidovetnorthamerica.com\/fr\/product\/wowow-fish-with-patatoes-and-olives-adult-400-g\/\" \/>\n<meta property=\"og:locale\" content=\"fr_CA\" \/>\n<meta property=\"og:locale:alternate\" content=\"en_US\" \/>\n<meta property=\"og:type\" content=\"article\" \/>\n<meta property=\"og:title\" content=\"Wowow Poisson avec pommes de terre &amp; olives \u2013 Adulte \u2013 400 g\" \/>\n<meta property=\"og:description\" content=\"Complete and balanced wet dog food with chicken and salmon as main protein sources, enriched with potatoes, olives, and patented CEC\u00ae formula to support immune defenses and overall well-being for dogs of all sizes.\" \/>\n<meta property=\"og:url\" content=\"https:\/\/fidovetnorthamerica.com\/fr\/product\/wowow-fish-with-patatoes-and-olives-adult-400-g\/\" \/>\n<meta property=\"og:site_name\" content=\"Fidovet North America\" \/>\n<meta property=\"article:modified_time\" content=\"2026-01-30T08:50:41+00:00\" \/>\n<meta property=\"og:image\" content=\"https:\/\/fidovetnorthamerica.com\/wp-content\/uploads\/2026\/01\/pesce-patate-3.png\" \/>\n\t<meta property=\"og:image:width\" content=\"600\" \/>\n\t<meta property=\"og:image:height\" content=\"600\" \/>\n\t<meta property=\"og:image:type\" content=\"image\/png\" \/>\n<meta name=\"twitter:card\" content=\"summary_large_image\" \/>\n<meta name=\"twitter:label1\" content=\"Estimation du temps de lecture\" \/>\n\t<meta name=\"twitter:data1\" content=\"1 minute\" \/>\n<script type=\"application\/ld+json\" class=\"yoast-schema-graph\">{\"@context\":\"https:\\\/\\\/schema.org\",\"@graph\":[{\"@type\":\"WebPage\",\"@id\":\"https:\\\/\\\/fidovetnorthamerica.com\\\/product\\\/wowow-fish-with-patatoes-and-olives-adult-400-g\\\/\",\"url\":\"https:\\\/\\\/fidovetnorthamerica.com\\\/product\\\/wowow-fish-with-patatoes-and-olives-adult-400-g\\\/\",\"name\":\"Wowow Poisson avec pommes de terre & olives \u2013 Adulte \u2013 400 g\",\"isPartOf\":{\"@id\":\"https:\\\/\\\/fidovetnorthamerica.com\\\/#website\"},\"primaryImageOfPage\":{\"@id\":\"https:\\\/\\\/fidovetnorthamerica.com\\\/product\\\/wowow-fish-with-patatoes-and-olives-adult-400-g\\\/#primaryimage\"},\"image\":{\"@id\":\"https:\\\/\\\/fidovetnorthamerica.com\\\/product\\\/wowow-fish-with-patatoes-and-olives-adult-400-g\\\/#primaryimage\"},\"thumbnailUrl\":\"https:\\\/\\\/fidovetnorthamerica.com\\\/wp-content\\\/uploads\\\/2026\\\/01\\\/pesce-patate-3.png\",\"datePublished\":\"2026-01-29T12:18:51+00:00\",\"dateModified\":\"2026-01-30T08:50:41+00:00\",\"description\":\"Complete and balanced wet dog food with chicken and salmon as main protein sources, enriched with potatoes, olives, and patented CEC\u00ae formula to support immune defenses and overall well-being for dogs of all sizes.\",\"breadcrumb\":{\"@id\":\"https:\\\/\\\/fidovetnorthamerica.com\\\/product\\\/wowow-fish-with-patatoes-and-olives-adult-400-g\\\/#breadcrumb\"},\"inLanguage\":\"FR\",\"potentialAction\":[{\"@type\":\"ReadAction\",\"target\":[\"https:\\\/\\\/fidovetnorthamerica.com\\\/product\\\/wowow-fish-with-patatoes-and-olives-adult-400-g\\\/\"]}]},{\"@type\":\"ImageObject\",\"inLanguage\":\"FR\",\"@id\":\"https:\\\/\\\/fidovetnorthamerica.com\\\/product\\\/wowow-fish-with-patatoes-and-olives-adult-400-g\\\/#primaryimage\",\"url\":\"https:\\\/\\\/fidovetnorthamerica.com\\\/wp-content\\\/uploads\\\/2026\\\/01\\\/pesce-patate-3.png\",\"contentUrl\":\"https:\\\/\\\/fidovetnorthamerica.com\\\/wp-content\\\/uploads\\\/2026\\\/01\\\/pesce-patate-3.png\",\"width\":600,\"height\":600},{\"@type\":\"BreadcrumbList\",\"@id\":\"https:\\\/\\\/fidovetnorthamerica.com\\\/product\\\/wowow-fish-with-patatoes-and-olives-adult-400-g\\\/#breadcrumb\",\"itemListElement\":[{\"@type\":\"ListItem\",\"position\":1,\"name\":\"Home\",\"item\":\"https:\\\/\\\/fidovetnorthamerica.com\\\/fr\\\/\"},{\"@type\":\"ListItem\",\"position\":2,\"name\":\"Shop\",\"item\":\"https:\\\/\\\/fidovetnorthamerica.com\\\/negozio\\\/\"},{\"@type\":\"ListItem\",\"position\":3,\"name\":\"Wowow Fish with Patatoes &#038; Olives &#8211; Adult &#8211; 400 g\"}]},{\"@type\":\"WebSite\",\"@id\":\"https:\\\/\\\/fidovetnorthamerica.com\\\/#website\",\"url\":\"https:\\\/\\\/fidovetnorthamerica.com\\\/\",\"name\":\"Fidovet North America\",\"description\":\"\",\"potentialAction\":[{\"@type\":\"SearchAction\",\"target\":{\"@type\":\"EntryPoint\",\"urlTemplate\":\"https:\\\/\\\/fidovetnorthamerica.com\\\/?s={search_term_string}\"},\"query-input\":{\"@type\":\"PropertyValueSpecification\",\"valueRequired\":true,\"valueName\":\"search_term_string\"}}],\"inLanguage\":\"FR\"}]}<\/script>\n<!-- \/ Yoast SEO plugin. -->","yoast_head_json":{"title":"Wowow Poisson avec pommes de terre & olives \u2013 Adulte \u2013 400 g","description":"Complete and balanced wet dog food with chicken and salmon as main protein sources, enriched with potatoes, olives, and patented CEC\u00ae formula to support immune defenses and overall well-being for dogs of all sizes.","robots":{"index":"index","follow":"follow","max-snippet":"max-snippet:-1","max-image-preview":"max-image-preview:large","max-video-preview":"max-video-preview:-1"},"canonical":"https:\/\/fidovetnorthamerica.com\/fr\/product\/wowow-fish-with-patatoes-and-olives-adult-400-g\/","og_locale":"fr_CA","og_type":"article","og_title":"[:en]Wowow Fish with Patatoes & Olives - Adult - 400 g[:fr]Wowow Poisson avec pommes de terre & olives \u2013 Adulte \u2013 400 g[:] - Fidovet North America","og_description":"Complete and balanced wet dog food with chicken and salmon as main protein sources, enriched with potatoes, olives, and patented CEC\u00ae formula to support immune defenses and overall well-being for dogs of all sizes.","og_url":"https:\/\/fidovetnorthamerica.com\/fr\/product\/wowow-fish-with-patatoes-and-olives-adult-400-g\/","og_site_name":"Fidovet North America","article_modified_time":"2026-01-30T08:50:41+00:00","og_image":[{"width":600,"height":600,"url":"https:\/\/fidovetnorthamerica.com\/wp-content\/uploads\/2026\/01\/pesce-patate-3.png","type":"image\/png"}],"twitter_card":"summary_large_image","twitter_misc":{"Estimation du temps de lecture":"1 minute"},"schema":{"@context":"https:\/\/schema.org","@graph":[{"@type":"WebPage","@id":"https:\/\/fidovetnorthamerica.com\/product\/wowow-fish-with-patatoes-and-olives-adult-400-g\/","url":"https:\/\/fidovetnorthamerica.com\/product\/wowow-fish-with-patatoes-and-olives-adult-400-g\/","name":"Wowow Poisson avec pommes de terre & olives \u2013 Adulte \u2013 400 g","isPartOf":{"@id":"https:\/\/fidovetnorthamerica.com\/#website"},"primaryImageOfPage":{"@id":"https:\/\/fidovetnorthamerica.com\/product\/wowow-fish-with-patatoes-and-olives-adult-400-g\/#primaryimage"},"image":{"@id":"https:\/\/fidovetnorthamerica.com\/product\/wowow-fish-with-patatoes-and-olives-adult-400-g\/#primaryimage"},"thumbnailUrl":"https:\/\/fidovetnorthamerica.com\/wp-content\/uploads\/2026\/01\/pesce-patate-3.png","datePublished":"2026-01-29T12:18:51+00:00","dateModified":"2026-01-30T08:50:41+00:00","description":"Complete and balanced wet dog food with chicken and salmon as main protein sources, enriched with potatoes, olives, and patented CEC\u00ae formula to support immune defenses and overall well-being for dogs of all sizes.","breadcrumb":{"@id":"https:\/\/fidovetnorthamerica.com\/product\/wowow-fish-with-patatoes-and-olives-adult-400-g\/#breadcrumb"},"inLanguage":"FR","potentialAction":[{"@type":"ReadAction","target":["https:\/\/fidovetnorthamerica.com\/product\/wowow-fish-with-patatoes-and-olives-adult-400-g\/"]}]},{"@type":"ImageObject","inLanguage":"FR","@id":"https:\/\/fidovetnorthamerica.com\/product\/wowow-fish-with-patatoes-and-olives-adult-400-g\/#primaryimage","url":"https:\/\/fidovetnorthamerica.com\/wp-content\/uploads\/2026\/01\/pesce-patate-3.png","contentUrl":"https:\/\/fidovetnorthamerica.com\/wp-content\/uploads\/2026\/01\/pesce-patate-3.png","width":600,"height":600},{"@type":"BreadcrumbList","@id":"https:\/\/fidovetnorthamerica.com\/product\/wowow-fish-with-patatoes-and-olives-adult-400-g\/#breadcrumb","itemListElement":[{"@type":"ListItem","position":1,"name":"Home","item":"https:\/\/fidovetnorthamerica.com\/fr\/"},{"@type":"ListItem","position":2,"name":"Shop","item":"https:\/\/fidovetnorthamerica.com\/negozio\/"},{"@type":"ListItem","position":3,"name":"Wowow Fish with Patatoes &#038; Olives &#8211; Adult &#8211; 400 g"}]},{"@type":"WebSite","@id":"https:\/\/fidovetnorthamerica.com\/#website","url":"https:\/\/fidovetnorthamerica.com\/","name":"Fidovet North America","description":"","potentialAction":[{"@type":"SearchAction","target":{"@type":"EntryPoint","urlTemplate":"https:\/\/fidovetnorthamerica.com\/?s={search_term_string}"},"query-input":{"@type":"PropertyValueSpecification","valueRequired":true,"valueName":"search_term_string"}}],"inLanguage":"FR"}]}},"_links":{"self":[{"href":"https:\/\/fidovetnorthamerica.com\/fr\/wp-json\/wp\/v2\/product\/1544","targetHints":{"allow":["GET"]}}],"collection":[{"href":"https:\/\/fidovetnorthamerica.com\/fr\/wp-json\/wp\/v2\/product"}],"about":[{"href":"https:\/\/fidovetnorthamerica.com\/fr\/wp-json\/wp\/v2\/types\/product"}],"replies":[{"embeddable":true,"href":"https:\/\/fidovetnorthamerica.com\/fr\/wp-json\/wp\/v2\/comments?post=1544"}],"wp:featuredmedia":[{"embeddable":true,"href":"https:\/\/fidovetnorthamerica.com\/fr\/wp-json\/wp\/v2\/media\/1740"}],"wp:attachment":[{"href":"https:\/\/fidovetnorthamerica.com\/fr\/wp-json\/wp\/v2\/media?parent=1544"}],"wp:term":[{"taxonomy":"product_brand","embeddable":true,"href":"https:\/\/fidovetnorthamerica.com\/fr\/wp-json\/wp\/v2\/product_brand?post=1544"},{"taxonomy":"product_cat","embeddable":true,"href":"https:\/\/fidovetnorthamerica.com\/fr\/wp-json\/wp\/v2\/product_cat?post=1544"},{"taxonomy":"product_tag","embeddable":true,"href":"https:\/\/fidovetnorthamerica.com\/fr\/wp-json\/wp\/v2\/product_tag?post=1544"}],"curies":[{"name":"wp","href":"https:\/\/api.w.org\/{rel}","templated":true}]}}