{"id":1546,"date":"2026-01-08T14:55:00","date_gmt":"2026-01-08T14:55:00","guid":{"rendered":"https:\/\/fidovet-na.com\/?post_type=product&#038;p=1546"},"modified":"2026-01-30T09:50:30","modified_gmt":"2026-01-30T09:50:30","slug":"wowow-pollo-barley-and-courgettes-senior-400-g","status":"publish","type":"product","link":"https:\/\/fidovetnorthamerica.com\/fr\/product\/wowow-pollo-barley-and-courgettes-senior-400-g\/","title":{"rendered":"Wowow Poulet avec orge &#038; courgettes \u2013 Senior \u2013 400 g"},"content":{"rendered":"<h3>Wowow au poulet, \u00e0 l\u2019orge et aux courgettes pour chiens seniors<\/h3>\n<p>&nbsp;<\/p>\n<p>D\u00e9couvrez notre <em><strong>aliment humide pour chiens seniors<\/strong><\/em> fabriqu\u00e9 en Italie, formul\u00e9 avec des ingr\u00e9dients naturels soigneusement s\u00e9lectionn\u00e9s et selon une approche qualit\u00e9 \u00e0 360\u00b0, afin de r\u00e9pondre aux besoins nutritionnels des chiens \u00e0 l\u2019\u00e2ge m\u00fbr. Cette recette premium est compos\u00e9e de <strong>94 % de v\u00e9ritable viande de poulet<\/strong>, sans sous-produits ni d\u00e9riv\u00e9s, pour garantir un apport en prot\u00e9ines de haute qualit\u00e9 et facilement digestibles.<\/p>\n<p>L\u2019<strong>orge perl\u00e9e (4 %)<\/strong> fournit une source de glucides \u00e0 lib\u00e9ration lente, id\u00e9ale pour maintenir des niveaux d\u2019\u00e9nergie stables sans surcharger l\u2019organisme. Les <strong>courgettes d\u00e9shydrat\u00e9es (0,5 %, \u00e9quivalant \u00e0 4 % de courgettes fra\u00eeches)<\/strong> apportent des fibres naturelles qui favorisent la digestion et contribuent au bien-\u00eatre intestinal, particuli\u00e8rement important chez les chiens seniors.<\/p>\n<p>La recette est enrichie de la <strong>formule brevet\u00e9e CEC\u00ae (0,5 %)<\/strong>, compos\u00e9e de <strong>Chlorella vulgaris, Echinacea purpurea et Curcuma longa<\/strong>, qui soutient naturellement les <strong>d\u00e9fenses immunitaires<\/strong> et aide \u00e0 lutter contre le stress oxydatif li\u00e9 au vieillissement.<\/p>\n<p>La formulation est compl\u00e9t\u00e9e par de la <strong>sauge, du romarin et du thym (0,1 % chacun)<\/strong>, des plantes aromatiques aux propri\u00e9t\u00e9s antioxydantes et digestives, ainsi que par des <strong>FOS (fructo-oligosaccharides)<\/strong> pour favoriser l\u2019\u00e9quilibre de la flore intestinale. La pr\u00e9sence de <strong>glucosamine et de sulfate de chondro\u00eftine<\/strong> contribue au maintien de la <strong>sant\u00e9 articulaire et de la mobilit\u00e9<\/strong>, des aspects essentiels du bien-\u00eatre du chien senior.<\/p>\n<p>Cet <strong>aliment humide complet et \u00e9quilibr\u00e9 pour chiens seniors<\/strong> est id\u00e9al pour ceux qui recherchent un produit <strong>naturel, riche en viande et hautement app\u00e9tent<\/strong>, con\u00e7u pour accompagner les chiens durant la phase mature de leur vie avec go\u00fbt et qualit\u00e9.<\/p>\n","protected":false},"excerpt":{"rendered":"<p>Aliment humide <strong>complet et \u00e9quilibr\u00e9<\/strong> pour <strong>chiens seniors de toutes tailles<\/strong>. Il contient principalement du <strong>poulet, de l\u2019orge perl\u00e9e et des courgettes<\/strong>, et est enrichi de la <strong>formule brevet\u00e9e CEC\u00ae<\/strong> \u00e0 base d\u2019extraits naturels pour soutenir les d\u00e9fenses immunitaires, la mobilit\u00e9 articulaire et le bien-\u00eatre g\u00e9n\u00e9ral des chiens seniors.<\/p>\n","protected":false},"featured_media":1745,"comment_status":"open","ping_status":"closed","template":"","meta":[],"product_brand":[],"product_cat":[15,72,100],"product_tag":[],"class_list":{"0":"post-1546","1":"product","2":"type-product","3":"status-publish","4":"has-post-thumbnail","6":"product_cat-fidovet","7":"product_cat-wet-food","8":"product_cat-wowow","9":"","11":"first","12":"instock","13":"shipping-taxable","14":"purchasable","15":"product-type-simple"},"yoast_head":"<!-- This site is optimized with the Yoast SEO plugin v27.3 - https:\/\/yoast.com\/product\/yoast-seo-wordpress\/ -->\n<title>Wowow Poulet avec orge &amp; courgettes \u2013 Senior \u2013 400 g<\/title>\n<meta name=\"description\" content=\"Complete and balanced wet food for senior dogs of all sizes, made with chicken, pearled barley and zucchini, enriched with patented CEC\u00ae formula based on natural extracts to support immune defenses, joint mobility and overall well-being.\" \/>\n<meta name=\"robots\" content=\"index, follow, max-snippet:-1, max-image-preview:large, max-video-preview:-1\" \/>\n<link rel=\"canonical\" href=\"https:\/\/fidovetnorthamerica.com\/fr\/product\/wowow-pollo-barley-and-courgettes-senior-400-g\/\" \/>\n<meta property=\"og:locale\" content=\"fr_CA\" \/>\n<meta property=\"og:locale:alternate\" content=\"en_US\" \/>\n<meta property=\"og:type\" content=\"article\" \/>\n<meta property=\"og:title\" content=\"Wowow Poulet avec orge &amp; courgettes \u2013 Senior \u2013 400 g\" \/>\n<meta property=\"og:description\" content=\"Complete and balanced wet food for senior dogs of all sizes, made with chicken, pearled barley and zucchini, enriched with patented CEC\u00ae formula based on natural extracts to support immune defenses, joint mobility and overall well-being.\" \/>\n<meta property=\"og:url\" content=\"https:\/\/fidovetnorthamerica.com\/fr\/product\/wowow-pollo-barley-and-courgettes-senior-400-g\/\" \/>\n<meta property=\"og:site_name\" content=\"Fidovet North America\" \/>\n<meta property=\"article:modified_time\" content=\"2026-01-30T09:50:30+00:00\" \/>\n<meta property=\"og:image\" content=\"https:\/\/fidovetnorthamerica.com\/wp-content\/uploads\/2026\/01\/pollo-orzo-1.png\" \/>\n\t<meta property=\"og:image:width\" content=\"600\" \/>\n\t<meta property=\"og:image:height\" content=\"600\" \/>\n\t<meta property=\"og:image:type\" content=\"image\/png\" \/>\n<meta name=\"twitter:card\" content=\"summary_large_image\" \/>\n<meta name=\"twitter:label1\" content=\"Estimation du temps de lecture\" \/>\n\t<meta name=\"twitter:data1\" content=\"2 minutes\" \/>\n<script type=\"application\/ld+json\" class=\"yoast-schema-graph\">{\"@context\":\"https:\\\/\\\/schema.org\",\"@graph\":[{\"@type\":\"WebPage\",\"@id\":\"https:\\\/\\\/fidovetnorthamerica.com\\\/product\\\/wowow-pollo-barley-and-courgettes-senior-400-g\\\/\",\"url\":\"https:\\\/\\\/fidovetnorthamerica.com\\\/product\\\/wowow-pollo-barley-and-courgettes-senior-400-g\\\/\",\"name\":\"Wowow Poulet avec orge & courgettes \u2013 Senior \u2013 400 g\",\"isPartOf\":{\"@id\":\"https:\\\/\\\/fidovetnorthamerica.com\\\/#website\"},\"primaryImageOfPage\":{\"@id\":\"https:\\\/\\\/fidovetnorthamerica.com\\\/product\\\/wowow-pollo-barley-and-courgettes-senior-400-g\\\/#primaryimage\"},\"image\":{\"@id\":\"https:\\\/\\\/fidovetnorthamerica.com\\\/product\\\/wowow-pollo-barley-and-courgettes-senior-400-g\\\/#primaryimage\"},\"thumbnailUrl\":\"https:\\\/\\\/fidovetnorthamerica.com\\\/wp-content\\\/uploads\\\/2026\\\/01\\\/pollo-orzo-1.png\",\"datePublished\":\"2026-01-08T14:55:00+00:00\",\"dateModified\":\"2026-01-30T09:50:30+00:00\",\"description\":\"Complete and balanced wet food for senior dogs of all sizes, made with chicken, pearled barley and zucchini, enriched with patented CEC\u00ae formula based on natural extracts to support immune defenses, joint mobility and overall well-being.\",\"breadcrumb\":{\"@id\":\"https:\\\/\\\/fidovetnorthamerica.com\\\/product\\\/wowow-pollo-barley-and-courgettes-senior-400-g\\\/#breadcrumb\"},\"inLanguage\":\"FR\",\"potentialAction\":[{\"@type\":\"ReadAction\",\"target\":[\"https:\\\/\\\/fidovetnorthamerica.com\\\/product\\\/wowow-pollo-barley-and-courgettes-senior-400-g\\\/\"]}]},{\"@type\":\"ImageObject\",\"inLanguage\":\"FR\",\"@id\":\"https:\\\/\\\/fidovetnorthamerica.com\\\/product\\\/wowow-pollo-barley-and-courgettes-senior-400-g\\\/#primaryimage\",\"url\":\"https:\\\/\\\/fidovetnorthamerica.com\\\/wp-content\\\/uploads\\\/2026\\\/01\\\/pollo-orzo-1.png\",\"contentUrl\":\"https:\\\/\\\/fidovetnorthamerica.com\\\/wp-content\\\/uploads\\\/2026\\\/01\\\/pollo-orzo-1.png\",\"width\":600,\"height\":600},{\"@type\":\"BreadcrumbList\",\"@id\":\"https:\\\/\\\/fidovetnorthamerica.com\\\/product\\\/wowow-pollo-barley-and-courgettes-senior-400-g\\\/#breadcrumb\",\"itemListElement\":[{\"@type\":\"ListItem\",\"position\":1,\"name\":\"Home\",\"item\":\"https:\\\/\\\/fidovetnorthamerica.com\\\/fr\\\/\"},{\"@type\":\"ListItem\",\"position\":2,\"name\":\"Shop\",\"item\":\"https:\\\/\\\/fidovetnorthamerica.com\\\/negozio\\\/\"},{\"@type\":\"ListItem\",\"position\":3,\"name\":\"Wowow Chicken with Barley &#038; Courgettes &#8211; Senior- 400 g\"}]},{\"@type\":\"WebSite\",\"@id\":\"https:\\\/\\\/fidovetnorthamerica.com\\\/#website\",\"url\":\"https:\\\/\\\/fidovetnorthamerica.com\\\/\",\"name\":\"Fidovet North America\",\"description\":\"\",\"potentialAction\":[{\"@type\":\"SearchAction\",\"target\":{\"@type\":\"EntryPoint\",\"urlTemplate\":\"https:\\\/\\\/fidovetnorthamerica.com\\\/?s={search_term_string}\"},\"query-input\":{\"@type\":\"PropertyValueSpecification\",\"valueRequired\":true,\"valueName\":\"search_term_string\"}}],\"inLanguage\":\"FR\"}]}<\/script>\n<!-- \/ Yoast SEO plugin. -->","yoast_head_json":{"title":"Wowow Poulet avec orge & courgettes \u2013 Senior \u2013 400 g","description":"Complete and balanced wet food for senior dogs of all sizes, made with chicken, pearled barley and zucchini, enriched with patented CEC\u00ae formula based on natural extracts to support immune defenses, joint mobility and overall well-being.","robots":{"index":"index","follow":"follow","max-snippet":"max-snippet:-1","max-image-preview":"max-image-preview:large","max-video-preview":"max-video-preview:-1"},"canonical":"https:\/\/fidovetnorthamerica.com\/fr\/product\/wowow-pollo-barley-and-courgettes-senior-400-g\/","og_locale":"fr_CA","og_type":"article","og_title":"[:en]Wowow Chicken with Barley & Courgettes - Senior- 400 g[:fr]Wowow Poulet avec orge & courgettes \u2013 Senior \u2013 400 g[:] - Fidovet North America","og_description":"Complete and balanced wet food for senior dogs of all sizes, made with chicken, pearled barley and zucchini, enriched with patented CEC\u00ae formula based on natural extracts to support immune defenses, joint mobility and overall well-being.","og_url":"https:\/\/fidovetnorthamerica.com\/fr\/product\/wowow-pollo-barley-and-courgettes-senior-400-g\/","og_site_name":"Fidovet North America","article_modified_time":"2026-01-30T09:50:30+00:00","og_image":[{"width":600,"height":600,"url":"https:\/\/fidovetnorthamerica.com\/wp-content\/uploads\/2026\/01\/pollo-orzo-1.png","type":"image\/png"}],"twitter_card":"summary_large_image","twitter_misc":{"Estimation du temps de lecture":"2 minutes"},"schema":{"@context":"https:\/\/schema.org","@graph":[{"@type":"WebPage","@id":"https:\/\/fidovetnorthamerica.com\/product\/wowow-pollo-barley-and-courgettes-senior-400-g\/","url":"https:\/\/fidovetnorthamerica.com\/product\/wowow-pollo-barley-and-courgettes-senior-400-g\/","name":"Wowow Poulet avec orge & courgettes \u2013 Senior \u2013 400 g","isPartOf":{"@id":"https:\/\/fidovetnorthamerica.com\/#website"},"primaryImageOfPage":{"@id":"https:\/\/fidovetnorthamerica.com\/product\/wowow-pollo-barley-and-courgettes-senior-400-g\/#primaryimage"},"image":{"@id":"https:\/\/fidovetnorthamerica.com\/product\/wowow-pollo-barley-and-courgettes-senior-400-g\/#primaryimage"},"thumbnailUrl":"https:\/\/fidovetnorthamerica.com\/wp-content\/uploads\/2026\/01\/pollo-orzo-1.png","datePublished":"2026-01-08T14:55:00+00:00","dateModified":"2026-01-30T09:50:30+00:00","description":"Complete and balanced wet food for senior dogs of all sizes, made with chicken, pearled barley and zucchini, enriched with patented CEC\u00ae formula based on natural extracts to support immune defenses, joint mobility and overall well-being.","breadcrumb":{"@id":"https:\/\/fidovetnorthamerica.com\/product\/wowow-pollo-barley-and-courgettes-senior-400-g\/#breadcrumb"},"inLanguage":"FR","potentialAction":[{"@type":"ReadAction","target":["https:\/\/fidovetnorthamerica.com\/product\/wowow-pollo-barley-and-courgettes-senior-400-g\/"]}]},{"@type":"ImageObject","inLanguage":"FR","@id":"https:\/\/fidovetnorthamerica.com\/product\/wowow-pollo-barley-and-courgettes-senior-400-g\/#primaryimage","url":"https:\/\/fidovetnorthamerica.com\/wp-content\/uploads\/2026\/01\/pollo-orzo-1.png","contentUrl":"https:\/\/fidovetnorthamerica.com\/wp-content\/uploads\/2026\/01\/pollo-orzo-1.png","width":600,"height":600},{"@type":"BreadcrumbList","@id":"https:\/\/fidovetnorthamerica.com\/product\/wowow-pollo-barley-and-courgettes-senior-400-g\/#breadcrumb","itemListElement":[{"@type":"ListItem","position":1,"name":"Home","item":"https:\/\/fidovetnorthamerica.com\/fr\/"},{"@type":"ListItem","position":2,"name":"Shop","item":"https:\/\/fidovetnorthamerica.com\/negozio\/"},{"@type":"ListItem","position":3,"name":"Wowow Chicken with Barley &#038; Courgettes &#8211; Senior- 400 g"}]},{"@type":"WebSite","@id":"https:\/\/fidovetnorthamerica.com\/#website","url":"https:\/\/fidovetnorthamerica.com\/","name":"Fidovet North America","description":"","potentialAction":[{"@type":"SearchAction","target":{"@type":"EntryPoint","urlTemplate":"https:\/\/fidovetnorthamerica.com\/?s={search_term_string}"},"query-input":{"@type":"PropertyValueSpecification","valueRequired":true,"valueName":"search_term_string"}}],"inLanguage":"FR"}]}},"_links":{"self":[{"href":"https:\/\/fidovetnorthamerica.com\/fr\/wp-json\/wp\/v2\/product\/1546","targetHints":{"allow":["GET"]}}],"collection":[{"href":"https:\/\/fidovetnorthamerica.com\/fr\/wp-json\/wp\/v2\/product"}],"about":[{"href":"https:\/\/fidovetnorthamerica.com\/fr\/wp-json\/wp\/v2\/types\/product"}],"replies":[{"embeddable":true,"href":"https:\/\/fidovetnorthamerica.com\/fr\/wp-json\/wp\/v2\/comments?post=1546"}],"wp:featuredmedia":[{"embeddable":true,"href":"https:\/\/fidovetnorthamerica.com\/fr\/wp-json\/wp\/v2\/media\/1745"}],"wp:attachment":[{"href":"https:\/\/fidovetnorthamerica.com\/fr\/wp-json\/wp\/v2\/media?parent=1546"}],"wp:term":[{"taxonomy":"product_brand","embeddable":true,"href":"https:\/\/fidovetnorthamerica.com\/fr\/wp-json\/wp\/v2\/product_brand?post=1546"},{"taxonomy":"product_cat","embeddable":true,"href":"https:\/\/fidovetnorthamerica.com\/fr\/wp-json\/wp\/v2\/product_cat?post=1546"},{"taxonomy":"product_tag","embeddable":true,"href":"https:\/\/fidovetnorthamerica.com\/fr\/wp-json\/wp\/v2\/product_tag?post=1546"}],"curies":[{"name":"wp","href":"https:\/\/api.w.org\/{rel}","templated":true}]}}