{"id":1547,"date":"2026-01-08T14:55:00","date_gmt":"2026-01-08T14:55:00","guid":{"rendered":"https:\/\/fidovet-na.com\/?post_type=product&#038;p=1547"},"modified":"2026-01-30T09:51:51","modified_gmt":"2026-01-30T09:51:51","slug":"cattyfeast-mousse-rich-in-duck-adult-85-g","status":"publish","type":"product","link":"https:\/\/fidovetnorthamerica.com\/fr\/product\/cattyfeast-mousse-rich-in-duck-adult-85-g\/","title":{"rendered":"CattyFeast Mousse riche en canard \u2013 Adulte \u2013 85 g"},"content":{"rendered":"<h3>Mousse CattyFeast au canard pour chats adultes<\/h3>\n<p>&nbsp;<\/p>\n<p>L\u2019aliment humide pour chats <strong>CattyFeast Adult<\/strong> est con\u00e7u pour offrir \u00e0 votre chat un repas <strong>naturel, savoureux et nutritif<\/strong>, \u00e9labor\u00e9 avec une qualit\u00e9 <strong>100 % Made in Italy<\/strong>, garantissant un contr\u00f4le total de chaque \u00e9tape de production, de la s\u00e9lection des ingr\u00e9dients au conditionnement.<\/p>\n<p>La recette est formul\u00e9e conform\u00e9ment aux besoins nutritionnels du chat, <strong>carnivore par nature<\/strong>, avec <strong>55 % de produits d\u2019origine animale<\/strong>, dont du <strong>canard (14 %)<\/strong>, une source de prot\u00e9ines hautement app\u00e9tente et facilement digestible, associ\u00e9e \u00e0 du <strong>poisson (10 %)<\/strong>, naturellement savoureux et riche en nutriments essentiels.<\/p>\n<p>La pr\u00e9sence d\u2019<strong>huiles et de graisses<\/strong> contribue \u00e0 un apport \u00e9nerg\u00e9tique ad\u00e9quat et soutient la sant\u00e9 de la peau ainsi que la brillance du pelage, faisant de CattyFeast un aliment <strong>\u00e9quilibr\u00e9 et complet<\/strong> pour l\u2019alimentation quotidienne des chats adultes.<\/p>\n<p>La formulation est en outre enrichie de la <strong>formule CEC\u00ae (0,5 %)<\/strong>, un m\u00e9lange brevet\u00e9 \u00e0 base de <strong>Chlorella vulgaris, Echinacea purpurea et Curcuma longa<\/strong>, d\u00e9velopp\u00e9 pour soutenir la <strong>vitalit\u00e9, les d\u00e9fenses naturelles et le bien-\u00eatre g\u00e9n\u00e9ral<\/strong>.<\/p>\n<p><strong>La mousse CattyFeast Adult au canard<\/strong> est un <strong>aliment complet et \u00e9quilibr\u00e9<\/strong>, id\u00e9al pour l\u2019alimentation quotidienne de votre chat, sans besoin d\u2019ajouter d\u2019autres aliments ou compl\u00e9ments. Une recette simple, authentique et hautement app\u00e9tente, con\u00e7ue pour satisfaire m\u00eame les palais les plus exigeants.<\/p>\n","protected":false},"excerpt":{"rendered":"<p>CattyFeast Duck Adult Pat\u00e9 is a complete wet food made with\u00a0<strong>duck and fish<\/strong>, designed to provide\u00a0<strong>great taste and high digestibility<\/strong>\u00a0for adult cats. Enriched with the\u00a0<strong>patented CEC\u00ae formula<\/strong>, it supports overall well-being, immune defenses and daily vitality. A soft, appetizing pat\u00e9, ideal for everyday feeding.<\/p>\n","protected":false},"featured_media":1748,"comment_status":"open","ping_status":"closed","template":"","meta":[],"product_brand":[],"product_cat":[101,15],"product_tag":[],"class_list":{"0":"post-1547","1":"product","2":"type-product","3":"status-publish","4":"has-post-thumbnail","6":"product_cat-cattyfeast","7":"product_cat-fidovet","8":"","10":"first","11":"instock","12":"shipping-taxable","13":"purchasable","14":"product-type-simple"},"yoast_head":"<!-- This site is optimized with the Yoast SEO plugin v27.3 - https:\/\/yoast.com\/product\/yoast-seo-wordpress\/ -->\n<title>CattyFeast Mousse riche en canard \u2013 Adulte \u2013 85 g<\/title>\n<meta name=\"description\" content=\"Complete wet pat\u00e9 for adult cats with duck and fish, highly digestible and flavorful, enriched with patented CEC\u00ae formula to support immune defenses, daily vitality and overall well-being.\" \/>\n<meta name=\"robots\" content=\"index, follow, max-snippet:-1, max-image-preview:large, max-video-preview:-1\" \/>\n<link rel=\"canonical\" href=\"https:\/\/fidovetnorthamerica.com\/fr\/product\/cattyfeast-mousse-rich-in-duck-adult-85-g\/\" \/>\n<meta property=\"og:locale\" content=\"fr_CA\" \/>\n<meta property=\"og:locale:alternate\" content=\"en_US\" \/>\n<meta property=\"og:type\" content=\"article\" \/>\n<meta property=\"og:title\" content=\"CattyFeast Mousse riche en canard \u2013 Adulte \u2013 85 g\" \/>\n<meta property=\"og:description\" content=\"Complete wet pat\u00e9 for adult cats with duck and fish, highly digestible and flavorful, enriched with patented CEC\u00ae formula to support immune defenses, daily vitality and overall well-being.\" \/>\n<meta property=\"og:url\" content=\"https:\/\/fidovetnorthamerica.com\/fr\/product\/cattyfeast-mousse-rich-in-duck-adult-85-g\/\" \/>\n<meta property=\"og:site_name\" content=\"Fidovet North America\" \/>\n<meta property=\"article:modified_time\" content=\"2026-01-30T09:51:51+00:00\" \/>\n<meta property=\"og:image\" content=\"https:\/\/fidovetnorthamerica.com\/wp-content\/uploads\/2026\/01\/mousse-anatra.png\" \/>\n\t<meta property=\"og:image:width\" content=\"600\" \/>\n\t<meta property=\"og:image:height\" content=\"600\" \/>\n\t<meta property=\"og:image:type\" content=\"image\/png\" \/>\n<meta name=\"twitter:card\" content=\"summary_large_image\" \/>\n<meta name=\"twitter:label1\" content=\"Estimation du temps de lecture\" \/>\n\t<meta name=\"twitter:data1\" content=\"2 minutes\" \/>\n<script type=\"application\/ld+json\" class=\"yoast-schema-graph\">{\"@context\":\"https:\\\/\\\/schema.org\",\"@graph\":[{\"@type\":\"WebPage\",\"@id\":\"https:\\\/\\\/fidovetnorthamerica.com\\\/product\\\/cattyfeast-mousse-rich-in-duck-adult-85-g\\\/\",\"url\":\"https:\\\/\\\/fidovetnorthamerica.com\\\/product\\\/cattyfeast-mousse-rich-in-duck-adult-85-g\\\/\",\"name\":\"CattyFeast Mousse riche en canard \u2013 Adulte \u2013 85 g\",\"isPartOf\":{\"@id\":\"https:\\\/\\\/fidovetnorthamerica.com\\\/#website\"},\"primaryImageOfPage\":{\"@id\":\"https:\\\/\\\/fidovetnorthamerica.com\\\/product\\\/cattyfeast-mousse-rich-in-duck-adult-85-g\\\/#primaryimage\"},\"image\":{\"@id\":\"https:\\\/\\\/fidovetnorthamerica.com\\\/product\\\/cattyfeast-mousse-rich-in-duck-adult-85-g\\\/#primaryimage\"},\"thumbnailUrl\":\"https:\\\/\\\/fidovetnorthamerica.com\\\/wp-content\\\/uploads\\\/2026\\\/01\\\/mousse-anatra.png\",\"datePublished\":\"2026-01-08T14:55:00+00:00\",\"dateModified\":\"2026-01-30T09:51:51+00:00\",\"description\":\"Complete wet pat\u00e9 for adult cats with duck and fish, highly digestible and flavorful, enriched with patented CEC\u00ae formula to support immune defenses, daily vitality and overall well-being.\",\"breadcrumb\":{\"@id\":\"https:\\\/\\\/fidovetnorthamerica.com\\\/product\\\/cattyfeast-mousse-rich-in-duck-adult-85-g\\\/#breadcrumb\"},\"inLanguage\":\"FR\",\"potentialAction\":[{\"@type\":\"ReadAction\",\"target\":[\"https:\\\/\\\/fidovetnorthamerica.com\\\/product\\\/cattyfeast-mousse-rich-in-duck-adult-85-g\\\/\"]}]},{\"@type\":\"ImageObject\",\"inLanguage\":\"FR\",\"@id\":\"https:\\\/\\\/fidovetnorthamerica.com\\\/product\\\/cattyfeast-mousse-rich-in-duck-adult-85-g\\\/#primaryimage\",\"url\":\"https:\\\/\\\/fidovetnorthamerica.com\\\/wp-content\\\/uploads\\\/2026\\\/01\\\/mousse-anatra.png\",\"contentUrl\":\"https:\\\/\\\/fidovetnorthamerica.com\\\/wp-content\\\/uploads\\\/2026\\\/01\\\/mousse-anatra.png\",\"width\":600,\"height\":600},{\"@type\":\"BreadcrumbList\",\"@id\":\"https:\\\/\\\/fidovetnorthamerica.com\\\/product\\\/cattyfeast-mousse-rich-in-duck-adult-85-g\\\/#breadcrumb\",\"itemListElement\":[{\"@type\":\"ListItem\",\"position\":1,\"name\":\"Home\",\"item\":\"https:\\\/\\\/fidovetnorthamerica.com\\\/fr\\\/\"},{\"@type\":\"ListItem\",\"position\":2,\"name\":\"Shop\",\"item\":\"https:\\\/\\\/fidovetnorthamerica.com\\\/negozio\\\/\"},{\"@type\":\"ListItem\",\"position\":3,\"name\":\"CattyFeast Mousse Rich in Duck &#8211; Adult &#8211; 85 g\"}]},{\"@type\":\"WebSite\",\"@id\":\"https:\\\/\\\/fidovetnorthamerica.com\\\/#website\",\"url\":\"https:\\\/\\\/fidovetnorthamerica.com\\\/\",\"name\":\"Fidovet North America\",\"description\":\"\",\"potentialAction\":[{\"@type\":\"SearchAction\",\"target\":{\"@type\":\"EntryPoint\",\"urlTemplate\":\"https:\\\/\\\/fidovetnorthamerica.com\\\/?s={search_term_string}\"},\"query-input\":{\"@type\":\"PropertyValueSpecification\",\"valueRequired\":true,\"valueName\":\"search_term_string\"}}],\"inLanguage\":\"FR\"}]}<\/script>\n<!-- \/ Yoast SEO plugin. -->","yoast_head_json":{"title":"CattyFeast Mousse riche en canard \u2013 Adulte \u2013 85 g","description":"Complete wet pat\u00e9 for adult cats with duck and fish, highly digestible and flavorful, enriched with patented CEC\u00ae formula to support immune defenses, daily vitality and overall well-being.","robots":{"index":"index","follow":"follow","max-snippet":"max-snippet:-1","max-image-preview":"max-image-preview:large","max-video-preview":"max-video-preview:-1"},"canonical":"https:\/\/fidovetnorthamerica.com\/fr\/product\/cattyfeast-mousse-rich-in-duck-adult-85-g\/","og_locale":"fr_CA","og_type":"article","og_title":"[:en]CattyFeast Mousse Rich in Duck - Adult - 85 g[:fr]CattyFeast Mousse riche en canard \u2013 Adulte \u2013 85 g[:] - Fidovet North America","og_description":"Complete wet pat\u00e9 for adult cats with duck and fish, highly digestible and flavorful, enriched with patented CEC\u00ae formula to support immune defenses, daily vitality and overall well-being.","og_url":"https:\/\/fidovetnorthamerica.com\/fr\/product\/cattyfeast-mousse-rich-in-duck-adult-85-g\/","og_site_name":"Fidovet North America","article_modified_time":"2026-01-30T09:51:51+00:00","og_image":[{"width":600,"height":600,"url":"https:\/\/fidovetnorthamerica.com\/wp-content\/uploads\/2026\/01\/mousse-anatra.png","type":"image\/png"}],"twitter_card":"summary_large_image","twitter_misc":{"Estimation du temps de lecture":"2 minutes"},"schema":{"@context":"https:\/\/schema.org","@graph":[{"@type":"WebPage","@id":"https:\/\/fidovetnorthamerica.com\/product\/cattyfeast-mousse-rich-in-duck-adult-85-g\/","url":"https:\/\/fidovetnorthamerica.com\/product\/cattyfeast-mousse-rich-in-duck-adult-85-g\/","name":"CattyFeast Mousse riche en canard \u2013 Adulte \u2013 85 g","isPartOf":{"@id":"https:\/\/fidovetnorthamerica.com\/#website"},"primaryImageOfPage":{"@id":"https:\/\/fidovetnorthamerica.com\/product\/cattyfeast-mousse-rich-in-duck-adult-85-g\/#primaryimage"},"image":{"@id":"https:\/\/fidovetnorthamerica.com\/product\/cattyfeast-mousse-rich-in-duck-adult-85-g\/#primaryimage"},"thumbnailUrl":"https:\/\/fidovetnorthamerica.com\/wp-content\/uploads\/2026\/01\/mousse-anatra.png","datePublished":"2026-01-08T14:55:00+00:00","dateModified":"2026-01-30T09:51:51+00:00","description":"Complete wet pat\u00e9 for adult cats with duck and fish, highly digestible and flavorful, enriched with patented CEC\u00ae formula to support immune defenses, daily vitality and overall well-being.","breadcrumb":{"@id":"https:\/\/fidovetnorthamerica.com\/product\/cattyfeast-mousse-rich-in-duck-adult-85-g\/#breadcrumb"},"inLanguage":"FR","potentialAction":[{"@type":"ReadAction","target":["https:\/\/fidovetnorthamerica.com\/product\/cattyfeast-mousse-rich-in-duck-adult-85-g\/"]}]},{"@type":"ImageObject","inLanguage":"FR","@id":"https:\/\/fidovetnorthamerica.com\/product\/cattyfeast-mousse-rich-in-duck-adult-85-g\/#primaryimage","url":"https:\/\/fidovetnorthamerica.com\/wp-content\/uploads\/2026\/01\/mousse-anatra.png","contentUrl":"https:\/\/fidovetnorthamerica.com\/wp-content\/uploads\/2026\/01\/mousse-anatra.png","width":600,"height":600},{"@type":"BreadcrumbList","@id":"https:\/\/fidovetnorthamerica.com\/product\/cattyfeast-mousse-rich-in-duck-adult-85-g\/#breadcrumb","itemListElement":[{"@type":"ListItem","position":1,"name":"Home","item":"https:\/\/fidovetnorthamerica.com\/fr\/"},{"@type":"ListItem","position":2,"name":"Shop","item":"https:\/\/fidovetnorthamerica.com\/negozio\/"},{"@type":"ListItem","position":3,"name":"CattyFeast Mousse Rich in Duck &#8211; Adult &#8211; 85 g"}]},{"@type":"WebSite","@id":"https:\/\/fidovetnorthamerica.com\/#website","url":"https:\/\/fidovetnorthamerica.com\/","name":"Fidovet North America","description":"","potentialAction":[{"@type":"SearchAction","target":{"@type":"EntryPoint","urlTemplate":"https:\/\/fidovetnorthamerica.com\/?s={search_term_string}"},"query-input":{"@type":"PropertyValueSpecification","valueRequired":true,"valueName":"search_term_string"}}],"inLanguage":"FR"}]}},"_links":{"self":[{"href":"https:\/\/fidovetnorthamerica.com\/fr\/wp-json\/wp\/v2\/product\/1547","targetHints":{"allow":["GET"]}}],"collection":[{"href":"https:\/\/fidovetnorthamerica.com\/fr\/wp-json\/wp\/v2\/product"}],"about":[{"href":"https:\/\/fidovetnorthamerica.com\/fr\/wp-json\/wp\/v2\/types\/product"}],"replies":[{"embeddable":true,"href":"https:\/\/fidovetnorthamerica.com\/fr\/wp-json\/wp\/v2\/comments?post=1547"}],"wp:featuredmedia":[{"embeddable":true,"href":"https:\/\/fidovetnorthamerica.com\/fr\/wp-json\/wp\/v2\/media\/1748"}],"wp:attachment":[{"href":"https:\/\/fidovetnorthamerica.com\/fr\/wp-json\/wp\/v2\/media?parent=1547"}],"wp:term":[{"taxonomy":"product_brand","embeddable":true,"href":"https:\/\/fidovetnorthamerica.com\/fr\/wp-json\/wp\/v2\/product_brand?post=1547"},{"taxonomy":"product_cat","embeddable":true,"href":"https:\/\/fidovetnorthamerica.com\/fr\/wp-json\/wp\/v2\/product_cat?post=1547"},{"taxonomy":"product_tag","embeddable":true,"href":"https:\/\/fidovetnorthamerica.com\/fr\/wp-json\/wp\/v2\/product_tag?post=1547"}],"curies":[{"name":"wp","href":"https:\/\/api.w.org\/{rel}","templated":true}]}}