{"id":1549,"date":"2026-01-08T14:55:00","date_gmt":"2026-01-08T14:55:00","guid":{"rendered":"https:\/\/fidovet-na.com\/?post_type=product&#038;p=1549"},"modified":"2026-01-30T09:53:41","modified_gmt":"2026-01-30T09:53:41","slug":"cattyfeast-musse-rich-in-fish-sterilized-85-g","status":"publish","type":"product","link":"https:\/\/fidovetnorthamerica.com\/fr\/product\/cattyfeast-musse-rich-in-fish-sterilized-85-g\/","title":{"rendered":"CattyFeast Mousse riche en poisson \u2013 Chat st\u00e9rilis\u00e9 \u2013 85 g"},"content":{"rendered":"<h3>Mousse CattyFeast au Poisson pour Chats St\u00e9rilis\u00e9s<\/h3>\n<p>&nbsp;<\/p>\n<p>L\u2019aliment humide pour chats <strong>CattyFeast Sterilized<\/strong> est con\u00e7u pour offrir \u00e0 votre chat st\u00e9rilis\u00e9 un repas <strong>naturel, \u00e9quilibr\u00e9 et hautement app\u00e9tent<\/strong>, soigneusement produit avec une qualit\u00e9 <strong>100 % Made in Italy<\/strong>, garantissant un contr\u00f4le total \u00e0 chaque \u00e9tape de la production, de la s\u00e9lection des ingr\u00e9dients au conditionnement.<\/p>\n<p>La recette est formul\u00e9e conform\u00e9ment aux besoins nutritionnels du chat, <strong>carnivore par nature<\/strong>, et adapt\u00e9e au mode de vie du <strong>chat st\u00e9rilis\u00e9<\/strong>, qui n\u00e9cessite une alimentation ax\u00e9e sur l\u2019\u00e9quilibre \u00e9nerg\u00e9tique. Elle contient <strong>45 % de produits d\u2019origine animale<\/strong>, dont <strong>du poisson (14 %)<\/strong>, une source de prot\u00e9ines hautement digestible et naturellement savoureuse.<\/p>\n<p>La pr\u00e9sence d\u2019<strong>huiles et de graisses<\/strong> contribue \u00e0 fournir l\u2019\u00e9nergie n\u00e9cessaire et \u00e0 soutenir la sant\u00e9 de la peau ainsi que la brillance du pelage, tout en maintenant un profil nutritionnel adapt\u00e9 aux chats st\u00e9rilis\u00e9s. La formulation est con\u00e7ue pour \u00eatre <strong>facilement digestible<\/strong>, ce qui la rend id\u00e9ale m\u00eame pour les chats pr\u00e9sentant des sensibilit\u00e9s alimentaires.<\/p>\n<p>La recette est encore am\u00e9lior\u00e9e par l\u2019ajout de la <strong>Formule CEC\u00ae (0,5 %)<\/strong>, un m\u00e9lange brevet\u00e9 \u00e0 base de <strong>Chlorella Vulgaris, Echinacea Purpurea et Curcuma Longa<\/strong>, d\u00e9velopp\u00e9 pour soutenir naturellement la <strong>vitalit\u00e9, les d\u00e9fenses naturelles et le bien-\u00eatre g\u00e9n\u00e9ral<\/strong>.<\/p>\n<p><strong>CattyFeast Mousse riche en Poisson<\/strong> est un <strong>aliment complet et \u00e9quilibr\u00e9<\/strong>, id\u00e9al pour l\u2019alimentation quotidienne des chats st\u00e9rilis\u00e9s, sans besoin de suppl\u00e9mentation. Une recette simple, authentique et tr\u00e8s app\u00e9tente, con\u00e7ue pour satisfaire m\u00eame les palais les plus exigeants.<\/p>\n","protected":false},"excerpt":{"rendered":"<p>CattyFeast Mousse au Poisson pour Chats St\u00e9rilis\u00e9s est un aliment humide complet \u00e0 base de <strong>poisson<\/strong>, formul\u00e9 pour r\u00e9pondre aux besoins nutritionnels des <strong>chats st\u00e9rilis\u00e9s<\/strong>. Enrichi de la <strong>formule brevet\u00e9e CEC\u00ae<\/strong>, il soutient le bien-\u00eatre g\u00e9n\u00e9ral, les d\u00e9fenses immunitaires et la vitalit\u00e9 quotidienne. Une mousse douce, savoureuse et facilement digestible, id\u00e9ale pour l\u2019alimentation quotidienne.<\/p>\n","protected":false},"featured_media":1760,"comment_status":"open","ping_status":"closed","template":"","meta":[],"product_brand":[],"product_cat":[101,15],"product_tag":[],"class_list":{"0":"post-1549","1":"product","2":"type-product","3":"status-publish","4":"has-post-thumbnail","6":"product_cat-cattyfeast","7":"product_cat-fidovet","8":"","10":"first","11":"instock","12":"shipping-taxable","13":"purchasable","14":"product-type-simple"},"yoast_head":"<!-- This site is optimized with the Yoast SEO plugin v27.3 - https:\/\/yoast.com\/product\/yoast-seo-wordpress\/ -->\n<title>CattyFeast Mousse riche en poisson \u2013 Chat st\u00e9rilis\u00e9 \u2013 85 g<\/title>\n<meta name=\"description\" content=\"Complete wet mousse for sterilized cats made with fish, formulated to meet their specific nutritional needs and enriched with patented CEC\u00ae formula to support immune defenses, daily vitality and overall well-being.\" \/>\n<meta name=\"robots\" content=\"index, follow, max-snippet:-1, max-image-preview:large, max-video-preview:-1\" \/>\n<link rel=\"canonical\" href=\"https:\/\/fidovetnorthamerica.com\/fr\/product\/cattyfeast-musse-rich-in-fish-sterilized-85-g\/\" \/>\n<meta property=\"og:locale\" content=\"fr_CA\" \/>\n<meta property=\"og:locale:alternate\" content=\"en_US\" \/>\n<meta property=\"og:type\" content=\"article\" \/>\n<meta property=\"og:title\" content=\"CattyFeast Mousse riche en poisson \u2013 Chat st\u00e9rilis\u00e9 \u2013 85 g\" \/>\n<meta property=\"og:description\" content=\"Complete wet mousse for sterilized cats made with fish, formulated to meet their specific nutritional needs and enriched with patented CEC\u00ae formula to support immune defenses, daily vitality and overall well-being.\" \/>\n<meta property=\"og:url\" content=\"https:\/\/fidovetnorthamerica.com\/fr\/product\/cattyfeast-musse-rich-in-fish-sterilized-85-g\/\" \/>\n<meta property=\"og:site_name\" content=\"Fidovet North America\" \/>\n<meta property=\"article:modified_time\" content=\"2026-01-30T09:53:41+00:00\" \/>\n<meta property=\"og:image\" content=\"https:\/\/fidovetnorthamerica.com\/wp-content\/uploads\/2026\/01\/mousse-pesce.png\" \/>\n\t<meta property=\"og:image:width\" content=\"600\" \/>\n\t<meta property=\"og:image:height\" content=\"600\" \/>\n\t<meta property=\"og:image:type\" content=\"image\/png\" \/>\n<meta name=\"twitter:card\" content=\"summary_large_image\" \/>\n<meta name=\"twitter:label1\" content=\"Estimation du temps de lecture\" \/>\n\t<meta name=\"twitter:data1\" content=\"2 minutes\" \/>\n<script type=\"application\/ld+json\" class=\"yoast-schema-graph\">{\"@context\":\"https:\\\/\\\/schema.org\",\"@graph\":[{\"@type\":\"WebPage\",\"@id\":\"https:\\\/\\\/fidovetnorthamerica.com\\\/product\\\/cattyfeast-musse-rich-in-fish-sterilized-85-g\\\/\",\"url\":\"https:\\\/\\\/fidovetnorthamerica.com\\\/product\\\/cattyfeast-musse-rich-in-fish-sterilized-85-g\\\/\",\"name\":\"CattyFeast Mousse riche en poisson \u2013 Chat st\u00e9rilis\u00e9 \u2013 85 g\",\"isPartOf\":{\"@id\":\"https:\\\/\\\/fidovetnorthamerica.com\\\/#website\"},\"primaryImageOfPage\":{\"@id\":\"https:\\\/\\\/fidovetnorthamerica.com\\\/product\\\/cattyfeast-musse-rich-in-fish-sterilized-85-g\\\/#primaryimage\"},\"image\":{\"@id\":\"https:\\\/\\\/fidovetnorthamerica.com\\\/product\\\/cattyfeast-musse-rich-in-fish-sterilized-85-g\\\/#primaryimage\"},\"thumbnailUrl\":\"https:\\\/\\\/fidovetnorthamerica.com\\\/wp-content\\\/uploads\\\/2026\\\/01\\\/mousse-pesce.png\",\"datePublished\":\"2026-01-08T14:55:00+00:00\",\"dateModified\":\"2026-01-30T09:53:41+00:00\",\"description\":\"Complete wet mousse for sterilized cats made with fish, formulated to meet their specific nutritional needs and enriched with patented CEC\u00ae formula to support immune defenses, daily vitality and overall well-being.\",\"breadcrumb\":{\"@id\":\"https:\\\/\\\/fidovetnorthamerica.com\\\/product\\\/cattyfeast-musse-rich-in-fish-sterilized-85-g\\\/#breadcrumb\"},\"inLanguage\":\"FR\",\"potentialAction\":[{\"@type\":\"ReadAction\",\"target\":[\"https:\\\/\\\/fidovetnorthamerica.com\\\/product\\\/cattyfeast-musse-rich-in-fish-sterilized-85-g\\\/\"]}]},{\"@type\":\"ImageObject\",\"inLanguage\":\"FR\",\"@id\":\"https:\\\/\\\/fidovetnorthamerica.com\\\/product\\\/cattyfeast-musse-rich-in-fish-sterilized-85-g\\\/#primaryimage\",\"url\":\"https:\\\/\\\/fidovetnorthamerica.com\\\/wp-content\\\/uploads\\\/2026\\\/01\\\/mousse-pesce.png\",\"contentUrl\":\"https:\\\/\\\/fidovetnorthamerica.com\\\/wp-content\\\/uploads\\\/2026\\\/01\\\/mousse-pesce.png\",\"width\":600,\"height\":600},{\"@type\":\"BreadcrumbList\",\"@id\":\"https:\\\/\\\/fidovetnorthamerica.com\\\/product\\\/cattyfeast-musse-rich-in-fish-sterilized-85-g\\\/#breadcrumb\",\"itemListElement\":[{\"@type\":\"ListItem\",\"position\":1,\"name\":\"Home\",\"item\":\"https:\\\/\\\/fidovetnorthamerica.com\\\/fr\\\/\"},{\"@type\":\"ListItem\",\"position\":2,\"name\":\"Shop\",\"item\":\"https:\\\/\\\/fidovetnorthamerica.com\\\/negozio\\\/\"},{\"@type\":\"ListItem\",\"position\":3,\"name\":\"CattyFeast Mousse rich in Fish- Sterilized &#8211; 85 g\"}]},{\"@type\":\"WebSite\",\"@id\":\"https:\\\/\\\/fidovetnorthamerica.com\\\/#website\",\"url\":\"https:\\\/\\\/fidovetnorthamerica.com\\\/\",\"name\":\"Fidovet North America\",\"description\":\"\",\"potentialAction\":[{\"@type\":\"SearchAction\",\"target\":{\"@type\":\"EntryPoint\",\"urlTemplate\":\"https:\\\/\\\/fidovetnorthamerica.com\\\/?s={search_term_string}\"},\"query-input\":{\"@type\":\"PropertyValueSpecification\",\"valueRequired\":true,\"valueName\":\"search_term_string\"}}],\"inLanguage\":\"FR\"}]}<\/script>\n<!-- \/ Yoast SEO plugin. -->","yoast_head_json":{"title":"CattyFeast Mousse riche en poisson \u2013 Chat st\u00e9rilis\u00e9 \u2013 85 g","description":"Complete wet mousse for sterilized cats made with fish, formulated to meet their specific nutritional needs and enriched with patented CEC\u00ae formula to support immune defenses, daily vitality and overall well-being.","robots":{"index":"index","follow":"follow","max-snippet":"max-snippet:-1","max-image-preview":"max-image-preview:large","max-video-preview":"max-video-preview:-1"},"canonical":"https:\/\/fidovetnorthamerica.com\/fr\/product\/cattyfeast-musse-rich-in-fish-sterilized-85-g\/","og_locale":"fr_CA","og_type":"article","og_title":"[:en]CattyFeast Mousse rich in Fish- Sterilized - 85 g[:fr]CattyFeast Mousse riche en poisson \u2013 Chat st\u00e9rilis\u00e9 \u2013 85 g[:] - Fidovet North America","og_description":"Complete wet mousse for sterilized cats made with fish, formulated to meet their specific nutritional needs and enriched with patented CEC\u00ae formula to support immune defenses, daily vitality and overall well-being.","og_url":"https:\/\/fidovetnorthamerica.com\/fr\/product\/cattyfeast-musse-rich-in-fish-sterilized-85-g\/","og_site_name":"Fidovet North America","article_modified_time":"2026-01-30T09:53:41+00:00","og_image":[{"width":600,"height":600,"url":"https:\/\/fidovetnorthamerica.com\/wp-content\/uploads\/2026\/01\/mousse-pesce.png","type":"image\/png"}],"twitter_card":"summary_large_image","twitter_misc":{"Estimation du temps de lecture":"2 minutes"},"schema":{"@context":"https:\/\/schema.org","@graph":[{"@type":"WebPage","@id":"https:\/\/fidovetnorthamerica.com\/product\/cattyfeast-musse-rich-in-fish-sterilized-85-g\/","url":"https:\/\/fidovetnorthamerica.com\/product\/cattyfeast-musse-rich-in-fish-sterilized-85-g\/","name":"CattyFeast Mousse riche en poisson \u2013 Chat st\u00e9rilis\u00e9 \u2013 85 g","isPartOf":{"@id":"https:\/\/fidovetnorthamerica.com\/#website"},"primaryImageOfPage":{"@id":"https:\/\/fidovetnorthamerica.com\/product\/cattyfeast-musse-rich-in-fish-sterilized-85-g\/#primaryimage"},"image":{"@id":"https:\/\/fidovetnorthamerica.com\/product\/cattyfeast-musse-rich-in-fish-sterilized-85-g\/#primaryimage"},"thumbnailUrl":"https:\/\/fidovetnorthamerica.com\/wp-content\/uploads\/2026\/01\/mousse-pesce.png","datePublished":"2026-01-08T14:55:00+00:00","dateModified":"2026-01-30T09:53:41+00:00","description":"Complete wet mousse for sterilized cats made with fish, formulated to meet their specific nutritional needs and enriched with patented CEC\u00ae formula to support immune defenses, daily vitality and overall well-being.","breadcrumb":{"@id":"https:\/\/fidovetnorthamerica.com\/product\/cattyfeast-musse-rich-in-fish-sterilized-85-g\/#breadcrumb"},"inLanguage":"FR","potentialAction":[{"@type":"ReadAction","target":["https:\/\/fidovetnorthamerica.com\/product\/cattyfeast-musse-rich-in-fish-sterilized-85-g\/"]}]},{"@type":"ImageObject","inLanguage":"FR","@id":"https:\/\/fidovetnorthamerica.com\/product\/cattyfeast-musse-rich-in-fish-sterilized-85-g\/#primaryimage","url":"https:\/\/fidovetnorthamerica.com\/wp-content\/uploads\/2026\/01\/mousse-pesce.png","contentUrl":"https:\/\/fidovetnorthamerica.com\/wp-content\/uploads\/2026\/01\/mousse-pesce.png","width":600,"height":600},{"@type":"BreadcrumbList","@id":"https:\/\/fidovetnorthamerica.com\/product\/cattyfeast-musse-rich-in-fish-sterilized-85-g\/#breadcrumb","itemListElement":[{"@type":"ListItem","position":1,"name":"Home","item":"https:\/\/fidovetnorthamerica.com\/fr\/"},{"@type":"ListItem","position":2,"name":"Shop","item":"https:\/\/fidovetnorthamerica.com\/negozio\/"},{"@type":"ListItem","position":3,"name":"CattyFeast Mousse rich in Fish- Sterilized &#8211; 85 g"}]},{"@type":"WebSite","@id":"https:\/\/fidovetnorthamerica.com\/#website","url":"https:\/\/fidovetnorthamerica.com\/","name":"Fidovet North America","description":"","potentialAction":[{"@type":"SearchAction","target":{"@type":"EntryPoint","urlTemplate":"https:\/\/fidovetnorthamerica.com\/?s={search_term_string}"},"query-input":{"@type":"PropertyValueSpecification","valueRequired":true,"valueName":"search_term_string"}}],"inLanguage":"FR"}]}},"_links":{"self":[{"href":"https:\/\/fidovetnorthamerica.com\/fr\/wp-json\/wp\/v2\/product\/1549","targetHints":{"allow":["GET"]}}],"collection":[{"href":"https:\/\/fidovetnorthamerica.com\/fr\/wp-json\/wp\/v2\/product"}],"about":[{"href":"https:\/\/fidovetnorthamerica.com\/fr\/wp-json\/wp\/v2\/types\/product"}],"replies":[{"embeddable":true,"href":"https:\/\/fidovetnorthamerica.com\/fr\/wp-json\/wp\/v2\/comments?post=1549"}],"wp:featuredmedia":[{"embeddable":true,"href":"https:\/\/fidovetnorthamerica.com\/fr\/wp-json\/wp\/v2\/media\/1760"}],"wp:attachment":[{"href":"https:\/\/fidovetnorthamerica.com\/fr\/wp-json\/wp\/v2\/media?parent=1549"}],"wp:term":[{"taxonomy":"product_brand","embeddable":true,"href":"https:\/\/fidovetnorthamerica.com\/fr\/wp-json\/wp\/v2\/product_brand?post=1549"},{"taxonomy":"product_cat","embeddable":true,"href":"https:\/\/fidovetnorthamerica.com\/fr\/wp-json\/wp\/v2\/product_cat?post=1549"},{"taxonomy":"product_tag","embeddable":true,"href":"https:\/\/fidovetnorthamerica.com\/fr\/wp-json\/wp\/v2\/product_tag?post=1549"}],"curies":[{"name":"wp","href":"https:\/\/api.w.org\/{rel}","templated":true}]}}