{"id":1551,"date":"2026-01-08T14:55:00","date_gmt":"2026-01-08T14:55:00","guid":{"rendered":"https:\/\/fidovet-na.com\/?post_type=product&#038;p=1551"},"modified":"2026-01-30T09:55:27","modified_gmt":"2026-01-30T09:55:27","slug":"cattyfeast-pate-chicken-and-egg-kitten-85-g","status":"publish","type":"product","link":"https:\/\/fidovetnorthamerica.com\/fr\/product\/cattyfeast-pate-chicken-and-egg-kitten-85-g\/","title":{"rendered":"CattyFeast P\u00e2t\u00e9 riche en poulet et \u0153uf \u2013 Chaton \u2013 85 g"},"content":{"rendered":"<h3>CattyFeast P\u00e2t\u00e9 au poulet et \u00e0 l\u2019\u0153uf pour chatons<\/h3>\n<p>&nbsp;<\/p>\n<p>L\u2019aliment humide pour chatons <strong>CattyFeast Kitten<\/strong> est con\u00e7u pour offrir \u00e0 votre chaton un repas <strong>naturel, savoureux et nutritif<\/strong>, \u00e9labor\u00e9 avec une qualit\u00e9 <strong>100 % Made in Italy<\/strong>, avec un contr\u00f4le total de chaque \u00e9tape de production, de la s\u00e9lection des ingr\u00e9dients au conditionnement.<\/p>\n<p>La recette est formul\u00e9e conform\u00e9ment aux besoins nutritionnels du chaton, <strong>carnivore par nature<\/strong>, et pens\u00e9e pour soutenir une croissance \u00e9quilibr\u00e9e. Elle contient <strong>55 % de produits d\u2019origine animale<\/strong>, dont du <strong>poulet (20 %)<\/strong>, une source de prot\u00e9ines hautement digestible id\u00e9ale pour favoriser le d\u00e9veloppement musculaire, associ\u00e9 \u00e0 du <strong>poisson (10 %)<\/strong>, naturellement app\u00e9tent et riche en nutriments essentiels. La pr\u00e9sence d\u2019<strong>\u0153ufs (0,5 %)<\/strong> apporte des prot\u00e9ines \u00e0 haute valeur biologique, indispensables \u00e0 la croissance.<\/p>\n<p>La pr\u00e9sence d\u2019<strong>huiles et de graisses<\/strong> garantit un apport \u00e9nerg\u00e9tique adapt\u00e9 \u00e0 la phase de d\u00e9veloppement et soutient le d\u00e9veloppement du syst\u00e8me nerveux, ainsi que la sant\u00e9 de la peau et la brillance du pelage. La texture douce en p\u00e2t\u00e9 est particuli\u00e8rement adapt\u00e9e aux chatons pendant la p\u00e9riode de sevrage.<\/p>\n<p>La formulation est encore enrichie par l\u2019ajout de la <strong>formule CEC\u00ae (0,5 %)<\/strong>, un m\u00e9lange brevet\u00e9 \u00e0 base de <strong>Chlorella vulgaris, Echinacea purpurea et Curcuma longa<\/strong>, d\u00e9velopp\u00e9 pour soutenir les <strong>d\u00e9fenses naturelles, la vitalit\u00e9 et le bien-\u00eatre g\u00e9n\u00e9ral<\/strong> d\u00e8s les premiers mois de vie.<\/p>\n","protected":false},"excerpt":{"rendered":"<p>Le <strong>p\u00e2t\u00e9 CattyFeast Kitten au poulet<\/strong> est un aliment humide complet \u00e9labor\u00e9 avec du <strong>poulet, du poisson et des \u0153ufs<\/strong>, formul\u00e9 pour soutenir une <strong>croissance saine et \u00e9quilibr\u00e9e des chatons<\/strong>. Enrichi de la <strong>formule brevet\u00e9e CEC\u00ae<\/strong>, il favorise les d\u00e9fenses immunitaires et la vitalit\u00e9 d\u00e8s les premiers stades de la vie. Un p\u00e2t\u00e9 \u00e0 la texture douce, savoureux et facilement digestible, id\u00e9al pour l\u2019alimentation quotidienne du chaton.<\/p>\n","protected":false},"featured_media":1752,"comment_status":"open","ping_status":"closed","template":"","meta":[],"product_brand":[],"product_cat":[101,15],"product_tag":[],"class_list":{"0":"post-1551","1":"product","2":"type-product","3":"status-publish","4":"has-post-thumbnail","6":"product_cat-cattyfeast","7":"product_cat-fidovet","8":"","10":"first","11":"instock","12":"shipping-taxable","13":"purchasable","14":"product-type-simple"},"yoast_head":"<!-- This site is optimized with the Yoast SEO plugin v27.3 - https:\/\/yoast.com\/product\/yoast-seo-wordpress\/ -->\n<title>CattyFeast P\u00e2t\u00e9 riche en poulet et \u0153uf \u2013 Chaton \u2013 85 g<\/title>\n<meta name=\"description\" content=\"Complete wet pat\u00e9 for kittens with chicken, fish and eggs, formulated to support healthy growth and balanced development, enriched with patented CEC\u00ae formula to promote immune defenses, vitality and easy digestion from the earliest stages of life.\" \/>\n<meta name=\"robots\" content=\"index, follow, max-snippet:-1, max-image-preview:large, max-video-preview:-1\" \/>\n<link rel=\"canonical\" href=\"https:\/\/fidovetnorthamerica.com\/fr\/product\/cattyfeast-pate-chicken-and-egg-kitten-85-g\/\" \/>\n<meta property=\"og:locale\" content=\"fr_CA\" \/>\n<meta property=\"og:locale:alternate\" content=\"en_US\" \/>\n<meta property=\"og:type\" content=\"article\" \/>\n<meta property=\"og:title\" content=\"CattyFeast P\u00e2t\u00e9 riche en poulet et \u0153uf \u2013 Chaton \u2013 85 g\" \/>\n<meta property=\"og:description\" content=\"Complete wet pat\u00e9 for kittens with chicken, fish and eggs, formulated to support healthy growth and balanced development, enriched with patented CEC\u00ae formula to promote immune defenses, vitality and easy digestion from the earliest stages of life.\" \/>\n<meta property=\"og:url\" content=\"https:\/\/fidovetnorthamerica.com\/fr\/product\/cattyfeast-pate-chicken-and-egg-kitten-85-g\/\" \/>\n<meta property=\"og:site_name\" content=\"Fidovet North America\" \/>\n<meta property=\"article:modified_time\" content=\"2026-01-30T09:55:27+00:00\" \/>\n<meta property=\"og:image\" content=\"https:\/\/fidovetnorthamerica.com\/wp-content\/uploads\/2026\/01\/pate_-pollouova.png\" \/>\n\t<meta property=\"og:image:width\" content=\"600\" \/>\n\t<meta property=\"og:image:height\" content=\"600\" \/>\n\t<meta property=\"og:image:type\" content=\"image\/png\" \/>\n<meta name=\"twitter:card\" content=\"summary_large_image\" \/>\n<meta name=\"twitter:label1\" content=\"Estimation du temps de lecture\" \/>\n\t<meta name=\"twitter:data1\" content=\"2 minutes\" \/>\n<script type=\"application\/ld+json\" class=\"yoast-schema-graph\">{\"@context\":\"https:\\\/\\\/schema.org\",\"@graph\":[{\"@type\":\"WebPage\",\"@id\":\"https:\\\/\\\/fidovetnorthamerica.com\\\/product\\\/cattyfeast-pate-chicken-and-egg-kitten-85-g\\\/\",\"url\":\"https:\\\/\\\/fidovetnorthamerica.com\\\/product\\\/cattyfeast-pate-chicken-and-egg-kitten-85-g\\\/\",\"name\":\"CattyFeast P\u00e2t\u00e9 riche en poulet et \u0153uf \u2013 Chaton \u2013 85 g\",\"isPartOf\":{\"@id\":\"https:\\\/\\\/fidovetnorthamerica.com\\\/#website\"},\"primaryImageOfPage\":{\"@id\":\"https:\\\/\\\/fidovetnorthamerica.com\\\/product\\\/cattyfeast-pate-chicken-and-egg-kitten-85-g\\\/#primaryimage\"},\"image\":{\"@id\":\"https:\\\/\\\/fidovetnorthamerica.com\\\/product\\\/cattyfeast-pate-chicken-and-egg-kitten-85-g\\\/#primaryimage\"},\"thumbnailUrl\":\"https:\\\/\\\/fidovetnorthamerica.com\\\/wp-content\\\/uploads\\\/2026\\\/01\\\/pate_-pollouova.png\",\"datePublished\":\"2026-01-08T14:55:00+00:00\",\"dateModified\":\"2026-01-30T09:55:27+00:00\",\"description\":\"Complete wet pat\u00e9 for kittens with chicken, fish and eggs, formulated to support healthy growth and balanced development, enriched with patented CEC\u00ae formula to promote immune defenses, vitality and easy digestion from the earliest stages of life.\",\"breadcrumb\":{\"@id\":\"https:\\\/\\\/fidovetnorthamerica.com\\\/product\\\/cattyfeast-pate-chicken-and-egg-kitten-85-g\\\/#breadcrumb\"},\"inLanguage\":\"FR\",\"potentialAction\":[{\"@type\":\"ReadAction\",\"target\":[\"https:\\\/\\\/fidovetnorthamerica.com\\\/product\\\/cattyfeast-pate-chicken-and-egg-kitten-85-g\\\/\"]}]},{\"@type\":\"ImageObject\",\"inLanguage\":\"FR\",\"@id\":\"https:\\\/\\\/fidovetnorthamerica.com\\\/product\\\/cattyfeast-pate-chicken-and-egg-kitten-85-g\\\/#primaryimage\",\"url\":\"https:\\\/\\\/fidovetnorthamerica.com\\\/wp-content\\\/uploads\\\/2026\\\/01\\\/pate_-pollouova.png\",\"contentUrl\":\"https:\\\/\\\/fidovetnorthamerica.com\\\/wp-content\\\/uploads\\\/2026\\\/01\\\/pate_-pollouova.png\",\"width\":600,\"height\":600},{\"@type\":\"BreadcrumbList\",\"@id\":\"https:\\\/\\\/fidovetnorthamerica.com\\\/product\\\/cattyfeast-pate-chicken-and-egg-kitten-85-g\\\/#breadcrumb\",\"itemListElement\":[{\"@type\":\"ListItem\",\"position\":1,\"name\":\"Home\",\"item\":\"https:\\\/\\\/fidovetnorthamerica.com\\\/fr\\\/\"},{\"@type\":\"ListItem\",\"position\":2,\"name\":\"Shop\",\"item\":\"https:\\\/\\\/fidovetnorthamerica.com\\\/negozio\\\/\"},{\"@type\":\"ListItem\",\"position\":3,\"name\":\"CattyFeast Pat\u00e8 rich in Chicken and Egg &#8211; Kitten &#8211; 85 g\"}]},{\"@type\":\"WebSite\",\"@id\":\"https:\\\/\\\/fidovetnorthamerica.com\\\/#website\",\"url\":\"https:\\\/\\\/fidovetnorthamerica.com\\\/\",\"name\":\"Fidovet North America\",\"description\":\"\",\"potentialAction\":[{\"@type\":\"SearchAction\",\"target\":{\"@type\":\"EntryPoint\",\"urlTemplate\":\"https:\\\/\\\/fidovetnorthamerica.com\\\/?s={search_term_string}\"},\"query-input\":{\"@type\":\"PropertyValueSpecification\",\"valueRequired\":true,\"valueName\":\"search_term_string\"}}],\"inLanguage\":\"FR\"}]}<\/script>\n<!-- \/ Yoast SEO plugin. -->","yoast_head_json":{"title":"CattyFeast P\u00e2t\u00e9 riche en poulet et \u0153uf \u2013 Chaton \u2013 85 g","description":"Complete wet pat\u00e9 for kittens with chicken, fish and eggs, formulated to support healthy growth and balanced development, enriched with patented CEC\u00ae formula to promote immune defenses, vitality and easy digestion from the earliest stages of life.","robots":{"index":"index","follow":"follow","max-snippet":"max-snippet:-1","max-image-preview":"max-image-preview:large","max-video-preview":"max-video-preview:-1"},"canonical":"https:\/\/fidovetnorthamerica.com\/fr\/product\/cattyfeast-pate-chicken-and-egg-kitten-85-g\/","og_locale":"fr_CA","og_type":"article","og_title":"[:en]CattyFeast Pat\u00e8 rich in Chicken and Egg - Kitten - 85 g[:fr]CattyFeast P\u00e2t\u00e9 riche en poulet et \u0153uf \u2013 Chaton \u2013 85 g[:] - Fidovet North America","og_description":"Complete wet pat\u00e9 for kittens with chicken, fish and eggs, formulated to support healthy growth and balanced development, enriched with patented CEC\u00ae formula to promote immune defenses, vitality and easy digestion from the earliest stages of life.","og_url":"https:\/\/fidovetnorthamerica.com\/fr\/product\/cattyfeast-pate-chicken-and-egg-kitten-85-g\/","og_site_name":"Fidovet North America","article_modified_time":"2026-01-30T09:55:27+00:00","og_image":[{"width":600,"height":600,"url":"https:\/\/fidovetnorthamerica.com\/wp-content\/uploads\/2026\/01\/pate_-pollouova.png","type":"image\/png"}],"twitter_card":"summary_large_image","twitter_misc":{"Estimation du temps de lecture":"2 minutes"},"schema":{"@context":"https:\/\/schema.org","@graph":[{"@type":"WebPage","@id":"https:\/\/fidovetnorthamerica.com\/product\/cattyfeast-pate-chicken-and-egg-kitten-85-g\/","url":"https:\/\/fidovetnorthamerica.com\/product\/cattyfeast-pate-chicken-and-egg-kitten-85-g\/","name":"CattyFeast P\u00e2t\u00e9 riche en poulet et \u0153uf \u2013 Chaton \u2013 85 g","isPartOf":{"@id":"https:\/\/fidovetnorthamerica.com\/#website"},"primaryImageOfPage":{"@id":"https:\/\/fidovetnorthamerica.com\/product\/cattyfeast-pate-chicken-and-egg-kitten-85-g\/#primaryimage"},"image":{"@id":"https:\/\/fidovetnorthamerica.com\/product\/cattyfeast-pate-chicken-and-egg-kitten-85-g\/#primaryimage"},"thumbnailUrl":"https:\/\/fidovetnorthamerica.com\/wp-content\/uploads\/2026\/01\/pate_-pollouova.png","datePublished":"2026-01-08T14:55:00+00:00","dateModified":"2026-01-30T09:55:27+00:00","description":"Complete wet pat\u00e9 for kittens with chicken, fish and eggs, formulated to support healthy growth and balanced development, enriched with patented CEC\u00ae formula to promote immune defenses, vitality and easy digestion from the earliest stages of life.","breadcrumb":{"@id":"https:\/\/fidovetnorthamerica.com\/product\/cattyfeast-pate-chicken-and-egg-kitten-85-g\/#breadcrumb"},"inLanguage":"FR","potentialAction":[{"@type":"ReadAction","target":["https:\/\/fidovetnorthamerica.com\/product\/cattyfeast-pate-chicken-and-egg-kitten-85-g\/"]}]},{"@type":"ImageObject","inLanguage":"FR","@id":"https:\/\/fidovetnorthamerica.com\/product\/cattyfeast-pate-chicken-and-egg-kitten-85-g\/#primaryimage","url":"https:\/\/fidovetnorthamerica.com\/wp-content\/uploads\/2026\/01\/pate_-pollouova.png","contentUrl":"https:\/\/fidovetnorthamerica.com\/wp-content\/uploads\/2026\/01\/pate_-pollouova.png","width":600,"height":600},{"@type":"BreadcrumbList","@id":"https:\/\/fidovetnorthamerica.com\/product\/cattyfeast-pate-chicken-and-egg-kitten-85-g\/#breadcrumb","itemListElement":[{"@type":"ListItem","position":1,"name":"Home","item":"https:\/\/fidovetnorthamerica.com\/fr\/"},{"@type":"ListItem","position":2,"name":"Shop","item":"https:\/\/fidovetnorthamerica.com\/negozio\/"},{"@type":"ListItem","position":3,"name":"CattyFeast Pat\u00e8 rich in Chicken and Egg &#8211; Kitten &#8211; 85 g"}]},{"@type":"WebSite","@id":"https:\/\/fidovetnorthamerica.com\/#website","url":"https:\/\/fidovetnorthamerica.com\/","name":"Fidovet North America","description":"","potentialAction":[{"@type":"SearchAction","target":{"@type":"EntryPoint","urlTemplate":"https:\/\/fidovetnorthamerica.com\/?s={search_term_string}"},"query-input":{"@type":"PropertyValueSpecification","valueRequired":true,"valueName":"search_term_string"}}],"inLanguage":"FR"}]}},"_links":{"self":[{"href":"https:\/\/fidovetnorthamerica.com\/fr\/wp-json\/wp\/v2\/product\/1551","targetHints":{"allow":["GET"]}}],"collection":[{"href":"https:\/\/fidovetnorthamerica.com\/fr\/wp-json\/wp\/v2\/product"}],"about":[{"href":"https:\/\/fidovetnorthamerica.com\/fr\/wp-json\/wp\/v2\/types\/product"}],"replies":[{"embeddable":true,"href":"https:\/\/fidovetnorthamerica.com\/fr\/wp-json\/wp\/v2\/comments?post=1551"}],"wp:featuredmedia":[{"embeddable":true,"href":"https:\/\/fidovetnorthamerica.com\/fr\/wp-json\/wp\/v2\/media\/1752"}],"wp:attachment":[{"href":"https:\/\/fidovetnorthamerica.com\/fr\/wp-json\/wp\/v2\/media?parent=1551"}],"wp:term":[{"taxonomy":"product_brand","embeddable":true,"href":"https:\/\/fidovetnorthamerica.com\/fr\/wp-json\/wp\/v2\/product_brand?post=1551"},{"taxonomy":"product_cat","embeddable":true,"href":"https:\/\/fidovetnorthamerica.com\/fr\/wp-json\/wp\/v2\/product_cat?post=1551"},{"taxonomy":"product_tag","embeddable":true,"href":"https:\/\/fidovetnorthamerica.com\/fr\/wp-json\/wp\/v2\/product_tag?post=1551"}],"curies":[{"name":"wp","href":"https:\/\/api.w.org\/{rel}","templated":true}]}}