{"id":1572,"date":"2026-01-08T14:56:15","date_gmt":"2026-01-08T14:56:15","guid":{"rendered":"https:\/\/fidovet-na.com\/?post_type=product&#038;p=1572"},"modified":"2026-01-30T10:02:13","modified_gmt":"2026-01-30T10:02:13","slug":"detox-action-oil-125ml","status":"publish","type":"product","link":"https:\/\/fidovetnorthamerica.com\/fr\/product\/detox-action-oil-125ml\/","title":{"rendered":"Huile \u00e0 action d\u00e9tox \u2013 125 ml"},"content":{"rendered":"<h3><strong>Huile d\u00e9toxifiante naturelle \u00e0 base de chlorella, pr\u00eale, chardon-marie et pissenlit<\/strong><\/h3>\n<p>&nbsp;<\/p>\n<p><strong>L\u2019huile d\u00e9toxifiante naturelle<\/strong> est une formulation con\u00e7ue pour soutenir le bien-\u00eatre g\u00e9n\u00e9ral gr\u00e2ce \u00e0 un m\u00e9lange complet d\u2019ingr\u00e9dients d\u2019origine v\u00e9g\u00e9tale soigneusement s\u00e9lectionn\u00e9s. Sa base d\u2019<strong>huile de lin (92 %)<\/strong>, naturellement riche en acides gras, est enrichie en <strong>maltodextrines<\/strong>, en <strong>algue chlorella<\/strong> et en un complexe d\u2019extraits botaniques reconnus pour leurs propri\u00e9t\u00e9s fonctionnelles.<\/p>\n<p>L\u2019association de la <strong>pr\u00eale<\/strong>, du <strong>chardon-marie<\/strong> et du <strong>pissenlit<\/strong> est traditionnellement utilis\u00e9e pour soutenir les processus naturels de d\u00e9toxification de l\u2019organisme. Ces extraits agissent en synergie pour favoriser l\u2019\u00e9limination des substances ind\u00e9sirables et contribuer \u00e0 l\u2019\u00e9quilibre m\u00e9tabolique normal.<\/p>\n<p>La formule est con\u00e7ue pour :<\/p>\n<ul>\n<li><strong>Soutenir les processus naturels de d\u00e9toxification de l\u2019organisme<\/strong> ;<\/li>\n<li>Favoriser le bien-\u00eatre normal du <strong>foie et des reins<\/strong> ;<\/li>\n<li>Aider \u00e0 maintenir une <strong>digestion \u00e9quilibr\u00e9e<\/strong> ;<\/li>\n<li>Contribuer \u00e0 l\u2019\u00e9quilibre physiologique des processus m\u00e9taboliques.<\/li>\n<\/ul>\n<p>L\u2019ajout de <strong>chlorella<\/strong>, une microalgue riche en nutriments, apporte un soutien naturel au bien-\u00eatre quotidien, tandis que les extraits botaniques compl\u00e8tent l\u2019action en favorisant le confort digestif et l\u2019\u00e9quilibre m\u00e9tabolique.<\/p>\n<p>Facile \u00e0 int\u00e9grer \u00e0 l\u2019alimentation quotidienne, cette huile repr\u00e9sente un pr\u00e9cieux soutien naturel pour ceux qui souhaitent favoriser une sensation de bien-\u00eatre int\u00e9rieur et de vitalit\u00e9.<\/p>\n","protected":false},"excerpt":{"rendered":"<p><strong>Huile D\u00e9tox Action \u2013 125 ml<\/strong> est un compl\u00e9ment naturel con\u00e7u pour soutenir la fonction d\u00e9toxifiante et le bien-\u00eatre g\u00e9n\u00e9ral des chiens et des chats. Elle aide l\u2019organisme \u00e0 \u00e9liminer les toxines et favorise l\u2019\u00e9quilibre et la vitalit\u00e9. <strong>Mode d\u2019emploi :<\/strong> ajouter au repas <strong>1 cuill\u00e8re \u00e0 caf\u00e9 pour 5 kg de poids corporel<\/strong>, apr\u00e8s avoir bien agit\u00e9 le produit.<\/p>\n","protected":false},"featured_media":1716,"comment_status":"open","ping_status":"closed","template":"","meta":[],"product_brand":[],"product_cat":[15,103],"product_tag":[],"class_list":{"0":"post-1572","1":"product","2":"type-product","3":"status-publish","4":"has-post-thumbnail","6":"product_cat-fidovet","7":"product_cat-immunis","8":"","10":"first","11":"instock","12":"shipping-taxable","13":"purchasable","14":"product-type-simple"},"yoast_head":"<!-- This site is optimized with the Yoast SEO plugin v27.3 - https:\/\/yoast.com\/product\/yoast-seo-wordpress\/ -->\n<title>Huile \u00e0 action d\u00e9tox \u2013 125 ml<\/title>\n<meta name=\"description\" content=\"Natural detox support oil for dogs and cats (125 ml), formulated to promote toxin elimination, balance and overall vitality. Easy to use\u2014shake well and add 1 teaspoon per 5 kg of body weight to your pet\u2019s meal.\" \/>\n<meta name=\"robots\" content=\"index, follow, max-snippet:-1, max-image-preview:large, max-video-preview:-1\" \/>\n<link rel=\"canonical\" href=\"https:\/\/fidovetnorthamerica.com\/fr\/product\/detox-action-oil-125ml\/\" \/>\n<meta property=\"og:locale\" content=\"fr_CA\" \/>\n<meta property=\"og:locale:alternate\" content=\"en_US\" \/>\n<meta property=\"og:type\" content=\"article\" \/>\n<meta property=\"og:title\" content=\"Huile \u00e0 action d\u00e9tox \u2013 125 ml\" \/>\n<meta property=\"og:description\" content=\"Natural detox support oil for dogs and cats (125 ml), formulated to promote toxin elimination, balance and overall vitality. Easy to use\u2014shake well and add 1 teaspoon per 5 kg of body weight to your pet\u2019s meal.\" \/>\n<meta property=\"og:url\" content=\"https:\/\/fidovetnorthamerica.com\/fr\/product\/detox-action-oil-125ml\/\" \/>\n<meta property=\"og:site_name\" content=\"Fidovet North America\" \/>\n<meta property=\"article:modified_time\" content=\"2026-01-30T10:02:13+00:00\" \/>\n<meta property=\"og:image\" content=\"https:\/\/fidovetnorthamerica.com\/wp-content\/uploads\/2026\/01\/olio-depurativo-wht.png\" \/>\n\t<meta property=\"og:image:width\" content=\"600\" \/>\n\t<meta property=\"og:image:height\" content=\"600\" \/>\n\t<meta property=\"og:image:type\" content=\"image\/png\" \/>\n<meta name=\"twitter:card\" content=\"summary_large_image\" \/>\n<meta name=\"twitter:label1\" content=\"Estimation du temps de lecture\" \/>\n\t<meta name=\"twitter:data1\" content=\"1 minute\" \/>\n<script type=\"application\/ld+json\" class=\"yoast-schema-graph\">{\"@context\":\"https:\\\/\\\/schema.org\",\"@graph\":[{\"@type\":\"WebPage\",\"@id\":\"https:\\\/\\\/fidovetnorthamerica.com\\\/product\\\/detox-action-oil-125ml\\\/\",\"url\":\"https:\\\/\\\/fidovetnorthamerica.com\\\/product\\\/detox-action-oil-125ml\\\/\",\"name\":\"Huile \u00e0 action d\u00e9tox \u2013 125 ml\",\"isPartOf\":{\"@id\":\"https:\\\/\\\/fidovetnorthamerica.com\\\/#website\"},\"primaryImageOfPage\":{\"@id\":\"https:\\\/\\\/fidovetnorthamerica.com\\\/product\\\/detox-action-oil-125ml\\\/#primaryimage\"},\"image\":{\"@id\":\"https:\\\/\\\/fidovetnorthamerica.com\\\/product\\\/detox-action-oil-125ml\\\/#primaryimage\"},\"thumbnailUrl\":\"https:\\\/\\\/fidovetnorthamerica.com\\\/wp-content\\\/uploads\\\/2026\\\/01\\\/olio-depurativo-wht.png\",\"datePublished\":\"2026-01-08T14:56:15+00:00\",\"dateModified\":\"2026-01-30T10:02:13+00:00\",\"description\":\"Natural detox support oil for dogs and cats (125 ml), formulated to promote toxin elimination, balance and overall vitality. Easy to use\u2014shake well and add 1 teaspoon per 5 kg of body weight to your pet\u2019s meal.\",\"breadcrumb\":{\"@id\":\"https:\\\/\\\/fidovetnorthamerica.com\\\/product\\\/detox-action-oil-125ml\\\/#breadcrumb\"},\"inLanguage\":\"FR\",\"potentialAction\":[{\"@type\":\"ReadAction\",\"target\":[\"https:\\\/\\\/fidovetnorthamerica.com\\\/product\\\/detox-action-oil-125ml\\\/\"]}]},{\"@type\":\"ImageObject\",\"inLanguage\":\"FR\",\"@id\":\"https:\\\/\\\/fidovetnorthamerica.com\\\/product\\\/detox-action-oil-125ml\\\/#primaryimage\",\"url\":\"https:\\\/\\\/fidovetnorthamerica.com\\\/wp-content\\\/uploads\\\/2026\\\/01\\\/olio-depurativo-wht.png\",\"contentUrl\":\"https:\\\/\\\/fidovetnorthamerica.com\\\/wp-content\\\/uploads\\\/2026\\\/01\\\/olio-depurativo-wht.png\",\"width\":600,\"height\":600},{\"@type\":\"BreadcrumbList\",\"@id\":\"https:\\\/\\\/fidovetnorthamerica.com\\\/product\\\/detox-action-oil-125ml\\\/#breadcrumb\",\"itemListElement\":[{\"@type\":\"ListItem\",\"position\":1,\"name\":\"Home\",\"item\":\"https:\\\/\\\/fidovetnorthamerica.com\\\/fr\\\/\"},{\"@type\":\"ListItem\",\"position\":2,\"name\":\"Shop\",\"item\":\"https:\\\/\\\/fidovetnorthamerica.com\\\/negozio\\\/\"},{\"@type\":\"ListItem\",\"position\":3,\"name\":\"Detox Action Oil \u2013 125ml\"}]},{\"@type\":\"WebSite\",\"@id\":\"https:\\\/\\\/fidovetnorthamerica.com\\\/#website\",\"url\":\"https:\\\/\\\/fidovetnorthamerica.com\\\/\",\"name\":\"Fidovet North America\",\"description\":\"\",\"potentialAction\":[{\"@type\":\"SearchAction\",\"target\":{\"@type\":\"EntryPoint\",\"urlTemplate\":\"https:\\\/\\\/fidovetnorthamerica.com\\\/?s={search_term_string}\"},\"query-input\":{\"@type\":\"PropertyValueSpecification\",\"valueRequired\":true,\"valueName\":\"search_term_string\"}}],\"inLanguage\":\"FR\"}]}<\/script>\n<!-- \/ Yoast SEO plugin. -->","yoast_head_json":{"title":"Huile \u00e0 action d\u00e9tox \u2013 125 ml","description":"Natural detox support oil for dogs and cats (125 ml), formulated to promote toxin elimination, balance and overall vitality. Easy to use\u2014shake well and add 1 teaspoon per 5 kg of body weight to your pet\u2019s meal.","robots":{"index":"index","follow":"follow","max-snippet":"max-snippet:-1","max-image-preview":"max-image-preview:large","max-video-preview":"max-video-preview:-1"},"canonical":"https:\/\/fidovetnorthamerica.com\/fr\/product\/detox-action-oil-125ml\/","og_locale":"fr_CA","og_type":"article","og_title":"[:en]Detox Action Oil \u2013 125ml[:fr]Huile \u00e0 action d\u00e9tox \u2013 125 ml[:] - Fidovet North America","og_description":"Natural detox support oil for dogs and cats (125 ml), formulated to promote toxin elimination, balance and overall vitality. Easy to use\u2014shake well and add 1 teaspoon per 5 kg of body weight to your pet\u2019s meal.","og_url":"https:\/\/fidovetnorthamerica.com\/fr\/product\/detox-action-oil-125ml\/","og_site_name":"Fidovet North America","article_modified_time":"2026-01-30T10:02:13+00:00","og_image":[{"width":600,"height":600,"url":"https:\/\/fidovetnorthamerica.com\/wp-content\/uploads\/2026\/01\/olio-depurativo-wht.png","type":"image\/png"}],"twitter_card":"summary_large_image","twitter_misc":{"Estimation du temps de lecture":"1 minute"},"schema":{"@context":"https:\/\/schema.org","@graph":[{"@type":"WebPage","@id":"https:\/\/fidovetnorthamerica.com\/product\/detox-action-oil-125ml\/","url":"https:\/\/fidovetnorthamerica.com\/product\/detox-action-oil-125ml\/","name":"Huile \u00e0 action d\u00e9tox \u2013 125 ml","isPartOf":{"@id":"https:\/\/fidovetnorthamerica.com\/#website"},"primaryImageOfPage":{"@id":"https:\/\/fidovetnorthamerica.com\/product\/detox-action-oil-125ml\/#primaryimage"},"image":{"@id":"https:\/\/fidovetnorthamerica.com\/product\/detox-action-oil-125ml\/#primaryimage"},"thumbnailUrl":"https:\/\/fidovetnorthamerica.com\/wp-content\/uploads\/2026\/01\/olio-depurativo-wht.png","datePublished":"2026-01-08T14:56:15+00:00","dateModified":"2026-01-30T10:02:13+00:00","description":"Natural detox support oil for dogs and cats (125 ml), formulated to promote toxin elimination, balance and overall vitality. Easy to use\u2014shake well and add 1 teaspoon per 5 kg of body weight to your pet\u2019s meal.","breadcrumb":{"@id":"https:\/\/fidovetnorthamerica.com\/product\/detox-action-oil-125ml\/#breadcrumb"},"inLanguage":"FR","potentialAction":[{"@type":"ReadAction","target":["https:\/\/fidovetnorthamerica.com\/product\/detox-action-oil-125ml\/"]}]},{"@type":"ImageObject","inLanguage":"FR","@id":"https:\/\/fidovetnorthamerica.com\/product\/detox-action-oil-125ml\/#primaryimage","url":"https:\/\/fidovetnorthamerica.com\/wp-content\/uploads\/2026\/01\/olio-depurativo-wht.png","contentUrl":"https:\/\/fidovetnorthamerica.com\/wp-content\/uploads\/2026\/01\/olio-depurativo-wht.png","width":600,"height":600},{"@type":"BreadcrumbList","@id":"https:\/\/fidovetnorthamerica.com\/product\/detox-action-oil-125ml\/#breadcrumb","itemListElement":[{"@type":"ListItem","position":1,"name":"Home","item":"https:\/\/fidovetnorthamerica.com\/fr\/"},{"@type":"ListItem","position":2,"name":"Shop","item":"https:\/\/fidovetnorthamerica.com\/negozio\/"},{"@type":"ListItem","position":3,"name":"Detox Action Oil \u2013 125ml"}]},{"@type":"WebSite","@id":"https:\/\/fidovetnorthamerica.com\/#website","url":"https:\/\/fidovetnorthamerica.com\/","name":"Fidovet North America","description":"","potentialAction":[{"@type":"SearchAction","target":{"@type":"EntryPoint","urlTemplate":"https:\/\/fidovetnorthamerica.com\/?s={search_term_string}"},"query-input":{"@type":"PropertyValueSpecification","valueRequired":true,"valueName":"search_term_string"}}],"inLanguage":"FR"}]}},"_links":{"self":[{"href":"https:\/\/fidovetnorthamerica.com\/fr\/wp-json\/wp\/v2\/product\/1572","targetHints":{"allow":["GET"]}}],"collection":[{"href":"https:\/\/fidovetnorthamerica.com\/fr\/wp-json\/wp\/v2\/product"}],"about":[{"href":"https:\/\/fidovetnorthamerica.com\/fr\/wp-json\/wp\/v2\/types\/product"}],"replies":[{"embeddable":true,"href":"https:\/\/fidovetnorthamerica.com\/fr\/wp-json\/wp\/v2\/comments?post=1572"}],"wp:featuredmedia":[{"embeddable":true,"href":"https:\/\/fidovetnorthamerica.com\/fr\/wp-json\/wp\/v2\/media\/1716"}],"wp:attachment":[{"href":"https:\/\/fidovetnorthamerica.com\/fr\/wp-json\/wp\/v2\/media?parent=1572"}],"wp:term":[{"taxonomy":"product_brand","embeddable":true,"href":"https:\/\/fidovetnorthamerica.com\/fr\/wp-json\/wp\/v2\/product_brand?post=1572"},{"taxonomy":"product_cat","embeddable":true,"href":"https:\/\/fidovetnorthamerica.com\/fr\/wp-json\/wp\/v2\/product_cat?post=1572"},{"taxonomy":"product_tag","embeddable":true,"href":"https:\/\/fidovetnorthamerica.com\/fr\/wp-json\/wp\/v2\/product_tag?post=1572"}],"curies":[{"name":"wp","href":"https:\/\/api.w.org\/{rel}","templated":true}]}}