{"id":1575,"date":"2026-01-08T14:56:15","date_gmt":"2026-01-08T14:56:15","guid":{"rendered":"https:\/\/fidovet-na.com\/?post_type=product&#038;p=1575"},"modified":"2026-01-29T13:25:29","modified_gmt":"2026-01-29T13:25:29","slug":"cec-fidovet-oil-125ml","status":"publish","type":"product","link":"https:\/\/fidovetnorthamerica.com\/fr\/product\/cec-fidovet-oil-125ml\/","title":{"rendered":"Huile CEC Fidovet \u2013 125 ml"},"content":{"rendered":"<h3><strong>Huile CEC Fidovet \u2013 Compl\u00e9ment naturel pour chiens et chats<\/strong><\/h3>\n<p>&nbsp;<\/p>\n<p><strong>L\u2019huile CEC Fidovet<\/strong> est un compl\u00e9ment naturel con\u00e7u pour soutenir le bien-\u00eatre quotidien des chiens et des chats, en contribuant de mani\u00e8re simple et naturelle \u00e0 la sant\u00e9 du syst\u00e8me immunitaire et \u00e0 la qualit\u00e9 du pelage.<br \/>\nSa formulation repose sur des ingr\u00e9dients purs et soigneusement s\u00e9lectionn\u00e9s, avec une composition essentielle mais hautement efficace : <strong>huile de lin (98 %)<\/strong>, pr\u00e9cieuse source d\u2019acides gras Om\u00e9ga-3, et <strong>algue chlorella (1,2 %)<\/strong>, riche en nutriments et en compos\u00e9s antioxydants.<\/p>\n<p>Gr\u00e2ce \u00e0 l\u2019ajout de la <strong>formule bio-active CEC<\/strong>, l\u2019huile est enrichie de trois ingr\u00e9dients cl\u00e9s :<\/p>\n<ul>\n<li><strong>Chlorella vulgaris<\/strong>, riche en carot\u00e9no\u00efdes et en Om\u00e9ga-3 naturels, utile pour la vitalit\u00e9 et le bien-\u00eatre cellulaire ;<\/li>\n<li><strong>Echinacea purpurea<\/strong>, reconnue pour ses propri\u00e9t\u00e9s anti-inflammatoires et son soutien aux d\u00e9fenses immunitaires ;<\/li>\n<li><strong>Curcuma longa<\/strong>, aux bienfaits digestifs et \u00e0 l\u2019action antioxydante puissante.<\/li>\n<\/ul>\n<p>L\u2019action combin\u00e9e de ces extraits naturels agit en synergie pour <strong>renforcer globalement le syst\u00e8me immunitaire<\/strong>, soutenir la fonction digestive et contribuer \u00e0 la <strong>brillance du pelage et \u00e0 la sant\u00e9 g\u00e9n\u00e9rale du poil<\/strong>.<\/p>\n<p>Facile \u00e0 administrer au quotidien, l\u2019huile CEC Fidovet constitue un soutien naturel id\u00e9al pour maintenir votre animal en forme, prot\u00e9g\u00e9 et en excellente condition.<\/p>\n","protected":false},"excerpt":{"rendered":"<p><strong>L\u2019huile CEC \u2013 Fidovet<\/strong> est un compl\u00e9ment 100 % naturel pour chiens et chats qui, gr\u00e2ce \u00e0 la formule bio-active <strong>CEC\u00ae<\/strong> \u00e0 base de chlorella, d\u2019\u00e9chinac\u00e9e et de curcuma, aide \u00e0 renforcer le syst\u00e8me immunitaire, \u00e0 favoriser une peau saine et un pelage brillant, et \u00e0 soutenir le bien-\u00eatre g\u00e9n\u00e9ral.<\/p>\n<p><strong>Mode d\u2019emploi :<\/strong> bien agiter et ajouter environ <strong>1 cuill\u00e8re \u00e0 caf\u00e9 par 5 kg de poids corporel<\/strong> directement \u00e0 l\u2019alimentation de l\u2019animal.<\/p>\n","protected":false},"featured_media":1722,"comment_status":"open","ping_status":"closed","template":"","meta":[],"product_brand":[],"product_cat":[15,103],"product_tag":[],"class_list":{"0":"post-1575","1":"product","2":"type-product","3":"status-publish","4":"has-post-thumbnail","6":"product_cat-fidovet","7":"product_cat-immunis","8":"","10":"first","11":"instock","12":"shipping-taxable","13":"purchasable","14":"product-type-simple"},"yoast_head":"<!-- This site is optimized with the Yoast SEO plugin v27.3 - https:\/\/yoast.com\/product\/yoast-seo-wordpress\/ -->\n<title>Huile CEC Fidovet \u2013 125 ml<\/title>\n<meta name=\"robots\" content=\"index, follow, max-snippet:-1, max-image-preview:large, max-video-preview:-1\" \/>\n<link rel=\"canonical\" href=\"https:\/\/fidovetnorthamerica.com\/fr\/product\/cec-fidovet-oil-125ml\/\" \/>\n<meta property=\"og:locale\" content=\"fr_CA\" \/>\n<meta property=\"og:locale:alternate\" content=\"en_US\" \/>\n<meta property=\"og:type\" content=\"article\" \/>\n<meta property=\"og:title\" content=\"Huile CEC Fidovet \u2013 125 ml\" \/>\n<meta property=\"og:description\" content=\"L\u2019huile CEC \u2013 Fidovet est un compl\u00e9ment 100 % naturel pour chiens et chats qui, gr\u00e2ce \u00e0 la formule bio-active CEC\u00ae \u00e0 base de chlorella, d\u2019\u00e9chinac\u00e9e et de curcuma, aide \u00e0 renforcer le syst\u00e8me immunitaire, \u00e0 favoriser une peau saine et un pelage brillant, et \u00e0 soutenir le bien-\u00eatre g\u00e9n\u00e9ral.  Mode d\u2019emploi : bien agiter et ajouter environ 1 cuill\u00e8re \u00e0 caf\u00e9 par 5 kg de poids corporel directement \u00e0 l\u2019alimentation de l\u2019animal.\" \/>\n<meta property=\"og:url\" content=\"https:\/\/fidovetnorthamerica.com\/fr\/product\/cec-fidovet-oil-125ml\/\" \/>\n<meta property=\"og:site_name\" content=\"Fidovet North America\" \/>\n<meta property=\"article:modified_time\" content=\"2026-01-29T13:25:29+00:00\" \/>\n<meta property=\"og:image\" content=\"https:\/\/fidovetnorthamerica.com\/wp-content\/uploads\/2026\/01\/olio-cec-wht_2_-2.png\" \/>\n\t<meta property=\"og:image:width\" content=\"600\" \/>\n\t<meta property=\"og:image:height\" content=\"600\" \/>\n\t<meta property=\"og:image:type\" content=\"image\/png\" \/>\n<meta name=\"twitter:card\" content=\"summary_large_image\" \/>\n<meta name=\"twitter:label1\" content=\"Estimation du temps de lecture\" \/>\n\t<meta name=\"twitter:data1\" content=\"1 minute\" \/>\n<script type=\"application\/ld+json\" class=\"yoast-schema-graph\">{\"@context\":\"https:\\\/\\\/schema.org\",\"@graph\":[{\"@type\":\"WebPage\",\"@id\":\"https:\\\/\\\/fidovetnorthamerica.com\\\/product\\\/cec-fidovet-oil-125ml\\\/\",\"url\":\"https:\\\/\\\/fidovetnorthamerica.com\\\/product\\\/cec-fidovet-oil-125ml\\\/\",\"name\":\"Huile CEC Fidovet \u2013 125 ml\",\"isPartOf\":{\"@id\":\"https:\\\/\\\/fidovetnorthamerica.com\\\/#website\"},\"primaryImageOfPage\":{\"@id\":\"https:\\\/\\\/fidovetnorthamerica.com\\\/product\\\/cec-fidovet-oil-125ml\\\/#primaryimage\"},\"image\":{\"@id\":\"https:\\\/\\\/fidovetnorthamerica.com\\\/product\\\/cec-fidovet-oil-125ml\\\/#primaryimage\"},\"thumbnailUrl\":\"https:\\\/\\\/fidovetnorthamerica.com\\\/wp-content\\\/uploads\\\/2026\\\/01\\\/olio-cec-wht_2_-2.png\",\"datePublished\":\"2026-01-08T14:56:15+00:00\",\"dateModified\":\"2026-01-29T13:25:29+00:00\",\"breadcrumb\":{\"@id\":\"https:\\\/\\\/fidovetnorthamerica.com\\\/product\\\/cec-fidovet-oil-125ml\\\/#breadcrumb\"},\"inLanguage\":\"FR\",\"potentialAction\":[{\"@type\":\"ReadAction\",\"target\":[\"https:\\\/\\\/fidovetnorthamerica.com\\\/product\\\/cec-fidovet-oil-125ml\\\/\"]}]},{\"@type\":\"ImageObject\",\"inLanguage\":\"FR\",\"@id\":\"https:\\\/\\\/fidovetnorthamerica.com\\\/product\\\/cec-fidovet-oil-125ml\\\/#primaryimage\",\"url\":\"https:\\\/\\\/fidovetnorthamerica.com\\\/wp-content\\\/uploads\\\/2026\\\/01\\\/olio-cec-wht_2_-2.png\",\"contentUrl\":\"https:\\\/\\\/fidovetnorthamerica.com\\\/wp-content\\\/uploads\\\/2026\\\/01\\\/olio-cec-wht_2_-2.png\",\"width\":600,\"height\":600},{\"@type\":\"BreadcrumbList\",\"@id\":\"https:\\\/\\\/fidovetnorthamerica.com\\\/product\\\/cec-fidovet-oil-125ml\\\/#breadcrumb\",\"itemListElement\":[{\"@type\":\"ListItem\",\"position\":1,\"name\":\"Home\",\"item\":\"https:\\\/\\\/fidovetnorthamerica.com\\\/fr\\\/\"},{\"@type\":\"ListItem\",\"position\":2,\"name\":\"Shop\",\"item\":\"https:\\\/\\\/fidovetnorthamerica.com\\\/negozio\\\/\"},{\"@type\":\"ListItem\",\"position\":3,\"name\":\"CEC Fidovet Oil 125ml\"}]},{\"@type\":\"WebSite\",\"@id\":\"https:\\\/\\\/fidovetnorthamerica.com\\\/#website\",\"url\":\"https:\\\/\\\/fidovetnorthamerica.com\\\/\",\"name\":\"Fidovet North America\",\"description\":\"\",\"potentialAction\":[{\"@type\":\"SearchAction\",\"target\":{\"@type\":\"EntryPoint\",\"urlTemplate\":\"https:\\\/\\\/fidovetnorthamerica.com\\\/?s={search_term_string}\"},\"query-input\":{\"@type\":\"PropertyValueSpecification\",\"valueRequired\":true,\"valueName\":\"search_term_string\"}}],\"inLanguage\":\"FR\"}]}<\/script>\n<!-- \/ Yoast SEO plugin. -->","yoast_head_json":{"title":"Huile CEC Fidovet \u2013 125 ml","robots":{"index":"index","follow":"follow","max-snippet":"max-snippet:-1","max-image-preview":"max-image-preview:large","max-video-preview":"max-video-preview:-1"},"canonical":"https:\/\/fidovetnorthamerica.com\/fr\/product\/cec-fidovet-oil-125ml\/","og_locale":"fr_CA","og_type":"article","og_title":"[:en]CEC Fidovet Oil 125ml[:fr]Huile CEC Fidovet \u2013 125 ml[:] - Fidovet North America","og_description":"L\u2019huile CEC \u2013 Fidovet est un compl\u00e9ment 100 % naturel pour chiens et chats qui, gr\u00e2ce \u00e0 la formule bio-active CEC\u00ae \u00e0 base de chlorella, d\u2019\u00e9chinac\u00e9e et de curcuma, aide \u00e0 renforcer le syst\u00e8me immunitaire, \u00e0 favoriser une peau saine et un pelage brillant, et \u00e0 soutenir le bien-\u00eatre g\u00e9n\u00e9ral.  Mode d\u2019emploi : bien agiter et ajouter environ 1 cuill\u00e8re \u00e0 caf\u00e9 par 5 kg de poids corporel directement \u00e0 l\u2019alimentation de l\u2019animal.","og_url":"https:\/\/fidovetnorthamerica.com\/fr\/product\/cec-fidovet-oil-125ml\/","og_site_name":"Fidovet North America","article_modified_time":"2026-01-29T13:25:29+00:00","og_image":[{"width":600,"height":600,"url":"https:\/\/fidovetnorthamerica.com\/wp-content\/uploads\/2026\/01\/olio-cec-wht_2_-2.png","type":"image\/png"}],"twitter_card":"summary_large_image","twitter_misc":{"Estimation du temps de lecture":"1 minute"},"schema":{"@context":"https:\/\/schema.org","@graph":[{"@type":"WebPage","@id":"https:\/\/fidovetnorthamerica.com\/product\/cec-fidovet-oil-125ml\/","url":"https:\/\/fidovetnorthamerica.com\/product\/cec-fidovet-oil-125ml\/","name":"Huile CEC Fidovet \u2013 125 ml","isPartOf":{"@id":"https:\/\/fidovetnorthamerica.com\/#website"},"primaryImageOfPage":{"@id":"https:\/\/fidovetnorthamerica.com\/product\/cec-fidovet-oil-125ml\/#primaryimage"},"image":{"@id":"https:\/\/fidovetnorthamerica.com\/product\/cec-fidovet-oil-125ml\/#primaryimage"},"thumbnailUrl":"https:\/\/fidovetnorthamerica.com\/wp-content\/uploads\/2026\/01\/olio-cec-wht_2_-2.png","datePublished":"2026-01-08T14:56:15+00:00","dateModified":"2026-01-29T13:25:29+00:00","breadcrumb":{"@id":"https:\/\/fidovetnorthamerica.com\/product\/cec-fidovet-oil-125ml\/#breadcrumb"},"inLanguage":"FR","potentialAction":[{"@type":"ReadAction","target":["https:\/\/fidovetnorthamerica.com\/product\/cec-fidovet-oil-125ml\/"]}]},{"@type":"ImageObject","inLanguage":"FR","@id":"https:\/\/fidovetnorthamerica.com\/product\/cec-fidovet-oil-125ml\/#primaryimage","url":"https:\/\/fidovetnorthamerica.com\/wp-content\/uploads\/2026\/01\/olio-cec-wht_2_-2.png","contentUrl":"https:\/\/fidovetnorthamerica.com\/wp-content\/uploads\/2026\/01\/olio-cec-wht_2_-2.png","width":600,"height":600},{"@type":"BreadcrumbList","@id":"https:\/\/fidovetnorthamerica.com\/product\/cec-fidovet-oil-125ml\/#breadcrumb","itemListElement":[{"@type":"ListItem","position":1,"name":"Home","item":"https:\/\/fidovetnorthamerica.com\/fr\/"},{"@type":"ListItem","position":2,"name":"Shop","item":"https:\/\/fidovetnorthamerica.com\/negozio\/"},{"@type":"ListItem","position":3,"name":"CEC Fidovet Oil 125ml"}]},{"@type":"WebSite","@id":"https:\/\/fidovetnorthamerica.com\/#website","url":"https:\/\/fidovetnorthamerica.com\/","name":"Fidovet North America","description":"","potentialAction":[{"@type":"SearchAction","target":{"@type":"EntryPoint","urlTemplate":"https:\/\/fidovetnorthamerica.com\/?s={search_term_string}"},"query-input":{"@type":"PropertyValueSpecification","valueRequired":true,"valueName":"search_term_string"}}],"inLanguage":"FR"}]}},"_links":{"self":[{"href":"https:\/\/fidovetnorthamerica.com\/fr\/wp-json\/wp\/v2\/product\/1575","targetHints":{"allow":["GET"]}}],"collection":[{"href":"https:\/\/fidovetnorthamerica.com\/fr\/wp-json\/wp\/v2\/product"}],"about":[{"href":"https:\/\/fidovetnorthamerica.com\/fr\/wp-json\/wp\/v2\/types\/product"}],"replies":[{"embeddable":true,"href":"https:\/\/fidovetnorthamerica.com\/fr\/wp-json\/wp\/v2\/comments?post=1575"}],"wp:featuredmedia":[{"embeddable":true,"href":"https:\/\/fidovetnorthamerica.com\/fr\/wp-json\/wp\/v2\/media\/1722"}],"wp:attachment":[{"href":"https:\/\/fidovetnorthamerica.com\/fr\/wp-json\/wp\/v2\/media?parent=1575"}],"wp:term":[{"taxonomy":"product_brand","embeddable":true,"href":"https:\/\/fidovetnorthamerica.com\/fr\/wp-json\/wp\/v2\/product_brand?post=1575"},{"taxonomy":"product_cat","embeddable":true,"href":"https:\/\/fidovetnorthamerica.com\/fr\/wp-json\/wp\/v2\/product_cat?post=1575"},{"taxonomy":"product_tag","embeddable":true,"href":"https:\/\/fidovetnorthamerica.com\/fr\/wp-json\/wp\/v2\/product_tag?post=1575"}],"curies":[{"name":"wp","href":"https:\/\/api.w.org\/{rel}","templated":true}]}}