{"id":1577,"date":"2026-01-08T14:56:16","date_gmt":"2026-01-08T14:56:16","guid":{"rendered":"https:\/\/fidovet-na.com\/?post_type=product&#038;p=1577"},"modified":"2026-01-30T10:08:17","modified_gmt":"2026-01-30T10:08:17","slug":"ossotti-medium-300g","status":"publish","type":"product","link":"https:\/\/fidovetnorthamerica.com\/fr\/product\/ossotti-medium-300g\/","title":{"rendered":"Ossotti Medium 300g"},"content":{"rendered":"<h3><strong>Ossotti Medium Fidovet \u2013 Biscuits naturels<\/strong><\/h3>\n<p><strong>Les Ossotti Fidovet<\/strong> sont des biscuits naturels pour chiens, \u00e9labor\u00e9s exclusivement avec des <strong>ingr\u00e9dients HFC<\/strong>, c\u2019est-\u00e0-dire des mati\u00e8res premi\u00e8res initialement destin\u00e9es \u00e0 la consommation humaine, et formul\u00e9s pour garantir saveur, qualit\u00e9 et s\u00e9curit\u00e9 \u00e0 chaque bouch\u00e9e. Pr\u00e9par\u00e9s avec une base simple et hautement digestible compos\u00e9e de <strong>farine de ma\u00efs<\/strong>, de <strong>farine de bl\u00e9 type 0<\/strong> et de la <strong>formule CEC\u00ae<\/strong> (Chlorella vulgaris, Echinacea purpurea, Curcuma longa), les Ossotti sont le snack id\u00e9al pour ceux qui recherchent un produit authentique et fonctionnel.<\/p>\n<p>\u00c9labor\u00e9s <strong>sans conservateurs, sans colorants et sans sucres ajout\u00e9s<\/strong>, ces biscuits naturels sont parfaits comme r\u00e9compense quotidienne ou comme friandise saine lors des s\u00e9ances d\u2019entra\u00eenement ou de jeu. Leur texture croquante favorise \u00e9galement une mastication satisfaisante et contribue \u00e0 une bonne hygi\u00e8ne bucco-dentaire.<\/p>\n<p>Disponibles dans une large gamme de saveurs naturelles et riches en nutriments, ils permettent d\u2019offrir \u00e0 votre chien vari\u00e9t\u00e9 et plaisir sans compromis sur la qualit\u00e9. Les saveurs disponibles sont :<\/p>\n<p><strong>\u25cf Banane \u25cf Betterave &#038; myrtilles \u25cf Chanvre &#038; camomille \u25cf Noix de coco &#038; caroube \u25cf Noix de coco, curcuma &#038; carottes \u25cf Pomme &#038; potiron \u25cf Pomme \u25cf Sauge \u25cf Farine compl\u00e8te<\/strong><\/p>\n<p>Chaque saveur est con\u00e7ue pour mettre en valeur des ingr\u00e9dients naturels et fonctionnels, offrant un m\u00e9lange \u00e9quilibr\u00e9 d\u2019ar\u00f4mes et de nutriments qui soutiennent le bien-\u00eatre g\u00e9n\u00e9ral de votre chien.<\/p>\n<p><strong>Les Ossotti Fidovet<\/strong> sont recommand\u00e9s pour les chiens de toutes tailles et repr\u00e9sentent le choix id\u00e9al pour ceux qui recherchent un <strong>snack naturel, sain et de haute qualit\u00e9<\/strong>, \u00e9labor\u00e9 avec le m\u00eame soin que les aliments destin\u00e9s \u00e0 l\u2019homme.<\/p>\n","protected":false},"excerpt":{"rendered":"<p><strong>Ossotti 300 g<\/strong> est une friandise artisanale et naturelle pour chiens, fabriqu\u00e9e en Italie, sans conservateurs, sans colorants ni sucres ajout\u00e9s, con\u00e7ue comme r\u00e9compense ou encas entre les repas. Elle contient des ingr\u00e9dients s\u00e9lectionn\u00e9s et la formule CEC\u00ae pour soutenir le bien-\u00eatre et la vitalit\u00e9. Parfaite comme friandise quotidienne, elle allie gourmandise et authenticit\u00e9 \u00e0 chaque bouch\u00e9e.<\/p>\n","protected":false},"featured_media":1714,"comment_status":"open","ping_status":"closed","template":"","meta":[],"product_brand":[],"product_cat":[73,15],"product_tag":[],"class_list":{"0":"post-1577","1":"product","2":"type-product","3":"status-publish","4":"has-post-thumbnail","6":"product_cat-bakery","7":"product_cat-fidovet","8":"","10":"first","11":"outofstock","12":"shipping-taxable","13":"purchasable","14":"product-type-simple"},"yoast_head":"<!-- This site is optimized with the Yoast SEO plugin v27.3 - https:\/\/yoast.com\/product\/yoast-seo-wordpress\/ -->\n<title>Ossotti Medium 300g<\/title>\n<meta name=\"description\" content=\"Artisanal natural dog snack (300 g), made in Italy without preservatives, colorants or added sugars. Enriched with selected ingredients and CEC\u00ae formula to support well-being and vitality, it\u2019s the perfect tasty daily reward or between-meal treat.\" \/>\n<meta name=\"robots\" content=\"index, follow, max-snippet:-1, max-image-preview:large, max-video-preview:-1\" \/>\n<link rel=\"canonical\" href=\"https:\/\/fidovetnorthamerica.com\/fr\/product\/ossotti-medium-300g\/\" \/>\n<meta property=\"og:locale\" content=\"fr_CA\" \/>\n<meta property=\"og:locale:alternate\" content=\"en_US\" \/>\n<meta property=\"og:type\" content=\"article\" \/>\n<meta property=\"og:title\" content=\"Ossotti Medium 300g\" \/>\n<meta property=\"og:description\" content=\"Artisanal natural dog snack (300 g), made in Italy without preservatives, colorants or added sugars. Enriched with selected ingredients and CEC\u00ae formula to support well-being and vitality, it\u2019s the perfect tasty daily reward or between-meal treat.\" \/>\n<meta property=\"og:url\" content=\"https:\/\/fidovetnorthamerica.com\/fr\/product\/ossotti-medium-300g\/\" \/>\n<meta property=\"og:site_name\" content=\"Fidovet North America\" \/>\n<meta property=\"article:modified_time\" content=\"2026-01-30T10:08:17+00:00\" \/>\n<meta property=\"og:image\" content=\"https:\/\/fidovetnorthamerica.com\/wp-content\/uploads\/2026\/01\/banana-medium-min_1.png\" \/>\n\t<meta property=\"og:image:width\" content=\"600\" \/>\n\t<meta property=\"og:image:height\" content=\"600\" \/>\n\t<meta property=\"og:image:type\" content=\"image\/png\" \/>\n<meta name=\"twitter:card\" content=\"summary_large_image\" \/>\n<meta name=\"twitter:label1\" content=\"Estimation du temps de lecture\" \/>\n\t<meta name=\"twitter:data1\" content=\"2 minutes\" \/>\n<script type=\"application\/ld+json\" class=\"yoast-schema-graph\">{\"@context\":\"https:\\\/\\\/schema.org\",\"@graph\":[{\"@type\":\"WebPage\",\"@id\":\"https:\\\/\\\/fidovetnorthamerica.com\\\/product\\\/ossotti-medium-300g\\\/\",\"url\":\"https:\\\/\\\/fidovetnorthamerica.com\\\/product\\\/ossotti-medium-300g\\\/\",\"name\":\"Ossotti Medium 300g\",\"isPartOf\":{\"@id\":\"https:\\\/\\\/fidovetnorthamerica.com\\\/#website\"},\"primaryImageOfPage\":{\"@id\":\"https:\\\/\\\/fidovetnorthamerica.com\\\/product\\\/ossotti-medium-300g\\\/#primaryimage\"},\"image\":{\"@id\":\"https:\\\/\\\/fidovetnorthamerica.com\\\/product\\\/ossotti-medium-300g\\\/#primaryimage\"},\"thumbnailUrl\":\"https:\\\/\\\/fidovetnorthamerica.com\\\/wp-content\\\/uploads\\\/2026\\\/01\\\/banana-medium-min_1.png\",\"datePublished\":\"2026-01-08T14:56:16+00:00\",\"dateModified\":\"2026-01-30T10:08:17+00:00\",\"description\":\"Artisanal natural dog snack (300 g), made in Italy without preservatives, colorants or added sugars. Enriched with selected ingredients and CEC\u00ae formula to support well-being and vitality, it\u2019s the perfect tasty daily reward or between-meal treat.\",\"breadcrumb\":{\"@id\":\"https:\\\/\\\/fidovetnorthamerica.com\\\/product\\\/ossotti-medium-300g\\\/#breadcrumb\"},\"inLanguage\":\"FR\",\"potentialAction\":[{\"@type\":\"ReadAction\",\"target\":[\"https:\\\/\\\/fidovetnorthamerica.com\\\/product\\\/ossotti-medium-300g\\\/\"]}]},{\"@type\":\"ImageObject\",\"inLanguage\":\"FR\",\"@id\":\"https:\\\/\\\/fidovetnorthamerica.com\\\/product\\\/ossotti-medium-300g\\\/#primaryimage\",\"url\":\"https:\\\/\\\/fidovetnorthamerica.com\\\/wp-content\\\/uploads\\\/2026\\\/01\\\/banana-medium-min_1.png\",\"contentUrl\":\"https:\\\/\\\/fidovetnorthamerica.com\\\/wp-content\\\/uploads\\\/2026\\\/01\\\/banana-medium-min_1.png\",\"width\":600,\"height\":600},{\"@type\":\"BreadcrumbList\",\"@id\":\"https:\\\/\\\/fidovetnorthamerica.com\\\/product\\\/ossotti-medium-300g\\\/#breadcrumb\",\"itemListElement\":[{\"@type\":\"ListItem\",\"position\":1,\"name\":\"Home\",\"item\":\"https:\\\/\\\/fidovetnorthamerica.com\\\/fr\\\/\"},{\"@type\":\"ListItem\",\"position\":2,\"name\":\"Shop\",\"item\":\"https:\\\/\\\/fidovetnorthamerica.com\\\/negozio\\\/\"},{\"@type\":\"ListItem\",\"position\":3,\"name\":\"Ossotti Medium 300g\"}]},{\"@type\":\"WebSite\",\"@id\":\"https:\\\/\\\/fidovetnorthamerica.com\\\/#website\",\"url\":\"https:\\\/\\\/fidovetnorthamerica.com\\\/\",\"name\":\"Fidovet North America\",\"description\":\"\",\"potentialAction\":[{\"@type\":\"SearchAction\",\"target\":{\"@type\":\"EntryPoint\",\"urlTemplate\":\"https:\\\/\\\/fidovetnorthamerica.com\\\/?s={search_term_string}\"},\"query-input\":{\"@type\":\"PropertyValueSpecification\",\"valueRequired\":true,\"valueName\":\"search_term_string\"}}],\"inLanguage\":\"FR\"}]}<\/script>\n<!-- \/ Yoast SEO plugin. -->","yoast_head_json":{"title":"Ossotti Medium 300g","description":"Artisanal natural dog snack (300 g), made in Italy without preservatives, colorants or added sugars. Enriched with selected ingredients and CEC\u00ae formula to support well-being and vitality, it\u2019s the perfect tasty daily reward or between-meal treat.","robots":{"index":"index","follow":"follow","max-snippet":"max-snippet:-1","max-image-preview":"max-image-preview:large","max-video-preview":"max-video-preview:-1"},"canonical":"https:\/\/fidovetnorthamerica.com\/fr\/product\/ossotti-medium-300g\/","og_locale":"fr_CA","og_type":"article","og_title":"[:en]Ossotti Medium 300g[:fr]Ossotti Medium 300g[:] - Fidovet North America","og_description":"Artisanal natural dog snack (300 g), made in Italy without preservatives, colorants or added sugars. Enriched with selected ingredients and CEC\u00ae formula to support well-being and vitality, it\u2019s the perfect tasty daily reward or between-meal treat.","og_url":"https:\/\/fidovetnorthamerica.com\/fr\/product\/ossotti-medium-300g\/","og_site_name":"Fidovet North America","article_modified_time":"2026-01-30T10:08:17+00:00","og_image":[{"width":600,"height":600,"url":"https:\/\/fidovetnorthamerica.com\/wp-content\/uploads\/2026\/01\/banana-medium-min_1.png","type":"image\/png"}],"twitter_card":"summary_large_image","twitter_misc":{"Estimation du temps de lecture":"2 minutes"},"schema":{"@context":"https:\/\/schema.org","@graph":[{"@type":"WebPage","@id":"https:\/\/fidovetnorthamerica.com\/product\/ossotti-medium-300g\/","url":"https:\/\/fidovetnorthamerica.com\/product\/ossotti-medium-300g\/","name":"Ossotti Medium 300g","isPartOf":{"@id":"https:\/\/fidovetnorthamerica.com\/#website"},"primaryImageOfPage":{"@id":"https:\/\/fidovetnorthamerica.com\/product\/ossotti-medium-300g\/#primaryimage"},"image":{"@id":"https:\/\/fidovetnorthamerica.com\/product\/ossotti-medium-300g\/#primaryimage"},"thumbnailUrl":"https:\/\/fidovetnorthamerica.com\/wp-content\/uploads\/2026\/01\/banana-medium-min_1.png","datePublished":"2026-01-08T14:56:16+00:00","dateModified":"2026-01-30T10:08:17+00:00","description":"Artisanal natural dog snack (300 g), made in Italy without preservatives, colorants or added sugars. Enriched with selected ingredients and CEC\u00ae formula to support well-being and vitality, it\u2019s the perfect tasty daily reward or between-meal treat.","breadcrumb":{"@id":"https:\/\/fidovetnorthamerica.com\/product\/ossotti-medium-300g\/#breadcrumb"},"inLanguage":"FR","potentialAction":[{"@type":"ReadAction","target":["https:\/\/fidovetnorthamerica.com\/product\/ossotti-medium-300g\/"]}]},{"@type":"ImageObject","inLanguage":"FR","@id":"https:\/\/fidovetnorthamerica.com\/product\/ossotti-medium-300g\/#primaryimage","url":"https:\/\/fidovetnorthamerica.com\/wp-content\/uploads\/2026\/01\/banana-medium-min_1.png","contentUrl":"https:\/\/fidovetnorthamerica.com\/wp-content\/uploads\/2026\/01\/banana-medium-min_1.png","width":600,"height":600},{"@type":"BreadcrumbList","@id":"https:\/\/fidovetnorthamerica.com\/product\/ossotti-medium-300g\/#breadcrumb","itemListElement":[{"@type":"ListItem","position":1,"name":"Home","item":"https:\/\/fidovetnorthamerica.com\/fr\/"},{"@type":"ListItem","position":2,"name":"Shop","item":"https:\/\/fidovetnorthamerica.com\/negozio\/"},{"@type":"ListItem","position":3,"name":"Ossotti Medium 300g"}]},{"@type":"WebSite","@id":"https:\/\/fidovetnorthamerica.com\/#website","url":"https:\/\/fidovetnorthamerica.com\/","name":"Fidovet North America","description":"","potentialAction":[{"@type":"SearchAction","target":{"@type":"EntryPoint","urlTemplate":"https:\/\/fidovetnorthamerica.com\/?s={search_term_string}"},"query-input":{"@type":"PropertyValueSpecification","valueRequired":true,"valueName":"search_term_string"}}],"inLanguage":"FR"}]}},"_links":{"self":[{"href":"https:\/\/fidovetnorthamerica.com\/fr\/wp-json\/wp\/v2\/product\/1577","targetHints":{"allow":["GET"]}}],"collection":[{"href":"https:\/\/fidovetnorthamerica.com\/fr\/wp-json\/wp\/v2\/product"}],"about":[{"href":"https:\/\/fidovetnorthamerica.com\/fr\/wp-json\/wp\/v2\/types\/product"}],"replies":[{"embeddable":true,"href":"https:\/\/fidovetnorthamerica.com\/fr\/wp-json\/wp\/v2\/comments?post=1577"}],"wp:featuredmedia":[{"embeddable":true,"href":"https:\/\/fidovetnorthamerica.com\/fr\/wp-json\/wp\/v2\/media\/1714"}],"wp:attachment":[{"href":"https:\/\/fidovetnorthamerica.com\/fr\/wp-json\/wp\/v2\/media?parent=1577"}],"wp:term":[{"taxonomy":"product_brand","embeddable":true,"href":"https:\/\/fidovetnorthamerica.com\/fr\/wp-json\/wp\/v2\/product_brand?post=1577"},{"taxonomy":"product_cat","embeddable":true,"href":"https:\/\/fidovetnorthamerica.com\/fr\/wp-json\/wp\/v2\/product_cat?post=1577"},{"taxonomy":"product_tag","embeddable":true,"href":"https:\/\/fidovetnorthamerica.com\/fr\/wp-json\/wp\/v2\/product_tag?post=1577"}],"curies":[{"name":"wp","href":"https:\/\/api.w.org\/{rel}","templated":true}]}}