{"id":1579,"date":"2026-01-29T12:18:51","date_gmt":"2026-01-29T12:18:51","guid":{"rendered":"https:\/\/fidovet-na.com\/?post_type=product&#038;p=1579"},"modified":"2026-01-30T08:51:18","modified_gmt":"2026-01-30T08:51:18","slug":"wowow-turkey-with-rice-and-tomato-400-g","status":"publish","type":"product","link":"https:\/\/fidovetnorthamerica.com\/fr\/product\/wowow-turkey-with-rice-and-tomato-400-g\/","title":{"rendered":"Wowow Dinde avec riz et tomate \u2013 Adulte \u2013 400 g"},"content":{"rendered":"<h3><strong>Wowow Dinde avec riz et tomate<\/strong><\/h3>\n<p>&nbsp;<\/p>\n<p>D\u00e9couvrez notre <strong>aliment humide pour chiens fabriqu\u00e9 en Italie<\/strong>, pr\u00e9par\u00e9 avec des ingr\u00e9dients naturels et selon une approche qualit\u00e9 \u00e0 360\u00b0. Cette recette premium est formul\u00e9e avec <strong>94 % de v\u00e9ritable viande de dinde<\/strong>, sans sous-produits ni d\u00e9riv\u00e9s, id\u00e9ale pour ceux qui recherchent un <strong>aliment complet et facilement digestible<\/strong> pour leur chien.<\/p>\n<p>La pr\u00e9sence de <strong>riz (4 %)<\/strong> apporte une source de glucides l\u00e9g\u00e8re et bien tol\u00e9r\u00e9e, tandis que les <strong>tomates d\u00e9shydrat\u00e9es (0,6 %, \u00e9quivalant \u00e0 5 % de tomates fra\u00eeches)<\/strong> fournissent des antioxydants naturels favorisant le bien-\u00eatre quotidien.<br \/>\nEnrichi de la <strong>formule brevet\u00e9e CEC\u00ae<\/strong> (Chlorella vulgaris, Echinacea purpurea et Curcuma longa), cet aliment humide soutient naturellement les d\u00e9fenses immunitaires et la vitalit\u00e9 du chien.<\/p>\n<p>La recette contient \u00e9galement du <strong>romarin<\/strong>, de la <strong>sauge<\/strong> et des <strong>FOS (fructo-oligosaccharides)<\/strong>, qui favorisent la digestion et l\u2019\u00e9quilibre de la flore intestinale. Sans c\u00e9r\u00e9ales ou avec une teneur minimale en c\u00e9r\u00e9ales, elle convient aussi aux chiens sensibles ou suivant une alimentation plus naturelle.<\/p>\n<p>Cet <strong>aliment complet et \u00e9quilibr\u00e9 pour chiens<\/strong> apporte tous les nutriments essentiels \u00e0 une bonne vitalit\u00e9, \u00e0 l\u2019\u00e9nergie et \u00e0 la sant\u00e9 quotidienne. Parfait pour ceux qui recherchent un produit <strong>naturel, riche en viande et hautement app\u00e9tent<\/strong>, adapt\u00e9 aux chiens de toutes tailles.<\/p>\n","protected":false},"excerpt":{"rendered":"<p>Aliment humide <em><strong>complet et \u00e9quilibr\u00e9<\/strong><\/em> pour chiens adultes de toutes tailles. Il contient principalement de la <strong>v\u00e9ritable viande de dinde<\/strong>, du <strong>riz<\/strong> et de la <strong>tomate<\/strong>, et int\u00e8gre la <em><strong>formule brevet\u00e9e CEC\u00ae<\/strong><\/em> \u00e0 base d\u2019extraits naturels pour soutenir les d\u00e9fenses immunitaires et la sant\u00e9 globale de votre chien.<\/p>\n","protected":false},"featured_media":1730,"comment_status":"open","ping_status":"closed","template":"","meta":[],"product_brand":[],"product_cat":[15,72,100],"product_tag":[],"class_list":{"0":"post-1579","1":"product","2":"type-product","3":"status-publish","4":"has-post-thumbnail","6":"product_cat-fidovet","7":"product_cat-wet-food","8":"product_cat-wowow","9":"","11":"first","12":"instock","13":"shipping-taxable","14":"purchasable","15":"product-type-simple"},"yoast_head":"<!-- This site is optimized with the Yoast SEO plugin v27.3 - https:\/\/yoast.com\/product\/yoast-seo-wordpress\/ -->\n<title>Wowow Dinde avec riz et tomate \u2013 Adulte \u2013 400 g<\/title>\n<meta name=\"description\" content=\"Complete and balanced wet food for adult dogs of all sizes, made with real turkey, rice and tomato, enriched with patented CEC\u00ae formula with natural extracts to support immune defenses and overall health.\" \/>\n<meta name=\"robots\" content=\"index, follow, max-snippet:-1, max-image-preview:large, max-video-preview:-1\" \/>\n<link rel=\"canonical\" href=\"https:\/\/fidovetnorthamerica.com\/fr\/product\/wowow-turkey-with-rice-and-tomato-400-g\/\" \/>\n<meta property=\"og:locale\" content=\"fr_CA\" \/>\n<meta property=\"og:locale:alternate\" content=\"en_US\" \/>\n<meta property=\"og:type\" content=\"article\" \/>\n<meta property=\"og:title\" content=\"Wowow Dinde avec riz et tomate \u2013 Adulte \u2013 400 g\" \/>\n<meta property=\"og:description\" content=\"Complete and balanced wet food for adult dogs of all sizes, made with real turkey, rice and tomato, enriched with patented CEC\u00ae formula with natural extracts to support immune defenses and overall health.\" \/>\n<meta property=\"og:url\" content=\"https:\/\/fidovetnorthamerica.com\/fr\/product\/wowow-turkey-with-rice-and-tomato-400-g\/\" \/>\n<meta property=\"og:site_name\" content=\"Fidovet North America\" \/>\n<meta property=\"article:modified_time\" content=\"2026-01-30T08:51:18+00:00\" \/>\n<meta property=\"og:image\" content=\"https:\/\/fidovetnorthamerica.com\/wp-content\/uploads\/2026\/01\/tacchino-riso_1-1.png\" \/>\n\t<meta property=\"og:image:width\" content=\"600\" \/>\n\t<meta property=\"og:image:height\" content=\"600\" \/>\n\t<meta property=\"og:image:type\" content=\"image\/png\" \/>\n<meta name=\"twitter:card\" content=\"summary_large_image\" \/>\n<meta name=\"twitter:label1\" content=\"Estimation du temps de lecture\" \/>\n\t<meta name=\"twitter:data1\" content=\"1 minute\" \/>\n<script type=\"application\/ld+json\" class=\"yoast-schema-graph\">{\"@context\":\"https:\\\/\\\/schema.org\",\"@graph\":[{\"@type\":\"WebPage\",\"@id\":\"https:\\\/\\\/fidovetnorthamerica.com\\\/product\\\/wowow-turkey-with-rice-and-tomato-400-g\\\/\",\"url\":\"https:\\\/\\\/fidovetnorthamerica.com\\\/product\\\/wowow-turkey-with-rice-and-tomato-400-g\\\/\",\"name\":\"Wowow Dinde avec riz et tomate \u2013 Adulte \u2013 400 g\",\"isPartOf\":{\"@id\":\"https:\\\/\\\/fidovetnorthamerica.com\\\/#website\"},\"primaryImageOfPage\":{\"@id\":\"https:\\\/\\\/fidovetnorthamerica.com\\\/product\\\/wowow-turkey-with-rice-and-tomato-400-g\\\/#primaryimage\"},\"image\":{\"@id\":\"https:\\\/\\\/fidovetnorthamerica.com\\\/product\\\/wowow-turkey-with-rice-and-tomato-400-g\\\/#primaryimage\"},\"thumbnailUrl\":\"https:\\\/\\\/fidovetnorthamerica.com\\\/wp-content\\\/uploads\\\/2026\\\/01\\\/tacchino-riso_1-1.png\",\"datePublished\":\"2026-01-29T12:18:51+00:00\",\"dateModified\":\"2026-01-30T08:51:18+00:00\",\"description\":\"Complete and balanced wet food for adult dogs of all sizes, made with real turkey, rice and tomato, enriched with patented CEC\u00ae formula with natural extracts to support immune defenses and overall health.\",\"breadcrumb\":{\"@id\":\"https:\\\/\\\/fidovetnorthamerica.com\\\/product\\\/wowow-turkey-with-rice-and-tomato-400-g\\\/#breadcrumb\"},\"inLanguage\":\"FR\",\"potentialAction\":[{\"@type\":\"ReadAction\",\"target\":[\"https:\\\/\\\/fidovetnorthamerica.com\\\/product\\\/wowow-turkey-with-rice-and-tomato-400-g\\\/\"]}]},{\"@type\":\"ImageObject\",\"inLanguage\":\"FR\",\"@id\":\"https:\\\/\\\/fidovetnorthamerica.com\\\/product\\\/wowow-turkey-with-rice-and-tomato-400-g\\\/#primaryimage\",\"url\":\"https:\\\/\\\/fidovetnorthamerica.com\\\/wp-content\\\/uploads\\\/2026\\\/01\\\/tacchino-riso_1-1.png\",\"contentUrl\":\"https:\\\/\\\/fidovetnorthamerica.com\\\/wp-content\\\/uploads\\\/2026\\\/01\\\/tacchino-riso_1-1.png\",\"width\":600,\"height\":600},{\"@type\":\"BreadcrumbList\",\"@id\":\"https:\\\/\\\/fidovetnorthamerica.com\\\/product\\\/wowow-turkey-with-rice-and-tomato-400-g\\\/#breadcrumb\",\"itemListElement\":[{\"@type\":\"ListItem\",\"position\":1,\"name\":\"Home\",\"item\":\"https:\\\/\\\/fidovetnorthamerica.com\\\/fr\\\/\"},{\"@type\":\"ListItem\",\"position\":2,\"name\":\"Shop\",\"item\":\"https:\\\/\\\/fidovetnorthamerica.com\\\/negozio\\\/\"},{\"@type\":\"ListItem\",\"position\":3,\"name\":\"Wowow Turkey with Rice and Tomato &#8211; Adult &#8211; 400 g\"}]},{\"@type\":\"WebSite\",\"@id\":\"https:\\\/\\\/fidovetnorthamerica.com\\\/#website\",\"url\":\"https:\\\/\\\/fidovetnorthamerica.com\\\/\",\"name\":\"Fidovet North America\",\"description\":\"\",\"potentialAction\":[{\"@type\":\"SearchAction\",\"target\":{\"@type\":\"EntryPoint\",\"urlTemplate\":\"https:\\\/\\\/fidovetnorthamerica.com\\\/?s={search_term_string}\"},\"query-input\":{\"@type\":\"PropertyValueSpecification\",\"valueRequired\":true,\"valueName\":\"search_term_string\"}}],\"inLanguage\":\"FR\"}]}<\/script>\n<!-- \/ Yoast SEO plugin. -->","yoast_head_json":{"title":"Wowow Dinde avec riz et tomate \u2013 Adulte \u2013 400 g","description":"Complete and balanced wet food for adult dogs of all sizes, made with real turkey, rice and tomato, enriched with patented CEC\u00ae formula with natural extracts to support immune defenses and overall health.","robots":{"index":"index","follow":"follow","max-snippet":"max-snippet:-1","max-image-preview":"max-image-preview:large","max-video-preview":"max-video-preview:-1"},"canonical":"https:\/\/fidovetnorthamerica.com\/fr\/product\/wowow-turkey-with-rice-and-tomato-400-g\/","og_locale":"fr_CA","og_type":"article","og_title":"[:en]Wowow Turkey with Rice and Tomato - Adult - 400 g[:fr]Wowow Dinde avec riz et tomate \u2013 Adulte \u2013 400 g[:] - Fidovet North America","og_description":"Complete and balanced wet food for adult dogs of all sizes, made with real turkey, rice and tomato, enriched with patented CEC\u00ae formula with natural extracts to support immune defenses and overall health.","og_url":"https:\/\/fidovetnorthamerica.com\/fr\/product\/wowow-turkey-with-rice-and-tomato-400-g\/","og_site_name":"Fidovet North America","article_modified_time":"2026-01-30T08:51:18+00:00","og_image":[{"width":600,"height":600,"url":"https:\/\/fidovetnorthamerica.com\/wp-content\/uploads\/2026\/01\/tacchino-riso_1-1.png","type":"image\/png"}],"twitter_card":"summary_large_image","twitter_misc":{"Estimation du temps de lecture":"1 minute"},"schema":{"@context":"https:\/\/schema.org","@graph":[{"@type":"WebPage","@id":"https:\/\/fidovetnorthamerica.com\/product\/wowow-turkey-with-rice-and-tomato-400-g\/","url":"https:\/\/fidovetnorthamerica.com\/product\/wowow-turkey-with-rice-and-tomato-400-g\/","name":"Wowow Dinde avec riz et tomate \u2013 Adulte \u2013 400 g","isPartOf":{"@id":"https:\/\/fidovetnorthamerica.com\/#website"},"primaryImageOfPage":{"@id":"https:\/\/fidovetnorthamerica.com\/product\/wowow-turkey-with-rice-and-tomato-400-g\/#primaryimage"},"image":{"@id":"https:\/\/fidovetnorthamerica.com\/product\/wowow-turkey-with-rice-and-tomato-400-g\/#primaryimage"},"thumbnailUrl":"https:\/\/fidovetnorthamerica.com\/wp-content\/uploads\/2026\/01\/tacchino-riso_1-1.png","datePublished":"2026-01-29T12:18:51+00:00","dateModified":"2026-01-30T08:51:18+00:00","description":"Complete and balanced wet food for adult dogs of all sizes, made with real turkey, rice and tomato, enriched with patented CEC\u00ae formula with natural extracts to support immune defenses and overall health.","breadcrumb":{"@id":"https:\/\/fidovetnorthamerica.com\/product\/wowow-turkey-with-rice-and-tomato-400-g\/#breadcrumb"},"inLanguage":"FR","potentialAction":[{"@type":"ReadAction","target":["https:\/\/fidovetnorthamerica.com\/product\/wowow-turkey-with-rice-and-tomato-400-g\/"]}]},{"@type":"ImageObject","inLanguage":"FR","@id":"https:\/\/fidovetnorthamerica.com\/product\/wowow-turkey-with-rice-and-tomato-400-g\/#primaryimage","url":"https:\/\/fidovetnorthamerica.com\/wp-content\/uploads\/2026\/01\/tacchino-riso_1-1.png","contentUrl":"https:\/\/fidovetnorthamerica.com\/wp-content\/uploads\/2026\/01\/tacchino-riso_1-1.png","width":600,"height":600},{"@type":"BreadcrumbList","@id":"https:\/\/fidovetnorthamerica.com\/product\/wowow-turkey-with-rice-and-tomato-400-g\/#breadcrumb","itemListElement":[{"@type":"ListItem","position":1,"name":"Home","item":"https:\/\/fidovetnorthamerica.com\/fr\/"},{"@type":"ListItem","position":2,"name":"Shop","item":"https:\/\/fidovetnorthamerica.com\/negozio\/"},{"@type":"ListItem","position":3,"name":"Wowow Turkey with Rice and Tomato &#8211; Adult &#8211; 400 g"}]},{"@type":"WebSite","@id":"https:\/\/fidovetnorthamerica.com\/#website","url":"https:\/\/fidovetnorthamerica.com\/","name":"Fidovet North America","description":"","potentialAction":[{"@type":"SearchAction","target":{"@type":"EntryPoint","urlTemplate":"https:\/\/fidovetnorthamerica.com\/?s={search_term_string}"},"query-input":{"@type":"PropertyValueSpecification","valueRequired":true,"valueName":"search_term_string"}}],"inLanguage":"FR"}]}},"_links":{"self":[{"href":"https:\/\/fidovetnorthamerica.com\/fr\/wp-json\/wp\/v2\/product\/1579","targetHints":{"allow":["GET"]}}],"collection":[{"href":"https:\/\/fidovetnorthamerica.com\/fr\/wp-json\/wp\/v2\/product"}],"about":[{"href":"https:\/\/fidovetnorthamerica.com\/fr\/wp-json\/wp\/v2\/types\/product"}],"replies":[{"embeddable":true,"href":"https:\/\/fidovetnorthamerica.com\/fr\/wp-json\/wp\/v2\/comments?post=1579"}],"wp:featuredmedia":[{"embeddable":true,"href":"https:\/\/fidovetnorthamerica.com\/fr\/wp-json\/wp\/v2\/media\/1730"}],"wp:attachment":[{"href":"https:\/\/fidovetnorthamerica.com\/fr\/wp-json\/wp\/v2\/media?parent=1579"}],"wp:term":[{"taxonomy":"product_brand","embeddable":true,"href":"https:\/\/fidovetnorthamerica.com\/fr\/wp-json\/wp\/v2\/product_brand?post=1579"},{"taxonomy":"product_cat","embeddable":true,"href":"https:\/\/fidovetnorthamerica.com\/fr\/wp-json\/wp\/v2\/product_cat?post=1579"},{"taxonomy":"product_tag","embeddable":true,"href":"https:\/\/fidovetnorthamerica.com\/fr\/wp-json\/wp\/v2\/product_tag?post=1579"}],"curies":[{"name":"wp","href":"https:\/\/api.w.org\/{rel}","templated":true}]}}