{"id":1581,"date":"2026-01-08T14:58:03","date_gmt":"2026-01-08T14:58:03","guid":{"rendered":"https:\/\/fidovet-na.com\/?post_type=product&#038;p=1581"},"modified":"2026-01-30T10:11:31","modified_gmt":"2026-01-30T10:11:31","slug":"cod-liver-oil-125ml","status":"publish","type":"product","link":"https:\/\/fidovetnorthamerica.com\/fr\/product\/cod-liver-oil-125ml\/","title":{"rendered":"Huile de foie de morue \u2013 125 ml"},"content":{"rendered":"<h3><strong>Huile de foie de morue Fidovet \u2013 Soutien naturel pour la croissance et le bien-\u00eatre des chiens et des chats<\/strong><\/h3>\n<p>&nbsp;<\/p>\n<p><strong>L\u2019huile de foie de morue Fidovet<\/strong> est un compl\u00e9ment 100 % naturel, riche en nutriments essentiels pour le bien-\u00eatre quotidien des chiens et des chats. Gr\u00e2ce \u00e0 sa teneur \u00e9lev\u00e9e en <strong>vitamines liposolubles A, D3 et E<\/strong>, cette huile constitue un alli\u00e9 pr\u00e9cieux pour soutenir la vitalit\u00e9 de votre animal \u00e0 chaque \u00e9tape de sa vie.<\/p>\n<p>La <strong>vitamine A<\/strong> contribue au maintien d\u2019une peau normale et d\u2019une vision saine, tandis que la <strong>vitamine D3<\/strong> favorise un m\u00e9tabolisme normal du calcium. La <strong>vitamine E<\/strong>, reconnue pour son action antioxydante, aide \u00e0 prot\u00e9ger les cellules contre le stress oxydatif.<br \/>\nEnsemble, ces nutriments favorisent une croissance harmonieuse chez les chiots et les chatons et apportent un soutien utile au bien-\u00eatre articulaire des chiens et des chats adultes.<\/p>\n<p>&nbsp;<\/p>\n<h3><strong>Pourquoi choisir l\u2019huile de foie de morue Fidovet<\/strong><\/h3>\n<p>&nbsp;<\/p>\n<p>\u25cf 100 % naturelle<br \/>\n\u25cf Riche en vitamines A, D3 et E<br \/>\n\u25cf Soutien nutritionnel pour la croissance des chiens et des chats<br \/>\n\u25cf Contribue au bien-\u00eatre articulaire normal<br \/>\n\u25cf Go\u00fbt naturellement app\u00e9tent  <\/p>\n<p>&nbsp;<\/p>\n<h3><strong>Mode d\u2019emploi<\/strong><\/h3>\n<p>Pulv\u00e9riser directement sur l\u2019aliment humide ou sec :<br \/>\n<strong>1 pulv\u00e9risation pour 100 g d\u2019aliment<\/strong>.<\/p>\n<p>Facile \u00e0 utiliser et tr\u00e8s app\u00e9tente, elle peut \u00eatre int\u00e9gr\u00e9e \u00e0 l\u2019alimentation quotidienne afin d\u2019apporter un apport naturel en nutriments essentiels.<\/p>\n","protected":false},"excerpt":{"rendered":"<p><strong>L\u2019huile de foie de morue<\/strong> est un compl\u00e9ment naturel pour chiens et chats, riche en vitamines A, D3 et E ainsi qu\u2019en acides gras essentiels, con\u00e7u pour soutenir la sant\u00e9 de la peau, du pelage, des os et des articulations.<\/p>\n<p><strong>Mode d\u2019emploi :<\/strong> pulv\u00e9riser directement sur l\u2019aliment (humide ou sec), \u00e0 raison d\u2019<strong>une pulv\u00e9risation pour 100 g d\u2019aliment<\/strong>.<\/p>\n","protected":false},"featured_media":2306,"comment_status":"open","ping_status":"closed","template":"","meta":[],"product_brand":[],"product_cat":[15,102],"product_tag":[],"class_list":{"0":"post-1581","1":"product","2":"type-product","3":"status-publish","4":"has-post-thumbnail","6":"product_cat-fidovet","7":"product_cat-natural-oils","8":"","10":"first","11":"instock","12":"shipping-taxable","13":"purchasable","14":"product-type-simple"},"yoast_head":"<!-- This site is optimized with the Yoast SEO plugin v27.3 - https:\/\/yoast.com\/product\/yoast-seo-wordpress\/ -->\n<title>Huile de foie de morue \u2013 125 ml<\/title>\n<meta name=\"description\" content=\"Natural cod liver oil supplement for dogs and cats, rich in vitamins A, D3 and E and essential fatty acids to support healthy skin, coat, bones and joints. Easy to use\u2014spray directly onto wet or dry food, approximately one spray per 100 g of food.\" \/>\n<meta name=\"robots\" content=\"index, follow, max-snippet:-1, max-image-preview:large, max-video-preview:-1\" \/>\n<link rel=\"canonical\" href=\"https:\/\/fidovetnorthamerica.com\/fr\/product\/cod-liver-oil-125ml\/\" \/>\n<meta property=\"og:locale\" content=\"fr_CA\" \/>\n<meta property=\"og:locale:alternate\" content=\"en_US\" \/>\n<meta property=\"og:type\" content=\"article\" \/>\n<meta property=\"og:title\" content=\"Huile de foie de morue \u2013 125 ml\" \/>\n<meta property=\"og:description\" content=\"Natural cod liver oil supplement for dogs and cats, rich in vitamins A, D3 and E and essential fatty acids to support healthy skin, coat, bones and joints. Easy to use\u2014spray directly onto wet or dry food, approximately one spray per 100 g of food.\" \/>\n<meta property=\"og:url\" content=\"https:\/\/fidovetnorthamerica.com\/fr\/product\/cod-liver-oil-125ml\/\" \/>\n<meta property=\"og:site_name\" content=\"Fidovet North America\" \/>\n<meta property=\"article:modified_time\" content=\"2026-01-30T10:11:31+00:00\" \/>\n<meta property=\"og:image\" content=\"https:\/\/fidovetnorthamerica.com\/wp-content\/uploads\/2026\/01\/oliomerluzzo.png\" \/>\n\t<meta property=\"og:image:width\" content=\"600\" \/>\n\t<meta property=\"og:image:height\" content=\"600\" \/>\n\t<meta property=\"og:image:type\" content=\"image\/png\" \/>\n<meta name=\"twitter:card\" content=\"summary_large_image\" \/>\n<meta name=\"twitter:label1\" content=\"Estimation du temps de lecture\" \/>\n\t<meta name=\"twitter:data1\" content=\"2 minutes\" \/>\n<script type=\"application\/ld+json\" class=\"yoast-schema-graph\">{\"@context\":\"https:\\\/\\\/schema.org\",\"@graph\":[{\"@type\":\"WebPage\",\"@id\":\"https:\\\/\\\/fidovetnorthamerica.com\\\/product\\\/cod-liver-oil-125ml\\\/\",\"url\":\"https:\\\/\\\/fidovetnorthamerica.com\\\/product\\\/cod-liver-oil-125ml\\\/\",\"name\":\"Huile de foie de morue \u2013 125 ml\",\"isPartOf\":{\"@id\":\"https:\\\/\\\/fidovetnorthamerica.com\\\/#website\"},\"primaryImageOfPage\":{\"@id\":\"https:\\\/\\\/fidovetnorthamerica.com\\\/product\\\/cod-liver-oil-125ml\\\/#primaryimage\"},\"image\":{\"@id\":\"https:\\\/\\\/fidovetnorthamerica.com\\\/product\\\/cod-liver-oil-125ml\\\/#primaryimage\"},\"thumbnailUrl\":\"https:\\\/\\\/fidovetnorthamerica.com\\\/wp-content\\\/uploads\\\/2026\\\/01\\\/oliomerluzzo.png\",\"datePublished\":\"2026-01-08T14:58:03+00:00\",\"dateModified\":\"2026-01-30T10:11:31+00:00\",\"description\":\"Natural cod liver oil supplement for dogs and cats, rich in vitamins A, D3 and E and essential fatty acids to support healthy skin, coat, bones and joints. Easy to use\u2014spray directly onto wet or dry food, approximately one spray per 100 g of food.\",\"breadcrumb\":{\"@id\":\"https:\\\/\\\/fidovetnorthamerica.com\\\/product\\\/cod-liver-oil-125ml\\\/#breadcrumb\"},\"inLanguage\":\"FR\",\"potentialAction\":[{\"@type\":\"ReadAction\",\"target\":[\"https:\\\/\\\/fidovetnorthamerica.com\\\/product\\\/cod-liver-oil-125ml\\\/\"]}]},{\"@type\":\"ImageObject\",\"inLanguage\":\"FR\",\"@id\":\"https:\\\/\\\/fidovetnorthamerica.com\\\/product\\\/cod-liver-oil-125ml\\\/#primaryimage\",\"url\":\"https:\\\/\\\/fidovetnorthamerica.com\\\/wp-content\\\/uploads\\\/2026\\\/01\\\/oliomerluzzo.png\",\"contentUrl\":\"https:\\\/\\\/fidovetnorthamerica.com\\\/wp-content\\\/uploads\\\/2026\\\/01\\\/oliomerluzzo.png\",\"width\":600,\"height\":600},{\"@type\":\"BreadcrumbList\",\"@id\":\"https:\\\/\\\/fidovetnorthamerica.com\\\/product\\\/cod-liver-oil-125ml\\\/#breadcrumb\",\"itemListElement\":[{\"@type\":\"ListItem\",\"position\":1,\"name\":\"Home\",\"item\":\"https:\\\/\\\/fidovetnorthamerica.com\\\/fr\\\/\"},{\"@type\":\"ListItem\",\"position\":2,\"name\":\"Shop\",\"item\":\"https:\\\/\\\/fidovetnorthamerica.com\\\/negozio\\\/\"},{\"@type\":\"ListItem\",\"position\":3,\"name\":\"Cod Liver Oil &#8211; 125ml\"}]},{\"@type\":\"WebSite\",\"@id\":\"https:\\\/\\\/fidovetnorthamerica.com\\\/#website\",\"url\":\"https:\\\/\\\/fidovetnorthamerica.com\\\/\",\"name\":\"Fidovet North America\",\"description\":\"\",\"potentialAction\":[{\"@type\":\"SearchAction\",\"target\":{\"@type\":\"EntryPoint\",\"urlTemplate\":\"https:\\\/\\\/fidovetnorthamerica.com\\\/?s={search_term_string}\"},\"query-input\":{\"@type\":\"PropertyValueSpecification\",\"valueRequired\":true,\"valueName\":\"search_term_string\"}}],\"inLanguage\":\"FR\"}]}<\/script>\n<!-- \/ Yoast SEO plugin. -->","yoast_head_json":{"title":"Huile de foie de morue \u2013 125 ml","description":"Natural cod liver oil supplement for dogs and cats, rich in vitamins A, D3 and E and essential fatty acids to support healthy skin, coat, bones and joints. Easy to use\u2014spray directly onto wet or dry food, approximately one spray per 100 g of food.","robots":{"index":"index","follow":"follow","max-snippet":"max-snippet:-1","max-image-preview":"max-image-preview:large","max-video-preview":"max-video-preview:-1"},"canonical":"https:\/\/fidovetnorthamerica.com\/fr\/product\/cod-liver-oil-125ml\/","og_locale":"fr_CA","og_type":"article","og_title":"[:en]Cod Liver Oil - 125ml[:fr]Huile de foie de morue \u2013 125 ml[:] - Fidovet North America","og_description":"Natural cod liver oil supplement for dogs and cats, rich in vitamins A, D3 and E and essential fatty acids to support healthy skin, coat, bones and joints. Easy to use\u2014spray directly onto wet or dry food, approximately one spray per 100 g of food.","og_url":"https:\/\/fidovetnorthamerica.com\/fr\/product\/cod-liver-oil-125ml\/","og_site_name":"Fidovet North America","article_modified_time":"2026-01-30T10:11:31+00:00","og_image":[{"width":600,"height":600,"url":"https:\/\/fidovetnorthamerica.com\/wp-content\/uploads\/2026\/01\/oliomerluzzo.png","type":"image\/png"}],"twitter_card":"summary_large_image","twitter_misc":{"Estimation du temps de lecture":"2 minutes"},"schema":{"@context":"https:\/\/schema.org","@graph":[{"@type":"WebPage","@id":"https:\/\/fidovetnorthamerica.com\/product\/cod-liver-oil-125ml\/","url":"https:\/\/fidovetnorthamerica.com\/product\/cod-liver-oil-125ml\/","name":"Huile de foie de morue \u2013 125 ml","isPartOf":{"@id":"https:\/\/fidovetnorthamerica.com\/#website"},"primaryImageOfPage":{"@id":"https:\/\/fidovetnorthamerica.com\/product\/cod-liver-oil-125ml\/#primaryimage"},"image":{"@id":"https:\/\/fidovetnorthamerica.com\/product\/cod-liver-oil-125ml\/#primaryimage"},"thumbnailUrl":"https:\/\/fidovetnorthamerica.com\/wp-content\/uploads\/2026\/01\/oliomerluzzo.png","datePublished":"2026-01-08T14:58:03+00:00","dateModified":"2026-01-30T10:11:31+00:00","description":"Natural cod liver oil supplement for dogs and cats, rich in vitamins A, D3 and E and essential fatty acids to support healthy skin, coat, bones and joints. Easy to use\u2014spray directly onto wet or dry food, approximately one spray per 100 g of food.","breadcrumb":{"@id":"https:\/\/fidovetnorthamerica.com\/product\/cod-liver-oil-125ml\/#breadcrumb"},"inLanguage":"FR","potentialAction":[{"@type":"ReadAction","target":["https:\/\/fidovetnorthamerica.com\/product\/cod-liver-oil-125ml\/"]}]},{"@type":"ImageObject","inLanguage":"FR","@id":"https:\/\/fidovetnorthamerica.com\/product\/cod-liver-oil-125ml\/#primaryimage","url":"https:\/\/fidovetnorthamerica.com\/wp-content\/uploads\/2026\/01\/oliomerluzzo.png","contentUrl":"https:\/\/fidovetnorthamerica.com\/wp-content\/uploads\/2026\/01\/oliomerluzzo.png","width":600,"height":600},{"@type":"BreadcrumbList","@id":"https:\/\/fidovetnorthamerica.com\/product\/cod-liver-oil-125ml\/#breadcrumb","itemListElement":[{"@type":"ListItem","position":1,"name":"Home","item":"https:\/\/fidovetnorthamerica.com\/fr\/"},{"@type":"ListItem","position":2,"name":"Shop","item":"https:\/\/fidovetnorthamerica.com\/negozio\/"},{"@type":"ListItem","position":3,"name":"Cod Liver Oil &#8211; 125ml"}]},{"@type":"WebSite","@id":"https:\/\/fidovetnorthamerica.com\/#website","url":"https:\/\/fidovetnorthamerica.com\/","name":"Fidovet North America","description":"","potentialAction":[{"@type":"SearchAction","target":{"@type":"EntryPoint","urlTemplate":"https:\/\/fidovetnorthamerica.com\/?s={search_term_string}"},"query-input":{"@type":"PropertyValueSpecification","valueRequired":true,"valueName":"search_term_string"}}],"inLanguage":"FR"}]}},"_links":{"self":[{"href":"https:\/\/fidovetnorthamerica.com\/fr\/wp-json\/wp\/v2\/product\/1581","targetHints":{"allow":["GET"]}}],"collection":[{"href":"https:\/\/fidovetnorthamerica.com\/fr\/wp-json\/wp\/v2\/product"}],"about":[{"href":"https:\/\/fidovetnorthamerica.com\/fr\/wp-json\/wp\/v2\/types\/product"}],"replies":[{"embeddable":true,"href":"https:\/\/fidovetnorthamerica.com\/fr\/wp-json\/wp\/v2\/comments?post=1581"}],"wp:featuredmedia":[{"embeddable":true,"href":"https:\/\/fidovetnorthamerica.com\/fr\/wp-json\/wp\/v2\/media\/2306"}],"wp:attachment":[{"href":"https:\/\/fidovetnorthamerica.com\/fr\/wp-json\/wp\/v2\/media?parent=1581"}],"wp:term":[{"taxonomy":"product_brand","embeddable":true,"href":"https:\/\/fidovetnorthamerica.com\/fr\/wp-json\/wp\/v2\/product_brand?post=1581"},{"taxonomy":"product_cat","embeddable":true,"href":"https:\/\/fidovetnorthamerica.com\/fr\/wp-json\/wp\/v2\/product_cat?post=1581"},{"taxonomy":"product_tag","embeddable":true,"href":"https:\/\/fidovetnorthamerica.com\/fr\/wp-json\/wp\/v2\/product_tag?post=1581"}],"curies":[{"name":"wp","href":"https:\/\/api.w.org\/{rel}","templated":true}]}}