{"id":1584,"date":"2026-01-08T14:58:03","date_gmt":"2026-01-08T14:58:03","guid":{"rendered":"https:\/\/fidovet-na.com\/?post_type=product&#038;p=1584"},"modified":"2026-01-30T12:24:06","modified_gmt":"2026-01-30T12:24:06","slug":"gelato-for-dogs","status":"publish","type":"product","link":"https:\/\/fidovetnorthamerica.com\/fr\/product\/gelato-for-dogs\/","title":{"rendered":"Glace pour chiens"},"content":{"rendered":"<h3><strong>Fidovet Ice Cream \u2013 La v\u00e9ritable glace italienne pour chiens, unique en son genre.<\/strong><\/h3>\n<p>Fidovet r\u00e9volutionne l\u2019univers des snacks pour chiens avec la premi\u00e8re v\u00e9ritable <strong>glace Made in Italy<\/strong> d\u00e9di\u00e9e \u00e0 nos amis \u00e0 quatre pattes. Un produit <strong>v\u00e9ritablement unique sur le march\u00e9 international<\/strong>, con\u00e7u pour offrir une exp\u00e9rience fra\u00eeche, saine et irr\u00e9sistible.<\/p>\n<p>Gr\u00e2ce \u00e0 sa <strong>formule innovante brevet\u00e9e \u00e0 l\u2019international<\/strong> (brevet n\u00b0 102023000002232), la glace Fidovet <strong>ne n\u00e9cessite pas de cha\u00eene du froid<\/strong> : elle se conserve <strong>hors r\u00e9frig\u00e9rateur<\/strong>, est facile \u00e0 stocker, pratique \u00e0 transporter et parfaite \u00e0 pr\u00e9parer \u00e0 tout moment.<\/p>\n<p>La qualit\u00e9 est au c\u0153ur du projet Fidovet : nous utilisons de <strong>vrais fruits lyophilis\u00e9s<\/strong>, sans ar\u00f4mes artificiels, afin de garantir un go\u00fbt authentique et naturel. La pr\u00e9sence de <strong>vitamine E<\/strong>, en tant qu\u2019antioxydant naturel, rend le produit encore plus s\u00fbr et b\u00e9n\u00e9fique. Il s\u2019agit d\u2019un <strong>snack 100 % naturel et hautement app\u00e9tent<\/strong>, fruit de <strong>6 ann\u00e9es d\u2019\u00e9tudes et de tests<\/strong>, avec une formulation d\u00e9velopp\u00e9e gr\u00e2ce \u00e0 la recherche v\u00e9t\u00e9rinaire men\u00e9e par le <strong>Dr Giovanni Patruno<\/strong>.<\/p>\n<p>Avec une <strong>dur\u00e9e de conservation de 2 ans<\/strong> et une production r\u00e9alis\u00e9e enti\u00e8rement dans notre site certifi\u00e9 de <strong>San Benedetto del Tronto<\/strong>, Fidovet repr\u00e9sente une v\u00e9ritable <strong>excellence Made in Italy<\/strong> dans le secteur de l\u2019alimentation pour animaux.<\/p>\n<p><strong>Fidovet : la glace pour chiens qui allie innovation, qualit\u00e9 italienne et go\u00fbt authentique.<\/strong><\/p>\n<h3><strong>Comment la pr\u00e9parer<\/strong><\/h3>\n<p>La pr\u00e9paration est tr\u00e8s simple : <strong>ajouter de l\u2019eau jusqu\u2019au rep\u00e8re de niveau n\u00b0 3, fermer herm\u00e9tiquement le bouchon, agiter jusqu\u2019\u00e0 l\u2019obtention d\u2019un m\u00e9lange homog\u00e8ne, puis laisser reposer au cong\u00e9lateur pendant environ 3 heures<\/strong>.<br \/>\nEn quelques \u00e9tapes seulement, vous obtiendrez une glace cr\u00e9meuse et naturelle, pr\u00eate \u00e0 \u00eatre servie \u00e0 votre chien.<\/p>\n","protected":false},"excerpt":{"rendered":"<p><strong>La glace Fidovet pour chiens<\/strong> est une friandise fra\u00eeche et naturelle, \u00e9labor\u00e9e avec des ingr\u00e9dients <strong>100 % biologiques, de qualit\u00e9 alimentaire humaine<\/strong>, con\u00e7ue pour offrir \u00e0 votre chien un moment de plaisir et de bien-\u00eatre.<br \/>\nIl suffit d\u2019ajouter de l\u2019eau, de m\u00e9langer et de placer au cong\u00e9lateur pendant 3 heures pour obtenir une glace cr\u00e9meuse, facilement digestible et adapt\u00e9e aux chiens de toutes tailles.<br \/>\nChaque sachet contient <strong>40 g de pr\u00e9paration en poudre<\/strong>, permettant de r\u00e9aliser <strong>110 g de glace pr\u00eate \u00e0 servir<\/strong>.<\/p>\n","protected":false},"featured_media":1701,"comment_status":"open","ping_status":"closed","template":"","meta":[],"product_brand":[],"product_cat":[15,76],"product_tag":[],"class_list":{"0":"post-1584","1":"product","2":"type-product","3":"status-publish","4":"has-post-thumbnail","6":"product_cat-fidovet","7":"product_cat-fresh-snacks","8":"","10":"first","11":"instock","12":"shipping-taxable","13":"purchasable","14":"product-type-simple"},"yoast_head":"<!-- This site is optimized with the Yoast SEO plugin v27.3 - https:\/\/yoast.com\/product\/yoast-seo-wordpress\/ -->\n<title>Glace pour chiens<\/title>\n<meta name=\"description\" content=\"Natural ice cream for dogs made with 100% organic, human-grade ingredients, designed to offer a tasty moment of well-being. Easy to prepare\u2014just add water, mix and freeze for 3 hours\u2014each 40 g powdered mix makes 110 g of creamy, dog-friendly ice cream suitable for all sizes.\" \/>\n<meta name=\"robots\" content=\"index, follow, max-snippet:-1, max-image-preview:large, max-video-preview:-1\" \/>\n<link rel=\"canonical\" href=\"https:\/\/fidovetnorthamerica.com\/fr\/product\/gelato-for-dogs\/\" \/>\n<meta property=\"og:locale\" content=\"fr_CA\" \/>\n<meta property=\"og:locale:alternate\" content=\"en_US\" \/>\n<meta property=\"og:type\" content=\"article\" \/>\n<meta property=\"og:title\" content=\"Glace pour chiens\" \/>\n<meta property=\"og:description\" content=\"Natural ice cream for dogs made with 100% organic, human-grade ingredients, designed to offer a tasty moment of well-being. Easy to prepare\u2014just add water, mix and freeze for 3 hours\u2014each 40 g powdered mix makes 110 g of creamy, dog-friendly ice cream suitable for all sizes.\" \/>\n<meta property=\"og:url\" content=\"https:\/\/fidovetnorthamerica.com\/fr\/product\/gelato-for-dogs\/\" \/>\n<meta property=\"og:site_name\" content=\"Fidovet North America\" \/>\n<meta property=\"article:modified_time\" content=\"2026-01-30T12:24:06+00:00\" \/>\n<meta property=\"og:image\" content=\"https:\/\/fidovetnorthamerica.com\/wp-content\/uploads\/2026\/01\/fidovet-gelato-ananas-v1-2.jpeg\" \/>\n\t<meta property=\"og:image:width\" content=\"600\" \/>\n\t<meta property=\"og:image:height\" content=\"600\" \/>\n\t<meta property=\"og:image:type\" content=\"image\/jpeg\" \/>\n<meta name=\"twitter:card\" content=\"summary_large_image\" \/>\n<meta name=\"twitter:label1\" content=\"Estimation du temps de lecture\" \/>\n\t<meta name=\"twitter:data1\" content=\"2 minutes\" \/>\n<script type=\"application\/ld+json\" class=\"yoast-schema-graph\">{\"@context\":\"https:\\\/\\\/schema.org\",\"@graph\":[{\"@type\":\"WebPage\",\"@id\":\"https:\\\/\\\/fidovetnorthamerica.com\\\/product\\\/gelato-for-dogs\\\/\",\"url\":\"https:\\\/\\\/fidovetnorthamerica.com\\\/product\\\/gelato-for-dogs\\\/\",\"name\":\"Glace pour chiens\",\"isPartOf\":{\"@id\":\"https:\\\/\\\/fidovetnorthamerica.com\\\/#website\"},\"primaryImageOfPage\":{\"@id\":\"https:\\\/\\\/fidovetnorthamerica.com\\\/product\\\/gelato-for-dogs\\\/#primaryimage\"},\"image\":{\"@id\":\"https:\\\/\\\/fidovetnorthamerica.com\\\/product\\\/gelato-for-dogs\\\/#primaryimage\"},\"thumbnailUrl\":\"https:\\\/\\\/fidovetnorthamerica.com\\\/wp-content\\\/uploads\\\/2026\\\/01\\\/fidovet-gelato-ananas-v1-2.jpeg\",\"datePublished\":\"2026-01-08T14:58:03+00:00\",\"dateModified\":\"2026-01-30T12:24:06+00:00\",\"description\":\"Natural ice cream for dogs made with 100% organic, human-grade ingredients, designed to offer a tasty moment of well-being. Easy to prepare\u2014just add water, mix and freeze for 3 hours\u2014each 40 g powdered mix makes 110 g of creamy, dog-friendly ice cream suitable for all sizes.\",\"breadcrumb\":{\"@id\":\"https:\\\/\\\/fidovetnorthamerica.com\\\/product\\\/gelato-for-dogs\\\/#breadcrumb\"},\"inLanguage\":\"FR\",\"potentialAction\":[{\"@type\":\"ReadAction\",\"target\":[\"https:\\\/\\\/fidovetnorthamerica.com\\\/product\\\/gelato-for-dogs\\\/\"]}]},{\"@type\":\"ImageObject\",\"inLanguage\":\"FR\",\"@id\":\"https:\\\/\\\/fidovetnorthamerica.com\\\/product\\\/gelato-for-dogs\\\/#primaryimage\",\"url\":\"https:\\\/\\\/fidovetnorthamerica.com\\\/wp-content\\\/uploads\\\/2026\\\/01\\\/fidovet-gelato-ananas-v1-2.jpeg\",\"contentUrl\":\"https:\\\/\\\/fidovetnorthamerica.com\\\/wp-content\\\/uploads\\\/2026\\\/01\\\/fidovet-gelato-ananas-v1-2.jpeg\",\"width\":600,\"height\":600},{\"@type\":\"BreadcrumbList\",\"@id\":\"https:\\\/\\\/fidovetnorthamerica.com\\\/product\\\/gelato-for-dogs\\\/#breadcrumb\",\"itemListElement\":[{\"@type\":\"ListItem\",\"position\":1,\"name\":\"Home\",\"item\":\"https:\\\/\\\/fidovetnorthamerica.com\\\/fr\\\/\"},{\"@type\":\"ListItem\",\"position\":2,\"name\":\"Shop\",\"item\":\"https:\\\/\\\/fidovetnorthamerica.com\\\/negozio\\\/\"},{\"@type\":\"ListItem\",\"position\":3,\"name\":\"Gelato for Dogs\"}]},{\"@type\":\"WebSite\",\"@id\":\"https:\\\/\\\/fidovetnorthamerica.com\\\/#website\",\"url\":\"https:\\\/\\\/fidovetnorthamerica.com\\\/\",\"name\":\"Fidovet North America\",\"description\":\"\",\"potentialAction\":[{\"@type\":\"SearchAction\",\"target\":{\"@type\":\"EntryPoint\",\"urlTemplate\":\"https:\\\/\\\/fidovetnorthamerica.com\\\/?s={search_term_string}\"},\"query-input\":{\"@type\":\"PropertyValueSpecification\",\"valueRequired\":true,\"valueName\":\"search_term_string\"}}],\"inLanguage\":\"FR\"}]}<\/script>\n<!-- \/ Yoast SEO plugin. -->","yoast_head_json":{"title":"Glace pour chiens","description":"Natural ice cream for dogs made with 100% organic, human-grade ingredients, designed to offer a tasty moment of well-being. Easy to prepare\u2014just add water, mix and freeze for 3 hours\u2014each 40 g powdered mix makes 110 g of creamy, dog-friendly ice cream suitable for all sizes.","robots":{"index":"index","follow":"follow","max-snippet":"max-snippet:-1","max-image-preview":"max-image-preview:large","max-video-preview":"max-video-preview:-1"},"canonical":"https:\/\/fidovetnorthamerica.com\/fr\/product\/gelato-for-dogs\/","og_locale":"fr_CA","og_type":"article","og_title":"[:en]Gelato for Dogs[:fr]Glace pour chiens[:] - Fidovet North America","og_description":"Natural ice cream for dogs made with 100% organic, human-grade ingredients, designed to offer a tasty moment of well-being. Easy to prepare\u2014just add water, mix and freeze for 3 hours\u2014each 40 g powdered mix makes 110 g of creamy, dog-friendly ice cream suitable for all sizes.","og_url":"https:\/\/fidovetnorthamerica.com\/fr\/product\/gelato-for-dogs\/","og_site_name":"Fidovet North America","article_modified_time":"2026-01-30T12:24:06+00:00","og_image":[{"width":600,"height":600,"url":"https:\/\/fidovetnorthamerica.com\/wp-content\/uploads\/2026\/01\/fidovet-gelato-ananas-v1-2.jpeg","type":"image\/jpeg"}],"twitter_card":"summary_large_image","twitter_misc":{"Estimation du temps de lecture":"2 minutes"},"schema":{"@context":"https:\/\/schema.org","@graph":[{"@type":"WebPage","@id":"https:\/\/fidovetnorthamerica.com\/product\/gelato-for-dogs\/","url":"https:\/\/fidovetnorthamerica.com\/product\/gelato-for-dogs\/","name":"Glace pour chiens","isPartOf":{"@id":"https:\/\/fidovetnorthamerica.com\/#website"},"primaryImageOfPage":{"@id":"https:\/\/fidovetnorthamerica.com\/product\/gelato-for-dogs\/#primaryimage"},"image":{"@id":"https:\/\/fidovetnorthamerica.com\/product\/gelato-for-dogs\/#primaryimage"},"thumbnailUrl":"https:\/\/fidovetnorthamerica.com\/wp-content\/uploads\/2026\/01\/fidovet-gelato-ananas-v1-2.jpeg","datePublished":"2026-01-08T14:58:03+00:00","dateModified":"2026-01-30T12:24:06+00:00","description":"Natural ice cream for dogs made with 100% organic, human-grade ingredients, designed to offer a tasty moment of well-being. Easy to prepare\u2014just add water, mix and freeze for 3 hours\u2014each 40 g powdered mix makes 110 g of creamy, dog-friendly ice cream suitable for all sizes.","breadcrumb":{"@id":"https:\/\/fidovetnorthamerica.com\/product\/gelato-for-dogs\/#breadcrumb"},"inLanguage":"FR","potentialAction":[{"@type":"ReadAction","target":["https:\/\/fidovetnorthamerica.com\/product\/gelato-for-dogs\/"]}]},{"@type":"ImageObject","inLanguage":"FR","@id":"https:\/\/fidovetnorthamerica.com\/product\/gelato-for-dogs\/#primaryimage","url":"https:\/\/fidovetnorthamerica.com\/wp-content\/uploads\/2026\/01\/fidovet-gelato-ananas-v1-2.jpeg","contentUrl":"https:\/\/fidovetnorthamerica.com\/wp-content\/uploads\/2026\/01\/fidovet-gelato-ananas-v1-2.jpeg","width":600,"height":600},{"@type":"BreadcrumbList","@id":"https:\/\/fidovetnorthamerica.com\/product\/gelato-for-dogs\/#breadcrumb","itemListElement":[{"@type":"ListItem","position":1,"name":"Home","item":"https:\/\/fidovetnorthamerica.com\/fr\/"},{"@type":"ListItem","position":2,"name":"Shop","item":"https:\/\/fidovetnorthamerica.com\/negozio\/"},{"@type":"ListItem","position":3,"name":"Gelato for Dogs"}]},{"@type":"WebSite","@id":"https:\/\/fidovetnorthamerica.com\/#website","url":"https:\/\/fidovetnorthamerica.com\/","name":"Fidovet North America","description":"","potentialAction":[{"@type":"SearchAction","target":{"@type":"EntryPoint","urlTemplate":"https:\/\/fidovetnorthamerica.com\/?s={search_term_string}"},"query-input":{"@type":"PropertyValueSpecification","valueRequired":true,"valueName":"search_term_string"}}],"inLanguage":"FR"}]}},"_links":{"self":[{"href":"https:\/\/fidovetnorthamerica.com\/fr\/wp-json\/wp\/v2\/product\/1584","targetHints":{"allow":["GET"]}}],"collection":[{"href":"https:\/\/fidovetnorthamerica.com\/fr\/wp-json\/wp\/v2\/product"}],"about":[{"href":"https:\/\/fidovetnorthamerica.com\/fr\/wp-json\/wp\/v2\/types\/product"}],"replies":[{"embeddable":true,"href":"https:\/\/fidovetnorthamerica.com\/fr\/wp-json\/wp\/v2\/comments?post=1584"}],"wp:featuredmedia":[{"embeddable":true,"href":"https:\/\/fidovetnorthamerica.com\/fr\/wp-json\/wp\/v2\/media\/1701"}],"wp:attachment":[{"href":"https:\/\/fidovetnorthamerica.com\/fr\/wp-json\/wp\/v2\/media?parent=1584"}],"wp:term":[{"taxonomy":"product_brand","embeddable":true,"href":"https:\/\/fidovetnorthamerica.com\/fr\/wp-json\/wp\/v2\/product_brand?post=1584"},{"taxonomy":"product_cat","embeddable":true,"href":"https:\/\/fidovetnorthamerica.com\/fr\/wp-json\/wp\/v2\/product_cat?post=1584"},{"taxonomy":"product_tag","embeddable":true,"href":"https:\/\/fidovetnorthamerica.com\/fr\/wp-json\/wp\/v2\/product_tag?post=1584"}],"curies":[{"name":"wp","href":"https:\/\/api.w.org\/{rel}","templated":true}]}}